{"id":1425,"date":"2023-10-19T18:01:16","date_gmt":"2023-10-19T16:01:16","guid":{"rendered":"http:\/\/www.vikarbyn.com\/?page_id=1425"},"modified":"2023-11-01T16:19:08","modified_gmt":"2023-11-01T15:19:08","slug":"timmer-villa","status":"publish","type":"page","link":"https:\/\/www.vikarbyn.com\/de\/timmer-villa\/","title":{"rendered":"TIMMER VILLA"},"content":{"rendered":"<p>[et_pb_section bb_built=&#8221;1&#8243; admin_label=&#8221;section&#8221;][et_pb_row admin_label=&#8221;row&#8221;][et_pb_column type=&#8221;1_2&#8243;][et_pb_text admin_label=&#8221;Text&#8221; background_layout=&#8221;light&#8221; text_orientation=&#8221;left&#8221; use_border_color=&#8221;off&#8221; border_color=&#8221;#ffffff&#8221; border_style=&#8221;solid&#8221;]<\/p>\n<h1>TIMMER VILLA 80 kvm 6 b\u00e4ddar<\/h1>\n<p>Timmerstuga\u00a0<a href=\"http:\/\/www2.vikarbyn.com\/timmerstuga\/\">p\u00e5<\/a>\u00a0egen tomt centralt i Vikarbyn. Utsikt \u00f6ver Siljan. 80 kvm. Allrum\u00a0med\u00a0dubbels\u00e4ng. Sovrum med v\u00e5ningss\u00e4ng. Storstuga med k\u00f6k och matplats, TV. K\u00f6ksavdelning: elspis, kyl, mikro, kaffebryggare, vattenkokare. WC, dusch. Uteplats med m\u00f6bler och grill. Bad: ca 500 m Siljan.<\/p>\n<p><strong>Hyra<\/strong><\/p>\n<p>vecka 10,500 kr<br \/>\nnatt 1,950 kr<\/p>\n<p>[\/et_pb_text][\/et_pb_column][et_pb_column type=&#8221;1_2&#8243;][et_pb_image admin_label=&#8221;Image&#8221; url_new_window=&#8221;off&#8221; animation=&#8221;left&#8221; src=&#8221;http:\/\/www.vikarbyn.com\/wp-content\/uploads\/Kusinens-Stuga-7280218.jpg&#8221; \/][\/et_pb_column][\/et_pb_row][\/et_pb_section][et_pb_section bb_built=&#8221;1&#8243; admin_label=&#8221;section&#8221; fullwidth=&#8221;off&#8221; background_color=&#8221;#d8c9aa&#8221; inner_shadow=&#8221;on&#8221; parallax=&#8221;off&#8221;][et_pb_row admin_label=&#8221;row&#8221;][et_pb_column type=&#8221;4_4&#8243;][et_pb_text admin_label=&#8221;Fler bilder&#8221; background_layout=&#8221;light&#8221; text_orientation=&#8221;left&#8221; module_class=&#8221;moreimages&#8221; use_border_color=&#8221;off&#8221; border_color=&#8221;#ffffff&#8221; border_style=&#8221;solid&#8221;]<\/p>\n<h2>Bilder Timmervilla<\/h2>\n<p><a href=\"http:\/\/www.vikarbyn.com\/wp-content\/uploads\/IMG_5882.jpg\" data-rel=\"lightbox-gallery-CD2Yb1F7\" data-rl_title=\"\" data-rl_caption=\"\" title=\"\"><img loading=\"lazy\" decoding=\"async\" class=\"alignnone size-medium wp-image-2967\" src=\"http:\/\/www.vikarbyn.com\/wp-content\/uploads\/IMG_5882-450x338.jpg\" alt=\"\" width=\"450\" height=\"338\" srcset=\"https:\/\/www.vikarbyn.com\/wp-content\/uploads\/IMG_5882-450x338.jpg 450w, https:\/\/www.vikarbyn.com\/wp-content\/uploads\/IMG_5882-768x576.jpg 768w, https:\/\/www.vikarbyn.com\/wp-content\/uploads\/IMG_5882-1024x768.jpg 1024w, https:\/\/www.vikarbyn.com\/wp-content\/uploads\/IMG_5882-510x382.jpg 510w, https:\/\/www.vikarbyn.com\/wp-content\/uploads\/IMG_5882-1080x810.jpg 1080w, https:\/\/www.vikarbyn.com\/wp-content\/uploads\/IMG_5882.jpg 1280w\" sizes=\"(max-width: 450px) 100vw, 450px\" \/><\/a><a href=\"http:\/\/www.vikarbyn.com\/wp-content\/uploads\/IMG_5883.jpg\" data-rel=\"lightbox-gallery-CD2Yb1F7\" data-rl_title=\"\" data-rl_caption=\"\" title=\"\"><img loading=\"lazy\" decoding=\"async\" class=\"alignnone size-medium wp-image-2964\" src=\"http:\/\/www.vikarbyn.com\/wp-content\/uploads\/IMG_5883-450x338.jpg\" alt=\"\" width=\"450\" height=\"338\" srcset=\"https:\/\/www.vikarbyn.com\/wp-content\/uploads\/IMG_5883-450x338.jpg 450w, https:\/\/www.vikarbyn.com\/wp-content\/uploads\/IMG_5883-768x576.jpg 768w, https:\/\/www.vikarbyn.com\/wp-content\/uploads\/IMG_5883-1024x768.jpg 1024w, https:\/\/www.vikarbyn.com\/wp-content\/uploads\/IMG_5883-510x382.jpg 510w, https:\/\/www.vikarbyn.com\/wp-content\/uploads\/IMG_5883-1080x810.jpg 1080w, https:\/\/www.vikarbyn.com\/wp-content\/uploads\/IMG_5883.jpg 1280w\" sizes=\"(max-width: 450px) 100vw, 450px\" \/><\/a><a href=\"http:\/\/www.vikarbyn.com\/wp-content\/uploads\/IMG_6155.jpg\" data-rel=\"lightbox-gallery-CD2Yb1F7\" data-rl_title=\"\" data-rl_caption=\"\" title=\"\"><img loading=\"lazy\" decoding=\"async\" class=\"alignnone size-medium wp-image-2961\" src=\"http:\/\/www.vikarbyn.com\/wp-content\/uploads\/IMG_6155-450x338.jpg\" alt=\"\" width=\"450\" height=\"338\" srcset=\"https:\/\/www.vikarbyn.com\/wp-content\/uploads\/IMG_6155-450x338.jpg 450w, https:\/\/www.vikarbyn.com\/wp-content\/uploads\/IMG_6155-768x576.jpg 768w, https:\/\/www.vikarbyn.com\/wp-content\/uploads\/IMG_6155-1024x768.jpg 1024w, https:\/\/www.vikarbyn.com\/wp-content\/uploads\/IMG_6155-510x382.jpg 510w, https:\/\/www.vikarbyn.com\/wp-content\/uploads\/IMG_6155-1080x810.jpg 1080w, https:\/\/www.vikarbyn.com\/wp-content\/uploads\/IMG_6155.jpg 1280w\" sizes=\"(max-width: 450px) 100vw, 450px\" \/><\/a><a href=\"http:\/\/www.vikarbyn.com\/wp-content\/uploads\/IMG_6157.jpg\" data-rel=\"lightbox-gallery-CD2Yb1F7\" data-rl_title=\"\" data-rl_caption=\"\" title=\"\"><img loading=\"lazy\" decoding=\"async\" class=\"alignnone size-medium wp-image-2958\" src=\"http:\/\/www.vikarbyn.com\/wp-content\/uploads\/IMG_6157-450x303.jpg\" alt=\"\" width=\"450\" height=\"303\" srcset=\"https:\/\/www.vikarbyn.com\/wp-content\/uploads\/IMG_6157-450x303.jpg 450w, https:\/\/www.vikarbyn.com\/wp-content\/uploads\/IMG_6157-768x517.jpg 768w, https:\/\/www.vikarbyn.com\/wp-content\/uploads\/IMG_6157-1024x689.jpg 1024w, https:\/\/www.vikarbyn.com\/wp-content\/uploads\/IMG_6157-1080x726.jpg 1080w, https:\/\/www.vikarbyn.com\/wp-content\/uploads\/IMG_6157.jpg 1280w\" sizes=\"(max-width: 450px) 100vw, 450px\" \/><\/a><a href=\"http:\/\/www.vikarbyn.com\/wp-content\/uploads\/IMG_6162.jpg\" data-rel=\"lightbox-gallery-CD2Yb1F7\" data-rl_title=\"\" data-rl_caption=\"\" title=\"\"><img loading=\"lazy\" decoding=\"async\" class=\"alignnone size-medium wp-image-2949\" src=\"http:\/\/www.vikarbyn.com\/wp-content\/uploads\/IMG_6162-450x338.jpg\" alt=\"\" width=\"450\" height=\"338\" srcset=\"https:\/\/www.vikarbyn.com\/wp-content\/uploads\/IMG_6162-450x338.jpg 450w, https:\/\/www.vikarbyn.com\/wp-content\/uploads\/IMG_6162-768x576.jpg 768w, https:\/\/www.vikarbyn.com\/wp-content\/uploads\/IMG_6162-1024x768.jpg 1024w, https:\/\/www.vikarbyn.com\/wp-content\/uploads\/IMG_6162-510x382.jpg 510w, https:\/\/www.vikarbyn.com\/wp-content\/uploads\/IMG_6162-1080x810.jpg 1080w, https:\/\/www.vikarbyn.com\/wp-content\/uploads\/IMG_6162.jpg 1280w\" sizes=\"(max-width: 450px) 100vw, 450px\" \/><\/a><a href=\"http:\/\/www.vikarbyn.com\/wp-content\/uploads\/IMG_6158.jpg\" data-rel=\"lightbox-gallery-CD2Yb1F7\" data-rl_title=\"\" data-rl_caption=\"\" title=\"\"><img loading=\"lazy\" decoding=\"async\" class=\"alignnone size-medium wp-image-2955\" src=\"http:\/\/www.vikarbyn.com\/wp-content\/uploads\/IMG_6158-450x338.jpg\" alt=\"\" width=\"450\" height=\"338\" srcset=\"https:\/\/www.vikarbyn.com\/wp-content\/uploads\/IMG_6158-450x338.jpg 450w, https:\/\/www.vikarbyn.com\/wp-content\/uploads\/IMG_6158-768x576.jpg 768w, https:\/\/www.vikarbyn.com\/wp-content\/uploads\/IMG_6158-1024x768.jpg 1024w, https:\/\/www.vikarbyn.com\/wp-content\/uploads\/IMG_6158-510x382.jpg 510w, https:\/\/www.vikarbyn.com\/wp-content\/uploads\/IMG_6158-1080x810.jpg 1080w, https:\/\/www.vikarbyn.com\/wp-content\/uploads\/IMG_6158.jpg 1280w\" sizes=\"(max-width: 450px) 100vw, 450px\" \/><\/a><a href=\"http:\/\/www.vikarbyn.com\/wp-content\/uploads\/IMG_6161.jpg\" data-rel=\"lightbox-gallery-CD2Yb1F7\" data-rl_title=\"\" data-rl_caption=\"\" title=\"\"><img loading=\"lazy\" decoding=\"async\" class=\"alignnone size-medium wp-image-2952\" src=\"http:\/\/www.vikarbyn.com\/wp-content\/uploads\/IMG_6161-450x338.jpg\" alt=\"\" width=\"450\" height=\"338\" srcset=\"https:\/\/www.vikarbyn.com\/wp-content\/uploads\/IMG_6161-450x338.jpg 450w, https:\/\/www.vikarbyn.com\/wp-content\/uploads\/IMG_6161-768x576.jpg 768w, https:\/\/www.vikarbyn.com\/wp-content\/uploads\/IMG_6161-1024x768.jpg 1024w, https:\/\/www.vikarbyn.com\/wp-content\/uploads\/IMG_6161-510x382.jpg 510w, https:\/\/www.vikarbyn.com\/wp-content\/uploads\/IMG_6161-1080x810.jpg 1080w, https:\/\/www.vikarbyn.com\/wp-content\/uploads\/IMG_6161.jpg 1280w\" sizes=\"(max-width: 450px) 100vw, 450px\" \/><\/a><a href=\"http:\/\/www.vikarbyn.com\/wp-content\/uploads\/IMG_6163.jpg\" data-rel=\"lightbox-gallery-CD2Yb1F7\" data-rl_title=\"\" data-rl_caption=\"\" title=\"\"><img loading=\"lazy\" decoding=\"async\" class=\"alignnone size-medium wp-image-2946\" src=\"http:\/\/www.vikarbyn.com\/wp-content\/uploads\/IMG_6163-450x338.jpg\" alt=\"\" width=\"450\" height=\"338\" srcset=\"https:\/\/www.vikarbyn.com\/wp-content\/uploads\/IMG_6163-450x338.jpg 450w, https:\/\/www.vikarbyn.com\/wp-content\/uploads\/IMG_6163-768x576.jpg 768w, https:\/\/www.vikarbyn.com\/wp-content\/uploads\/IMG_6163-1024x768.jpg 1024w, https:\/\/www.vikarbyn.com\/wp-content\/uploads\/IMG_6163-510x382.jpg 510w, https:\/\/www.vikarbyn.com\/wp-content\/uploads\/IMG_6163-1080x810.jpg 1080w, https:\/\/www.vikarbyn.com\/wp-content\/uploads\/IMG_6163.jpg 1280w\" sizes=\"(max-width: 450px) 100vw, 450px\" \/><\/a><a href=\"http:\/\/www.vikarbyn.com\/wp-content\/uploads\/IMG_6164.jpg\" data-rel=\"lightbox-gallery-CD2Yb1F7\" data-rl_title=\"\" data-rl_caption=\"\" title=\"\"><img loading=\"lazy\" decoding=\"async\" class=\"alignnone size-medium wp-image-2943\" src=\"http:\/\/www.vikarbyn.com\/wp-content\/uploads\/IMG_6164-450x330.jpg\" alt=\"\" width=\"450\" height=\"330\" srcset=\"https:\/\/www.vikarbyn.com\/wp-content\/uploads\/IMG_6164-450x330.jpg 450w, https:\/\/www.vikarbyn.com\/wp-content\/uploads\/IMG_6164-768x563.jpg 768w, https:\/\/www.vikarbyn.com\/wp-content\/uploads\/IMG_6164-1024x750.jpg 1024w, https:\/\/www.vikarbyn.com\/wp-content\/uploads\/IMG_6164-1080x791.jpg 1080w, https:\/\/www.vikarbyn.com\/wp-content\/uploads\/IMG_6164.jpg 1280w\" sizes=\"(max-width: 450px) 100vw, 450px\" \/><\/a><\/p>\n<p>[\/et_pb_text][\/et_pb_column][\/et_pb_row][\/et_pb_section]<\/p>\n<p>[et_pb_section bb_built=&#8221;1&#8243; admin_label=&#8221;section&#8221;][et_pb_row admin_label=&#8221;row&#8221;][\/et_pb_row][\/et_pb_section]<\/p>\n","protected":false},"excerpt":{"rendered":"<p>[et_pb_section bb_built=&#8221;1&#8243; admin_label=&#8221;section&#8221;][et_pb_row admin_label=&#8221;row&#8221;][et_pb_column type=&#8221;1_2&#8243;][et_pb_text admin_label=&#8221;Text&#8221; background_layout=&#8221;light&#8221; text_orientation=&#8221;left&#8221; use_border_color=&#8221;off&#8221; border_color=&#8221;#ffffff&#8221; border_style=&#8221;solid&#8221;] TIMMER VILLA 80 kvm 6 b\u00e4ddar Timmerstuga\u00a0p\u00e5\u00a0egen tomt centralt i Vikarbyn. Utsikt \u00f6ver Siljan. 80 kvm. Allrum\u00a0med\u00a0dubbels\u00e4ng. Sovrum med v\u00e5ningss\u00e4ng. Storstuga med k\u00f6k och matplats, TV. K\u00f6ksavdelning: elspis, kyl, mikro, kaffebryggare, vattenkokare. WC, dusch. Uteplats med m\u00f6bler och grill. Bad: ca 500 m Siljan. [&hellip;]<\/p>\n","protected":false},"author":1,"featured_media":0,"parent":0,"menu_order":0,"comment_status":"open","ping_status":"closed","template":"","meta":{"_et_pb_use_builder":"","_et_pb_old_content":"","_et_gb_content_width":"","footnotes":""},"class_list":["post-1425","page","type-page","status-publish","hentry"],"_links":{"self":[{"href":"https:\/\/www.vikarbyn.com\/de\/wp-json\/wp\/v2\/pages\/1425","targetHints":{"allow":["GET"]}}],"collection":[{"href":"https:\/\/www.vikarbyn.com\/de\/wp-json\/wp\/v2\/pages"}],"about":[{"href":"https:\/\/www.vikarbyn.com\/de\/wp-json\/wp\/v2\/types\/page"}],"author":[{"embeddable":true,"href":"https:\/\/www.vikarbyn.com\/de\/wp-json\/wp\/v2\/users\/1"}],"replies":[{"embeddable":true,"href":"https:\/\/www.vikarbyn.com\/de\/wp-json\/wp\/v2\/comments?post=1425"}],"version-history":[{"count":4,"href":"https:\/\/www.vikarbyn.com\/de\/wp-json\/wp\/v2\/pages\/1425\/revisions"}],"predecessor-version":[{"id":3069,"href":"https:\/\/www.vikarbyn.com\/de\/wp-json\/wp\/v2\/pages\/1425\/revisions\/3069"}],"wp:attachment":[{"href":"https:\/\/www.vikarbyn.com\/de\/wp-json\/wp\/v2\/media?parent=1425"}],"curies":[{"name":"wp","href":"https:\/\/api.w.org\/{rel}","templated":true}]}}