{"id":649,"date":"2022-01-10T12:07:22","date_gmt":"2022-01-10T11:07:22","guid":{"rendered":"http:\/\/www.vikarbyn.com\/?page_id=649"},"modified":"2022-01-27T16:26:22","modified_gmt":"2022-01-27T15:26:22","slug":"tappgarden-villa","status":"publish","type":"page","link":"http:\/\/www.vikarbyn.com\/en\/tappgarden-villa\/","title":{"rendered":"T\u00e4ppg\u00e5rden Villa"},"content":{"rendered":"<p>[et_pb_section bb_built=&#8221;1&#8243; admin_label=&#8221;section&#8221;][et_pb_row admin_label=&#8221;row&#8221;][et_pb_column type=&#8221;1_2&#8243;][et_pb_text admin_label=&#8221;Text&#8221; background_layout=&#8221;light&#8221; text_orientation=&#8221;left&#8221; use_border_color=&#8221;off&#8221; border_color=&#8221;#ffffff&#8221; border_style=&#8221;solid&#8221;]<\/p>\n<h1>T\u00e4ppg\u00e5rden Villa 80 qm \u2013 5 Betten<\/h1>\n<p><span style=\"font-size: 14pt;\">Zwei Doppelzimmer und ein Einzelzimmer, Fernsehraum, voll ausgestattete K\u00fcche, Halle und Toilette mit Dusche. Gro\u00dfe eingeglaste Veranda sowie offene Terrasse mit Aussicht auf den Siljansee. Boul\u00e9bahn. Hof im Dorfstil und Scheune und Schuppen auf dem Hof.<\/span><\/p>\n<p><span style=\"font-size: 14pt;\">Das Haus ist 80 qm gro\u00df, Keller (Waschmaschine) und Garage.<\/span><\/p>\n<p><span style=\"font-size: 14pt;\"><strong>Miete<\/strong><\/span><\/p>\n<p><span style=\"font-size: 14pt;\">SEK 10,000 \/ Woche<\/span><br \/>\n<span style=\"font-size: 14pt;\"> SEK 1.675 \/ Nacht<\/span><\/p>\n<p>&nbsp;<\/p>\n<p>&nbsp;<\/p>\n<p>[\/et_pb_text][\/et_pb_column][et_pb_column type=&#8221;1_2&#8243;][et_pb_image admin_label=&#8221;Image&#8221; src=&#8221;http:\/\/www2.vikarbyn.com\/wp-content\/uploads\/tappgarden_villan.jpg&#8221; url_new_window=&#8221;off&#8221; animation=&#8221;left&#8221; \/][\/et_pb_column][\/et_pb_row][\/et_pb_section][et_pb_section bb_built=&#8221;1&#8243; admin_label=&#8221;section&#8221; fullwidth=&#8221;off&#8221; background_color=&#8221;#d8c9aa&#8221; inner_shadow=&#8221;on&#8221; parallax=&#8221;off&#8221;][et_pb_row admin_label=&#8221;row&#8221;][et_pb_column type=&#8221;4_4&#8243;][et_pb_text admin_label=&#8221;Fler bilder&#8221; background_layout=&#8221;light&#8221; text_orientation=&#8221;left&#8221; module_class=&#8221;moreimages&#8221; use_border_color=&#8221;off&#8221; border_color=&#8221;#ffffff&#8221; border_style=&#8221;solid&#8221;]<\/p>\n<h2>Bilder<\/h2>\n<p><a href=\"http:\/\/www.vikarbyn.com\/wp-content\/uploads\/20210404_125650-1.jpg\" data-rel=\"lightbox-gallery-TRcsa790\" data-rl_title=\"\" data-rl_caption=\"\" title=\"\"><img loading=\"lazy\" decoding=\"async\" class=\"alignnone size-medium wp-image-2361\" src=\"http:\/\/www.vikarbyn.com\/wp-content\/uploads\/20210404_125650-1-450x338.jpg\" alt=\"\" width=\"450\" height=\"338\" srcset=\"http:\/\/www.vikarbyn.com\/wp-content\/uploads\/20210404_125650-1-450x338.jpg 450w, http:\/\/www.vikarbyn.com\/wp-content\/uploads\/20210404_125650-1-768x576.jpg 768w, http:\/\/www.vikarbyn.com\/wp-content\/uploads\/20210404_125650-1-1024x768.jpg 1024w, http:\/\/www.vikarbyn.com\/wp-content\/uploads\/20210404_125650-1-510x382.jpg 510w, http:\/\/www.vikarbyn.com\/wp-content\/uploads\/20210404_125650-1-1080x810.jpg 1080w\" sizes=\"(max-width: 450px) 100vw, 450px\" \/><\/a> <a href=\"http:\/\/www.vikarbyn.com\/wp-content\/uploads\/20210404_125709-1.jpg\" data-rel=\"lightbox-gallery-TRcsa790\" data-rl_title=\"\" data-rl_caption=\"\" title=\"\"><img loading=\"lazy\" decoding=\"async\" class=\"alignnone size-medium wp-image-2364\" src=\"http:\/\/www.vikarbyn.com\/wp-content\/uploads\/20210404_125709-1-450x338.jpg\" alt=\"\" width=\"450\" height=\"338\" srcset=\"http:\/\/www.vikarbyn.com\/wp-content\/uploads\/20210404_125709-1-450x338.jpg 450w, http:\/\/www.vikarbyn.com\/wp-content\/uploads\/20210404_125709-1-768x576.jpg 768w, http:\/\/www.vikarbyn.com\/wp-content\/uploads\/20210404_125709-1-1024x768.jpg 1024w, http:\/\/www.vikarbyn.com\/wp-content\/uploads\/20210404_125709-1-510x382.jpg 510w, http:\/\/www.vikarbyn.com\/wp-content\/uploads\/20210404_125709-1-1080x810.jpg 1080w\" sizes=\"(max-width: 450px) 100vw, 450px\" \/><\/a> <a href=\"http:\/\/www.vikarbyn.com\/wp-content\/uploads\/20210404_125727-1.jpg\" data-rel=\"lightbox-gallery-TRcsa790\" data-rl_title=\"\" data-rl_caption=\"\" title=\"\"><img loading=\"lazy\" decoding=\"async\" class=\"alignnone size-medium wp-image-2367\" src=\"http:\/\/www.vikarbyn.com\/wp-content\/uploads\/20210404_125727-1-450x338.jpg\" alt=\"\" width=\"450\" height=\"338\" srcset=\"http:\/\/www.vikarbyn.com\/wp-content\/uploads\/20210404_125727-1-450x338.jpg 450w, http:\/\/www.vikarbyn.com\/wp-content\/uploads\/20210404_125727-1-768x576.jpg 768w, http:\/\/www.vikarbyn.com\/wp-content\/uploads\/20210404_125727-1-1024x768.jpg 1024w, http:\/\/www.vikarbyn.com\/wp-content\/uploads\/20210404_125727-1-510x382.jpg 510w, http:\/\/www.vikarbyn.com\/wp-content\/uploads\/20210404_125727-1-1080x810.jpg 1080w\" sizes=\"(max-width: 450px) 100vw, 450px\" \/><\/a> <a href=\"http:\/\/www.vikarbyn.com\/wp-content\/uploads\/20210404_125742-1.jpg\" data-rel=\"lightbox-gallery-TRcsa790\" data-rl_title=\"\" data-rl_caption=\"\" title=\"\"><img loading=\"lazy\" decoding=\"async\" class=\"alignnone size-medium wp-image-2370\" src=\"http:\/\/www.vikarbyn.com\/wp-content\/uploads\/20210404_125742-1-450x338.jpg\" alt=\"\" width=\"450\" height=\"338\" srcset=\"http:\/\/www.vikarbyn.com\/wp-content\/uploads\/20210404_125742-1-450x338.jpg 450w, http:\/\/www.vikarbyn.com\/wp-content\/uploads\/20210404_125742-1-768x576.jpg 768w, http:\/\/www.vikarbyn.com\/wp-content\/uploads\/20210404_125742-1-1024x768.jpg 1024w, http:\/\/www.vikarbyn.com\/wp-content\/uploads\/20210404_125742-1-510x382.jpg 510w, http:\/\/www.vikarbyn.com\/wp-content\/uploads\/20210404_125742-1-1080x810.jpg 1080w\" sizes=\"(max-width: 450px) 100vw, 450px\" \/><\/a><a href=\"http:\/\/www.vikarbyn.com\/wp-content\/uploads\/20210404_125727-1.jpg\" data-rel=\"lightbox-gallery-TRcsa790\" data-rl_title=\"\" data-rl_caption=\"\" title=\"\"><img loading=\"lazy\" decoding=\"async\" class=\"alignnone size-medium wp-image-2367\" src=\"http:\/\/www.vikarbyn.com\/wp-content\/uploads\/20210404_125727-1-450x338.jpg\" alt=\"\" width=\"450\" height=\"338\" srcset=\"http:\/\/www.vikarbyn.com\/wp-content\/uploads\/20210404_125727-1-450x338.jpg 450w, http:\/\/www.vikarbyn.com\/wp-content\/uploads\/20210404_125727-1-768x576.jpg 768w, http:\/\/www.vikarbyn.com\/wp-content\/uploads\/20210404_125727-1-1024x768.jpg 1024w, http:\/\/www.vikarbyn.com\/wp-content\/uploads\/20210404_125727-1-510x382.jpg 510w, http:\/\/www.vikarbyn.com\/wp-content\/uploads\/20210404_125727-1-1080x810.jpg 1080w\" sizes=\"(max-width: 450px) 100vw, 450px\" \/><\/a><a href=\"http:\/\/www.vikarbyn.com\/wp-content\/uploads\/20210404_125709-1.jpg\" data-rel=\"lightbox-gallery-TRcsa790\" data-rl_title=\"\" data-rl_caption=\"\" title=\"\"><img loading=\"lazy\" decoding=\"async\" class=\"alignnone size-medium wp-image-2364\" src=\"http:\/\/www.vikarbyn.com\/wp-content\/uploads\/20210404_125709-1-450x338.jpg\" alt=\"\" width=\"450\" height=\"338\" srcset=\"http:\/\/www.vikarbyn.com\/wp-content\/uploads\/20210404_125709-1-450x338.jpg 450w, http:\/\/www.vikarbyn.com\/wp-content\/uploads\/20210404_125709-1-768x576.jpg 768w, http:\/\/www.vikarbyn.com\/wp-content\/uploads\/20210404_125709-1-1024x768.jpg 1024w, http:\/\/www.vikarbyn.com\/wp-content\/uploads\/20210404_125709-1-510x382.jpg 510w, http:\/\/www.vikarbyn.com\/wp-content\/uploads\/20210404_125709-1-1080x810.jpg 1080w\" sizes=\"(max-width: 450px) 100vw, 450px\" \/><\/a> <a href=\"http:\/\/www2.vikarbyn.com\/wp-content\/uploads\/villan_dubbel2.jpg\" data-rel=\"lightbox-gallery-TRcsa790\" data-rl_title=\"\" data-rl_caption=\"\" title=\"\"><img loading=\"lazy\" decoding=\"async\" class=\"alignnone wp-image-552 size-medium\" src=\"http:\/\/www.vikarbyn.com\/wp-content\/uploads\/villan_dubbel2-450x299.jpg\" alt=\"villan_dubbel2\" width=\"450\" height=\"299\" srcset=\"http:\/\/www.vikarbyn.com\/wp-content\/uploads\/villan_dubbel2-450x299.jpg 450w, http:\/\/www.vikarbyn.com\/wp-content\/uploads\/villan_dubbel2.jpg 1000w\" sizes=\"(max-width: 450px) 100vw, 450px\" \/><\/a><\/p>\n<p>&nbsp;<\/p>\n<p>[\/et_pb_text][\/et_pb_column][\/et_pb_row][\/et_pb_section]<\/p>\n","protected":false},"excerpt":{"rendered":"<p>T\u00e4ppg\u00e5rden Villa 80 qm \u2013 5 Betten Zwei Doppelzimmer und ein Einzelzimmer, Fernsehraum, voll ausgestattete K\u00fcche, Halle und Toilette mit Dusche. Gro\u00dfe eingeglaste Veranda sowie offene Terrasse mit Aussicht auf den Siljansee. Boul\u00e9bahn. Hof im Dorfstil und Scheune und Schuppen auf dem Hof. Das Haus ist 80 qm gro\u00df, Keller (Waschmaschine) und Garage. Miete SEK [&hellip;]<\/p>\n","protected":false},"author":1,"featured_media":0,"parent":0,"menu_order":0,"comment_status":"open","ping_status":"closed","template":"","meta":{"_et_pb_use_builder":"on","_et_pb_old_content":"","_et_gb_content_width":"","footnotes":""},"class_list":["post-649","page","type-page","status-publish","hentry"],"_links":{"self":[{"href":"http:\/\/www.vikarbyn.com\/en\/wp-json\/wp\/v2\/pages\/649","targetHints":{"allow":["GET"]}}],"collection":[{"href":"http:\/\/www.vikarbyn.com\/en\/wp-json\/wp\/v2\/pages"}],"about":[{"href":"http:\/\/www.vikarbyn.com\/en\/wp-json\/wp\/v2\/types\/page"}],"author":[{"embeddable":true,"href":"http:\/\/www.vikarbyn.com\/en\/wp-json\/wp\/v2\/users\/1"}],"replies":[{"embeddable":true,"href":"http:\/\/www.vikarbyn.com\/en\/wp-json\/wp\/v2\/comments?post=649"}],"version-history":[{"count":7,"href":"http:\/\/www.vikarbyn.com\/en\/wp-json\/wp\/v2\/pages\/649\/revisions"}],"predecessor-version":[{"id":2929,"href":"http:\/\/www.vikarbyn.com\/en\/wp-json\/wp\/v2\/pages\/649\/revisions\/2929"}],"wp:attachment":[{"href":"http:\/\/www.vikarbyn.com\/en\/wp-json\/wp\/v2\/media?parent=649"}],"curies":[{"name":"wp","href":"https:\/\/api.w.org\/{rel}","templated":true}]}}