{"id":487,"date":"0202-05-11T09:02:29","date_gmt":"0202-05-11T08:09:01","guid":{"rendered":"http:\/\/www2.vikarbyn.com\/?page_id=487"},"modified":"2025-02-11T16:44:15","modified_gmt":"2025-02-11T15:44:15","slug":"stugboende-allman-info","status":"publish","type":"page","link":"http:\/\/www.vikarbyn.com\/en\/stugboende-allman-info\/","title":{"rendered":"Stugboende Allm\u00e4n info"},"content":{"rendered":"<p>[et_pb_section fb_built=&#8221;1&#8243; admin_label=&#8221;section&#8221; _builder_version=&#8221;4.16&#8243; global_colors_info=&#8221;{}&#8221;][et_pb_row admin_label=&#8221;row&#8221; _builder_version=&#8221;4.16&#8243; background_size=&#8221;initial&#8221; background_position=&#8221;top_left&#8221; background_repeat=&#8221;repeat&#8221; global_colors_info=&#8221;{}&#8221; column_structure=&#8221;1_2,1_2&#8243;][et_pb_column type=&#8221;1_2&#8243; _builder_version=&#8221;4.16&#8243; custom_padding=&#8221;|||&#8221; global_colors_info=&#8221;{}&#8221; custom_padding__hover=&#8221;|||&#8221;][et_pb_text admin_label=&#8221;Text&#8221; _builder_version=&#8221;4.16&#8243; background_size=&#8221;initial&#8221; background_position=&#8221;top_left&#8221; background_repeat=&#8221;repeat&#8221; use_border_color=&#8221;off&#8221; border_color=&#8221;#ffffff&#8221; border_style=&#8221;solid&#8221; global_colors_info=&#8221;{}&#8221;]<\/p>\n<h1>Stugboende allm\u00e4n info<\/h1>\n<p><span style=\"font-size: 14pt;\">P\u00e5 g\u00e5ngavst\u00e5nd i byn ligger v\u00e5ra stugor med sj\u00e4lvhush\u00e5ll.<\/span><\/p>\n<h3>Dygnspriser<\/h3>\n<h3><strong><span style=\"font-size: 18pt;\"><span style=\"font-size: 14pt;\">Lillstuga 2 + 2 b\u00e4dd, 1,350 kr\/enhet<\/span><\/span><\/strong><\/h3>\n<h3><strong><span style=\"font-size: 18pt;\"><span style=\"font-size: 14pt;\">H\u00e4rbre 2 b\u00e4ddar, 750 kr<\/span><\/span><\/strong><\/h3>\n<h3><strong><span style=\"font-size: 18pt;\"><span style=\"font-size: 14pt;\">T\u00e4ppg\u00e5rden l\u00e4genhet 5 b\u00e4ddar, 1,500 kr\/enhet<\/span><\/span><\/strong><\/h3>\n<h3><strong><span style=\"font-size: 18pt;\"><span style=\"font-size: 14pt;\">T\u00e4ppg\u00e5rden Villa 5 b\u00e4ddar, 1,950 kr<\/span><\/span><\/strong><\/h3>\n<h3><strong><span style=\"font-size: 18pt;\"><span style=\"font-size: 14pt;\">Timmerstuga 5 b\u00e4ddar, 1,750 kr\/enhet<\/span><\/span><\/strong><\/h3>\n<h3><strong><span style=\"font-size: 18pt;\"><span style=\"font-size: 14pt;\">Dalag\u00e5rden 8 + 2 b\u00e4ddar, 2,750 kr\/enhet<\/span><\/span><\/strong><\/h3>\n<h3><strong><span style=\"font-size: 18pt;\"><span style=\"font-size: 14pt;\">Grannl\u00e5t Stuga 2 b\u00e4ddar 1,350 kr<\/span><\/span><\/strong><\/h3>\n<h3><strong><span style=\"font-size: 18pt;\"><span style=\"font-size: 14pt;\">L\u00e4genhet i tv\u00e5 plan med 4 b\u00e4ddar 1,750 kr\/natt<\/span><\/span><\/strong><\/h3>\n<h3><strong><span style=\"font-size: 18pt;\"><span style=\"font-size: 14pt;\">Timmer Villa 1,950<\/span><\/span><span style=\"font-size: 18pt;\"><span style=\"font-size: 14pt;\">\u00a0kr\/enhet<\/span><\/span><\/strong><\/h3>\n<p><span style=\"font-size: 14pt;\">Vid bokning av stugor ing\u00e5r inte frukost och lakan<\/span> <span style=\"font-size: 14pt;\">Frukostbuff\u00e9\u00a095 kr\/person<\/span> <span style=\"font-size: 14pt;\"> Lakan och handdukar\u00a095 kr\/person<\/span> <span style=\"font-size: 14pt;\"> Slutst\u00e4dning 950 kr<\/span>\u00a0 \u00a0 \u00a0 \u00a0 \u00a0 \u00a0 \u00a0 \u00a0 \u00a0 \u00a0 \u00a0 \u00a0 \u00a0 \u00a0 \u00a0 \u00a0 \u00a0 \u00a0 \u00a0 \u00a0 \u00a0 \u00a0 \u00a0 \u00a0 \u00a0 \u00a0 \u00a0 \u00a0 \u00a0 \u00a0 \u00a0 \u00a0 \u00a0 \u00a0 \u00a0 \u00a0 \u00a0 \u00a0 \u00a0 \u00a0 \u00a0 \u00a0 \u00a0 \u00a0 \u00a0 \u00a0 \u00a0 \u00a0 \u00a0 \u00a0 \u00a0 \u00a0 \u00a0 \u00a0 \u00a0 \u00a0 \u00a0 \u00a0 \u00a0 \u00a0 \u00a0 \u00a0 \u00a0 \u00a0 \u00a0 \u00a0 \u00a0 \u00a0 \u00a0 \u00a0 \u00a0 <span style=\"font-size: 14pt;\"><strong>L\u00e5gpris p\u00e5 stugor kan f\u00f6rekomma under vissa veckor, ring och boka!\u00a0<\/strong><\/span><\/p>\n<h1>Boka online h\u00e4r!<\/h1>\n<script async type=\"text\/javascript\" src=\"https:\/\/secured.sirvoy.com\/widget\/sirvoy.js\" data-form-id=\"53035d7653de3\"><\/script>\n<p>[\/et_pb_text][\/et_pb_column][et_pb_column type=&#8221;1_2&#8243; _builder_version=&#8221;4.16&#8243; custom_padding=&#8221;|||&#8221; global_colors_info=&#8221;{}&#8221; custom_padding__hover=&#8221;|||&#8221;][et_pb_image src=&#8221;http:\/\/www.vikarbyn.com\/wp-content\/uploads\/Backlund-Boende-i-Dalarna-tr\u00e4d.jpg&#8221; align_tablet=&#8221;center&#8221; align_last_edited=&#8221;on|desktop&#8221; admin_label=&#8221;Image&#8221; _builder_version=&#8221;4.16&#8243; animation_style=&#8221;slide&#8221; animation_direction=&#8221;left&#8221; animation_duration=&#8221;500ms&#8221; animation_intensity_slide=&#8221;10%&#8221; use_border_color=&#8221;off&#8221; border_color=&#8221;#ffffff&#8221; border_style=&#8221;solid&#8221; animation=&#8221;left&#8221; sticky=&#8221;off&#8221; always_center_on_mobile=&#8221;on&#8221; global_colors_info=&#8221;{}&#8221; align_phone=&#8221;center&#8221;][\/et_pb_image][\/et_pb_column][\/et_pb_row][\/et_pb_section]<\/p>\n","protected":false},"excerpt":{"rendered":"<p>Stugboende allm\u00e4n info P\u00e5 g\u00e5ngavst\u00e5nd i byn ligger v\u00e5ra stugor med sj\u00e4lvhush\u00e5ll. Dygnspriser Lillstuga 2 + 2 b\u00e4dd, 1,350 kr\/enhet H\u00e4rbre 2 b\u00e4ddar, 750 kr T\u00e4ppg\u00e5rden l\u00e4genhet 5 b\u00e4ddar, 1,500 kr\/enhet T\u00e4ppg\u00e5rden Villa 5 b\u00e4ddar, 1,950 kr Timmerstuga 5 b\u00e4ddar, 1,750 kr\/enhet Dalag\u00e5rden 8 + 2 b\u00e4ddar, 2,750 kr\/enhet Grannl\u00e5t Stuga 2 b\u00e4ddar 1,350 kr [&hellip;]<\/p>\n","protected":false},"author":1,"featured_media":0,"parent":0,"menu_order":0,"comment_status":"open","ping_status":"closed","template":"","meta":{"_et_pb_use_builder":"on","_et_pb_old_content":"","_et_gb_content_width":"","footnotes":""},"class_list":["post-487","page","type-page","status-publish","hentry"],"_links":{"self":[{"href":"http:\/\/www.vikarbyn.com\/en\/wp-json\/wp\/v2\/pages\/487","targetHints":{"allow":["GET"]}}],"collection":[{"href":"http:\/\/www.vikarbyn.com\/en\/wp-json\/wp\/v2\/pages"}],"about":[{"href":"http:\/\/www.vikarbyn.com\/en\/wp-json\/wp\/v2\/types\/page"}],"author":[{"embeddable":true,"href":"http:\/\/www.vikarbyn.com\/en\/wp-json\/wp\/v2\/users\/1"}],"replies":[{"embeddable":true,"href":"http:\/\/www.vikarbyn.com\/en\/wp-json\/wp\/v2\/comments?post=487"}],"version-history":[{"count":36,"href":"http:\/\/www.vikarbyn.com\/en\/wp-json\/wp\/v2\/pages\/487\/revisions"}],"predecessor-version":[{"id":3524,"href":"http:\/\/www.vikarbyn.com\/en\/wp-json\/wp\/v2\/pages\/487\/revisions\/3524"}],"wp:attachment":[{"href":"http:\/\/www.vikarbyn.com\/en\/wp-json\/wp\/v2\/media?parent=487"}],"curies":[{"name":"wp","href":"https:\/\/api.w.org\/{rel}","templated":true}]}}