{"id":413,"date":"2022-01-20T12:12:55","date_gmt":"2022-01-20T11:12:55","guid":{"rendered":"http:\/\/www2.vikarbyn.com\/?page_id=413"},"modified":"2022-01-27T16:15:45","modified_gmt":"2022-01-27T15:15:45","slug":"tapp-apartments-house","status":"publish","type":"page","link":"http:\/\/www.vikarbyn.com\/en\/tapp-apartments-house\/","title":{"rendered":"T\u00e4pp Apartments house"},"content":{"rendered":"<p>[et_pb_section bb_built=&#8221;1&#8243; admin_label=&#8221;section&#8221;][et_pb_row admin_label=&#8221;row&#8221;][et_pb_column type=&#8221;1_2&#8243;][et_pb_text admin_label=&#8221;Text&#8221; background_layout=&#8221;light&#8221; text_orientation=&#8221;left&#8221; use_border_color=&#8221;off&#8221; border_color=&#8221;#ffffff&#8221; border_style=&#8221;solid&#8221;]<\/p>\n<h1>T\u00e4pp Apartments house<\/h1>\n<p><span style=\"font-size: 14pt;\"><strong>Two flats,<\/strong> in a turn of the century house, in the center of Vikarbyn, with a view of the lake. \u00a0There is a large garden with outdoor furniture and space for parking.\u00a0 Separate entrances with TV and radio. The apartments has recently been completely renovated in old tradition fashion stile.<\/span><\/p>\n<p><span style=\"font-size: 14pt;\"><strong>Upper floor flat. <\/strong>there are 2 bedrooms, one with a double bed and the other with two bunk beds and a single bed, bathroom with shower &amp; WC, kitchen, and a living room (with a sofa bed for 2), and an iron stove.<\/span><\/p>\n<p><span style=\"font-size: 14pt;\"><strong>5-7 beds<\/strong> 1,375: SEK per night<\/span><\/p>\n<p><span style=\"font-size: 14pt;\"><strong>The ground floor flat\u00a0 <\/strong>with two bedrooms, one with a double bed and the other with two bunk beds and a single bed. A kitchen\/living room with a\u00a0camin and a bathroom with shower &amp; WC. Livingroom with a sofa bed.<\/span><br \/>\n<span style=\"font-size: 14pt;\"> <strong>5-7 beds 1,375:<\/strong> SEK per night\u00a0<\/span><\/p>\n<p><span style=\"font-size: 14pt;\">No smoking indoors and no pets.<\/span><\/p>\n<ul type=\"disc\">\n<li><span style=\"font-size: 14pt;\">Grocery store: 100 metres<\/span><\/li>\n<li><span style=\"font-size: 14pt;\">Bus stop: 150 metres<\/span><\/li>\n<li><span style=\"font-size: 14pt;\">Bathing beach: <strong>15<\/strong> min walk<\/span><\/li>\n<li><span style=\"font-size: 14pt;\">Golf course: in R\u00e4ttvik(6 km) &amp; several others within 30 km<\/span><\/li>\n<li><span style=\"font-size: 14pt;\">Dalhalla: 7 km<\/span><\/li>\n<li><span style=\"font-size: 14pt;\">Downhill skiing: 4 facilities within 50 km<\/span><\/li>\n<li><span style=\"font-size: 14pt;\">Cross country skiing: in Vikarbyn and in R\u00e4ttvik<\/span><\/li>\n<\/ul>\n<p><span style=\"font-size: 14pt;\">**Special prices apply for Classic Car Week (Week 31)\u00a0<\/span><\/p>\n<p>&nbsp;<\/p>\n<p>[\/et_pb_text][\/et_pb_column][et_pb_column type=&#8221;1_2&#8243;][et_pb_image admin_label=&#8221;Image&#8221; src=&#8221;http:\/\/www2.vikarbyn.com\/wp-content\/uploads\/tappgarden_exterior1.jpg&#8221; url_new_window=&#8221;off&#8221; animation=&#8221;left&#8221; \/][\/et_pb_column][\/et_pb_row][\/et_pb_section][et_pb_section bb_built=&#8221;1&#8243; admin_label=&#8221;section&#8221; fullwidth=&#8221;off&#8221; background_color=&#8221;#d8c9aa&#8221; inner_shadow=&#8221;on&#8221; parallax=&#8221;off&#8221;][et_pb_row admin_label=&#8221;row&#8221;][et_pb_column type=&#8221;4_4&#8243;][et_pb_text admin_label=&#8221;Fler bilder&#8221; background_layout=&#8221;light&#8221; text_orientation=&#8221;left&#8221; module_class=&#8221;moreimages&#8221; use_border_color=&#8221;off&#8221; border_color=&#8221;#ffffff&#8221; border_style=&#8221;solid&#8221;]<\/p>\n<h2><a href=\"http:\/\/www.vikarbyn.com\/wp-content\/uploads\/\u00d6vre-v\u00e5ningen-3-b\u00e4ddsrum.jpg\" data-rel=\"lightbox-gallery-K8QKQzq1\" data-rl_title=\"\" data-rl_caption=\"\" title=\"\"><img loading=\"lazy\" decoding=\"async\" class=\"alignnone size-medium wp-image-2884\" src=\"http:\/\/www.vikarbyn.com\/wp-content\/uploads\/\u00d6vre-v\u00e5ningen-3-b\u00e4ddsrum-450x299.jpg\" alt=\"\" width=\"450\" height=\"299\" srcset=\"http:\/\/www.vikarbyn.com\/wp-content\/uploads\/\u00d6vre-v\u00e5ningen-3-b\u00e4ddsrum-450x299.jpg 450w, http:\/\/www.vikarbyn.com\/wp-content\/uploads\/\u00d6vre-v\u00e5ningen-3-b\u00e4ddsrum-768x511.jpg 768w, http:\/\/www.vikarbyn.com\/wp-content\/uploads\/\u00d6vre-v\u00e5ningen-3-b\u00e4ddsrum-1024x681.jpg 1024w, http:\/\/www.vikarbyn.com\/wp-content\/uploads\/\u00d6vre-v\u00e5ningen-3-b\u00e4ddsrum-1080x718.jpg 1080w\" sizes=\"(max-width: 450px) 100vw, 450px\" \/><\/a><a href=\"http:\/\/www.vikarbyn.com\/wp-content\/uploads\/\u00d6vre-v\u00e5ningen-allrum.jpg\" data-rel=\"lightbox-gallery-K8QKQzq1\" data-rl_title=\"\" data-rl_caption=\"\" title=\"\"><img loading=\"lazy\" decoding=\"async\" class=\"alignnone size-medium wp-image-2887\" src=\"http:\/\/www.vikarbyn.com\/wp-content\/uploads\/\u00d6vre-v\u00e5ningen-allrum-450x299.jpg\" alt=\"\" width=\"450\" height=\"299\" srcset=\"http:\/\/www.vikarbyn.com\/wp-content\/uploads\/\u00d6vre-v\u00e5ningen-allrum-450x299.jpg 450w, http:\/\/www.vikarbyn.com\/wp-content\/uploads\/\u00d6vre-v\u00e5ningen-allrum-768x511.jpg 768w, http:\/\/www.vikarbyn.com\/wp-content\/uploads\/\u00d6vre-v\u00e5ningen-allrum-1024x681.jpg 1024w, http:\/\/www.vikarbyn.com\/wp-content\/uploads\/\u00d6vre-v\u00e5ningen-allrum-1080x718.jpg 1080w\" sizes=\"(max-width: 450px) 100vw, 450px\" \/><\/a><a href=\"http:\/\/www.vikarbyn.com\/wp-content\/uploads\/\u00d6vre-v\u00e5ningen-badrum.jpg\" data-rel=\"lightbox-gallery-K8QKQzq1\" data-rl_title=\"\" data-rl_caption=\"\" title=\"\"><img loading=\"lazy\" decoding=\"async\" class=\"alignnone size-medium wp-image-2890\" src=\"http:\/\/www.vikarbyn.com\/wp-content\/uploads\/\u00d6vre-v\u00e5ningen-badrum-450x299.jpg\" alt=\"\" width=\"450\" height=\"299\" srcset=\"http:\/\/www.vikarbyn.com\/wp-content\/uploads\/\u00d6vre-v\u00e5ningen-badrum-450x299.jpg 450w, http:\/\/www.vikarbyn.com\/wp-content\/uploads\/\u00d6vre-v\u00e5ningen-badrum-768x511.jpg 768w, http:\/\/www.vikarbyn.com\/wp-content\/uploads\/\u00d6vre-v\u00e5ningen-badrum-1024x681.jpg 1024w, http:\/\/www.vikarbyn.com\/wp-content\/uploads\/\u00d6vre-v\u00e5ningen-badrum-1080x718.jpg 1080w\" sizes=\"(max-width: 450px) 100vw, 450px\" \/><\/a><a href=\"http:\/\/www.vikarbyn.com\/wp-content\/uploads\/\u00d6vre-v\u00e5ningen-dubbelrum.jpg\" data-rel=\"lightbox-gallery-K8QKQzq1\" data-rl_title=\"\" data-rl_caption=\"\" title=\"\"><img loading=\"lazy\" decoding=\"async\" class=\"alignnone size-medium wp-image-2893\" src=\"http:\/\/www.vikarbyn.com\/wp-content\/uploads\/\u00d6vre-v\u00e5ningen-dubbelrum-450x299.jpg\" alt=\"\" width=\"450\" height=\"299\" srcset=\"http:\/\/www.vikarbyn.com\/wp-content\/uploads\/\u00d6vre-v\u00e5ningen-dubbelrum-450x299.jpg 450w, http:\/\/www.vikarbyn.com\/wp-content\/uploads\/\u00d6vre-v\u00e5ningen-dubbelrum-768x511.jpg 768w, http:\/\/www.vikarbyn.com\/wp-content\/uploads\/\u00d6vre-v\u00e5ningen-dubbelrum-1024x681.jpg 1024w, http:\/\/www.vikarbyn.com\/wp-content\/uploads\/\u00d6vre-v\u00e5ningen-dubbelrum-1080x718.jpg 1080w\" sizes=\"(max-width: 450px) 100vw, 450px\" \/><\/a><a href=\"http:\/\/www.vikarbyn.com\/wp-content\/uploads\/\u00d6vre-v\u00e5ningen-k\u00f6k.jpg\" data-rel=\"lightbox-gallery-K8QKQzq1\" data-rl_title=\"\" data-rl_caption=\"\" title=\"\"><img loading=\"lazy\" decoding=\"async\" class=\"alignnone size-medium wp-image-2896\" src=\"http:\/\/www.vikarbyn.com\/wp-content\/uploads\/\u00d6vre-v\u00e5ningen-k\u00f6k-450x299.jpg\" alt=\"\" width=\"450\" height=\"299\" srcset=\"http:\/\/www.vikarbyn.com\/wp-content\/uploads\/\u00d6vre-v\u00e5ningen-k\u00f6k-450x299.jpg 450w, http:\/\/www.vikarbyn.com\/wp-content\/uploads\/\u00d6vre-v\u00e5ningen-k\u00f6k-768x511.jpg 768w, http:\/\/www.vikarbyn.com\/wp-content\/uploads\/\u00d6vre-v\u00e5ningen-k\u00f6k-1024x681.jpg 1024w, http:\/\/www.vikarbyn.com\/wp-content\/uploads\/\u00d6vre-v\u00e5ningen-k\u00f6k-1080x718.jpg 1080w\" sizes=\"(max-width: 450px) 100vw, 450px\" \/><\/a><a href=\"http:\/\/www.vikarbyn.com\/wp-content\/uploads\/\u00d6vre-v\u00e5ningen-soffa.jpg\" data-rel=\"lightbox-gallery-K8QKQzq1\" data-rl_title=\"\" data-rl_caption=\"\" title=\"\"><img loading=\"lazy\" decoding=\"async\" class=\"alignnone size-medium wp-image-2899\" src=\"http:\/\/www.vikarbyn.com\/wp-content\/uploads\/\u00d6vre-v\u00e5ningen-soffa-450x299.jpg\" alt=\"\" width=\"450\" height=\"299\" srcset=\"http:\/\/www.vikarbyn.com\/wp-content\/uploads\/\u00d6vre-v\u00e5ningen-soffa-450x299.jpg 450w, http:\/\/www.vikarbyn.com\/wp-content\/uploads\/\u00d6vre-v\u00e5ningen-soffa-768x511.jpg 768w, http:\/\/www.vikarbyn.com\/wp-content\/uploads\/\u00d6vre-v\u00e5ningen-soffa-1024x681.jpg 1024w, http:\/\/www.vikarbyn.com\/wp-content\/uploads\/\u00d6vre-v\u00e5ningen-soffa-1080x718.jpg 1080w\" sizes=\"(max-width: 450px) 100vw, 450px\" \/><\/a><a href=\"http:\/\/www.vikarbyn.com\/wp-content\/uploads\/\u00d6vre-v\u00e5ningen.jpg\" data-rel=\"lightbox-gallery-K8QKQzq1\" data-rl_title=\"\" data-rl_caption=\"\" title=\"\"><img loading=\"lazy\" decoding=\"async\" class=\"alignnone size-medium wp-image-2902\" src=\"http:\/\/www.vikarbyn.com\/wp-content\/uploads\/\u00d6vre-v\u00e5ningen-450x299.jpg\" alt=\"\" width=\"450\" height=\"299\" srcset=\"http:\/\/www.vikarbyn.com\/wp-content\/uploads\/\u00d6vre-v\u00e5ningen-450x299.jpg 450w, http:\/\/www.vikarbyn.com\/wp-content\/uploads\/\u00d6vre-v\u00e5ningen-768x511.jpg 768w, http:\/\/www.vikarbyn.com\/wp-content\/uploads\/\u00d6vre-v\u00e5ningen-1024x681.jpg 1024w, http:\/\/www.vikarbyn.com\/wp-content\/uploads\/\u00d6vre-v\u00e5ningen-1080x718.jpg 1080w\" sizes=\"(max-width: 450px) 100vw, 450px\" \/><\/a><a href=\"http:\/\/www.vikarbyn.com\/wp-content\/uploads\/\u00d6vreplan.jpg\" data-rel=\"lightbox-gallery-K8QKQzq1\" data-rl_title=\"\" data-rl_caption=\"\" title=\"\"><img loading=\"lazy\" decoding=\"async\" class=\"alignnone size-medium wp-image-2905\" src=\"http:\/\/www.vikarbyn.com\/wp-content\/uploads\/\u00d6vreplan-450x677.jpg\" alt=\"\" width=\"450\" height=\"677\" srcset=\"http:\/\/www.vikarbyn.com\/wp-content\/uploads\/\u00d6vreplan-450x677.jpg 450w, http:\/\/www.vikarbyn.com\/wp-content\/uploads\/\u00d6vreplan-768x1155.jpg 768w, http:\/\/www.vikarbyn.com\/wp-content\/uploads\/\u00d6vreplan-681x1024.jpg 681w, http:\/\/www.vikarbyn.com\/wp-content\/uploads\/\u00d6vreplan-1080x1624.jpg 1080w, http:\/\/www.vikarbyn.com\/wp-content\/uploads\/\u00d6vreplan.jpg 2000w\" sizes=\"(max-width: 450px) 100vw, 450px\" \/><\/a><\/h2>\n<p><a href=\"http:\/\/www.vikarbyn.com\/wp-content\/uploads\/Nedre-v\u00e5ningen-badrum.jpg\" data-rel=\"lightbox-gallery-K8QKQzq1\" data-rl_title=\"\" data-rl_caption=\"\" title=\"\"><img loading=\"lazy\" decoding=\"async\" class=\"alignnone size-medium wp-image-2908\" src=\"http:\/\/www.vikarbyn.com\/wp-content\/uploads\/Nedre-v\u00e5ningen-badrum-450x299.jpg\" alt=\"\" width=\"450\" height=\"299\" srcset=\"http:\/\/www.vikarbyn.com\/wp-content\/uploads\/Nedre-v\u00e5ningen-badrum-450x299.jpg 450w, http:\/\/www.vikarbyn.com\/wp-content\/uploads\/Nedre-v\u00e5ningen-badrum-768x511.jpg 768w, http:\/\/www.vikarbyn.com\/wp-content\/uploads\/Nedre-v\u00e5ningen-badrum-1024x681.jpg 1024w, http:\/\/www.vikarbyn.com\/wp-content\/uploads\/Nedre-v\u00e5ningen-badrum-1080x718.jpg 1080w\" sizes=\"(max-width: 450px) 100vw, 450px\" \/><\/a> <a href=\"http:\/\/www.vikarbyn.com\/wp-content\/uploads\/Nedre-v\u00e5ningen-dubbelrum.jpg\" data-rel=\"lightbox-gallery-K8QKQzq1\" data-rl_title=\"\" data-rl_caption=\"\" title=\"\"><img loading=\"lazy\" decoding=\"async\" class=\"alignnone size-medium wp-image-2911\" src=\"http:\/\/www.vikarbyn.com\/wp-content\/uploads\/Nedre-v\u00e5ningen-dubbelrum-450x299.jpg\" alt=\"\" width=\"450\" height=\"299\" srcset=\"http:\/\/www.vikarbyn.com\/wp-content\/uploads\/Nedre-v\u00e5ningen-dubbelrum-450x299.jpg 450w, http:\/\/www.vikarbyn.com\/wp-content\/uploads\/Nedre-v\u00e5ningen-dubbelrum-768x511.jpg 768w, http:\/\/www.vikarbyn.com\/wp-content\/uploads\/Nedre-v\u00e5ningen-dubbelrum-1024x681.jpg 1024w, http:\/\/www.vikarbyn.com\/wp-content\/uploads\/Nedre-v\u00e5ningen-dubbelrum-1080x718.jpg 1080w\" sizes=\"(max-width: 450px) 100vw, 450px\" \/><\/a> <a href=\"http:\/\/www.vikarbyn.com\/wp-content\/uploads\/Nedre-v\u00e5ningen-k\u00f6k.jpg\" data-rel=\"lightbox-gallery-K8QKQzq1\" data-rl_title=\"\" data-rl_caption=\"\" title=\"\"><img loading=\"lazy\" decoding=\"async\" class=\"alignnone size-medium wp-image-2914\" src=\"http:\/\/www.vikarbyn.com\/wp-content\/uploads\/Nedre-v\u00e5ningen-k\u00f6k-450x299.jpg\" alt=\"\" width=\"450\" height=\"299\" srcset=\"http:\/\/www.vikarbyn.com\/wp-content\/uploads\/Nedre-v\u00e5ningen-k\u00f6k-450x299.jpg 450w, http:\/\/www.vikarbyn.com\/wp-content\/uploads\/Nedre-v\u00e5ningen-k\u00f6k-768x511.jpg 768w, http:\/\/www.vikarbyn.com\/wp-content\/uploads\/Nedre-v\u00e5ningen-k\u00f6k-1024x681.jpg 1024w, http:\/\/www.vikarbyn.com\/wp-content\/uploads\/Nedre-v\u00e5ningen-k\u00f6k-1080x718.jpg 1080w\" sizes=\"(max-width: 450px) 100vw, 450px\" \/><\/a> <a href=\"http:\/\/www.vikarbyn.com\/wp-content\/uploads\/Nedre-v\u00e5ningen-matbord.jpg\" data-rel=\"lightbox-gallery-K8QKQzq1\" data-rl_title=\"\" data-rl_caption=\"\" title=\"\"><img loading=\"lazy\" decoding=\"async\" class=\"alignnone size-medium wp-image-2917\" src=\"http:\/\/www.vikarbyn.com\/wp-content\/uploads\/Nedre-v\u00e5ningen-matbord-450x299.jpg\" alt=\"\" width=\"450\" height=\"299\" srcset=\"http:\/\/www.vikarbyn.com\/wp-content\/uploads\/Nedre-v\u00e5ningen-matbord-450x299.jpg 450w, http:\/\/www.vikarbyn.com\/wp-content\/uploads\/Nedre-v\u00e5ningen-matbord-768x511.jpg 768w, http:\/\/www.vikarbyn.com\/wp-content\/uploads\/Nedre-v\u00e5ningen-matbord-1024x681.jpg 1024w, http:\/\/www.vikarbyn.com\/wp-content\/uploads\/Nedre-v\u00e5ningen-matbord-1080x718.jpg 1080w\" sizes=\"(max-width: 450px) 100vw, 450px\" \/><\/a> <a href=\"http:\/\/www.vikarbyn.com\/wp-content\/uploads\/nedre-v\u00e5ningen-soffa.jpg\" data-rel=\"lightbox-gallery-K8QKQzq1\" data-rl_title=\"\" data-rl_caption=\"\" title=\"\"><img loading=\"lazy\" decoding=\"async\" class=\"alignnone size-medium wp-image-2920\" src=\"http:\/\/www.vikarbyn.com\/wp-content\/uploads\/nedre-v\u00e5ningen-soffa-450x299.jpg\" alt=\"\" width=\"450\" height=\"299\" srcset=\"http:\/\/www.vikarbyn.com\/wp-content\/uploads\/nedre-v\u00e5ningen-soffa-450x299.jpg 450w, http:\/\/www.vikarbyn.com\/wp-content\/uploads\/nedre-v\u00e5ningen-soffa-768x511.jpg 768w, http:\/\/www.vikarbyn.com\/wp-content\/uploads\/nedre-v\u00e5ningen-soffa-1024x681.jpg 1024w, http:\/\/www.vikarbyn.com\/wp-content\/uploads\/nedre-v\u00e5ningen-soffa-1080x718.jpg 1080w\" sizes=\"(max-width: 450px) 100vw, 450px\" \/><\/a> <a href=\"http:\/\/www.vikarbyn.com\/wp-content\/uploads\/Nedre-v\u00e5ningen-tre-b\u00e4ddsrum.jpg\" data-rel=\"lightbox-gallery-K8QKQzq1\" data-rl_title=\"\" data-rl_caption=\"\" title=\"\"><img loading=\"lazy\" decoding=\"async\" class=\"alignnone size-medium wp-image-2923\" src=\"http:\/\/www.vikarbyn.com\/wp-content\/uploads\/Nedre-v\u00e5ningen-tre-b\u00e4ddsrum-450x299.jpg\" alt=\"\" width=\"450\" height=\"299\" srcset=\"http:\/\/www.vikarbyn.com\/wp-content\/uploads\/Nedre-v\u00e5ningen-tre-b\u00e4ddsrum-450x299.jpg 450w, http:\/\/www.vikarbyn.com\/wp-content\/uploads\/Nedre-v\u00e5ningen-tre-b\u00e4ddsrum-768x511.jpg 768w, http:\/\/www.vikarbyn.com\/wp-content\/uploads\/Nedre-v\u00e5ningen-tre-b\u00e4ddsrum-1024x681.jpg 1024w, http:\/\/www.vikarbyn.com\/wp-content\/uploads\/Nedre-v\u00e5ningen-tre-b\u00e4ddsrum-1080x718.jpg 1080w\" sizes=\"(max-width: 450px) 100vw, 450px\" \/><\/a><\/p>\n<p>[\/et_pb_text][\/et_pb_column][\/et_pb_row][\/et_pb_section]<\/p>\n","protected":false},"excerpt":{"rendered":"<p>T\u00e4pp Apartments house Two flats, in a turn of the century house, in the center of Vikarbyn, with a view of the lake. \u00a0There is a large garden with outdoor furniture and space for parking.\u00a0 Separate entrances with TV and radio. The apartments has recently been completely renovated in old tradition fashion stile. Upper floor [&hellip;]<\/p>\n","protected":false},"author":1,"featured_media":0,"parent":0,"menu_order":0,"comment_status":"open","ping_status":"open","template":"","meta":{"_et_pb_use_builder":"on","_et_pb_old_content":"","_et_gb_content_width":"","footnotes":""},"class_list":["post-413","page","type-page","status-publish","hentry"],"_links":{"self":[{"href":"http:\/\/www.vikarbyn.com\/en\/wp-json\/wp\/v2\/pages\/413","targetHints":{"allow":["GET"]}}],"collection":[{"href":"http:\/\/www.vikarbyn.com\/en\/wp-json\/wp\/v2\/pages"}],"about":[{"href":"http:\/\/www.vikarbyn.com\/en\/wp-json\/wp\/v2\/types\/page"}],"author":[{"embeddable":true,"href":"http:\/\/www.vikarbyn.com\/en\/wp-json\/wp\/v2\/users\/1"}],"replies":[{"embeddable":true,"href":"http:\/\/www.vikarbyn.com\/en\/wp-json\/wp\/v2\/comments?post=413"}],"version-history":[{"count":9,"href":"http:\/\/www.vikarbyn.com\/en\/wp-json\/wp\/v2\/pages\/413\/revisions"}],"predecessor-version":[{"id":2926,"href":"http:\/\/www.vikarbyn.com\/en\/wp-json\/wp\/v2\/pages\/413\/revisions\/2926"}],"wp:attachment":[{"href":"http:\/\/www.vikarbyn.com\/en\/wp-json\/wp\/v2\/media?parent=413"}],"curies":[{"name":"wp","href":"https:\/\/api.w.org\/{rel}","templated":true}]}}