{"id":373,"date":"2021-04-17T16:37:46","date_gmt":"2021-04-17T14:37:46","guid":{"rendered":"http:\/\/www2.vikarbyn.com\/?page_id=373"},"modified":"2021-05-10T15:48:27","modified_gmt":"2021-05-10T13:48:27","slug":"overnattningsstuga","status":"publish","type":"page","link":"http:\/\/www.vikarbyn.com\/en\/overnattningsstuga\/","title":{"rendered":"\u00d6vernattningsstuga"},"content":{"rendered":"<p>[et_pb_section bb_built=&#8221;1&#8243; admin_label=&#8221;section&#8221;][et_pb_row admin_label=&#8221;row&#8221;][et_pb_column type=&#8221;1_2&#8243;][et_pb_text admin_label=&#8221;Text&#8221; background_layout=&#8221;light&#8221; text_orientation=&#8221;left&#8221; use_border_color=&#8221;off&#8221; border_color=&#8221;#ffffff&#8221; border_style=&#8221;solid&#8221;]<\/p>\n<h1>\u00d6vernattningsstugor 28 kvm, 6 b\u00e4ddar<\/h1>\n<p>Bel\u00e4get p\u00e5 v\u00e4rdens g\u00e5rd med skogstomt i lugnt l\u00e4ge.<\/p>\n<p>Enkelt, prisv\u00e4rt boende i naturn\u00e4ra milj\u00f6 med skogstomt. G\u00e5ngavst\u00e5nd \u00f6ver g\u00e5rden till separat hygienbyggnad med dusch och toa. G\u00e4sten st\u00e4dar sj\u00e4lv.<\/p>\n<p>Tv\u00e5 rum med 4+2 v\u00e5ningsb\u00e4ddar, litet k\u00f6k, micro och matbord.<\/p>\n<p>Alla stugor har altan och radio.<\/p>\n<h2><\/h2>\n<h2>H\u00e4rbre 4 b\u00e4ddar<\/h2>\n<p>2 b\u00e4ddar p\u00e5 nederv\u00e5ningen och 2 b\u00e4ddar p\u00e5 sovloft (Ej kokm\u00f6jligheter)<br \/>\n<strong>4 b\u00e4ddar 500 kr<\/strong><\/p>\n<p>&nbsp;<\/p>\n<p>[\/et_pb_text][\/et_pb_column][et_pb_column type=&#8221;1_2&#8243;][et_pb_image admin_label=&#8221;Image&#8221; src=&#8221;http:\/\/www2.vikarbyn.com\/wp-content\/uploads\/overnattning_exterior.jpg&#8221; url_new_window=&#8221;off&#8221; animation=&#8221;left&#8221; \/][\/et_pb_column][\/et_pb_row][\/et_pb_section][et_pb_section bb_built=&#8221;1&#8243; admin_label=&#8221;section&#8221; fullwidth=&#8221;off&#8221; background_color=&#8221;#d8c9aa&#8221; inner_shadow=&#8221;on&#8221; parallax=&#8221;off&#8221;][et_pb_row admin_label=&#8221;row&#8221;][et_pb_column type=&#8221;4_4&#8243;][et_pb_text admin_label=&#8221;Fler bilder&#8221; background_layout=&#8221;light&#8221; text_orientation=&#8221;left&#8221; module_class=&#8221;moreimages&#8221; use_border_color=&#8221;off&#8221; border_color=&#8221;#ffffff&#8221; border_style=&#8221;solid&#8221;]<\/p>\n<h2><a href=\"http:\/\/www.vikarbyn.com\/wp-content\/uploads\/overnattning_exterior.jpg\" data-rel=\"lightbox-gallery-6QaKxSzH\" data-rl_title=\"\" data-rl_caption=\"\" title=\"\"><img loading=\"lazy\" decoding=\"async\" class=\"alignnone size-medium wp-image-1884\" src=\"http:\/\/www.vikarbyn.com\/wp-content\/uploads\/overnattning_exterior-450x306.jpg\" alt=\"\" width=\"450\" height=\"306\" srcset=\"http:\/\/www.vikarbyn.com\/wp-content\/uploads\/overnattning_exterior-450x306.jpg 450w, http:\/\/www.vikarbyn.com\/wp-content\/uploads\/overnattning_exterior.jpg 1000w\" sizes=\"(max-width: 450px) 100vw, 450px\" \/><\/a><\/h2>\n<p><a href=\"http:\/\/www2.vikarbyn.com\/wp-content\/uploads\/overnattning_matbord.jpg\" data-rel=\"lightbox-gallery-6QaKxSzH\" data-rl_title=\"\" data-rl_caption=\"\" title=\"\"><img loading=\"lazy\" decoding=\"async\" class=\"alignnone wp-image-138 size-medium\" src=\"http:\/\/www.vikarbyn.com\/wp-content\/uploads\/overnattning_matbord-450x316.jpg\" alt=\"overnattning_matbord\" width=\"450\" height=\"316\" srcset=\"http:\/\/www.vikarbyn.com\/wp-content\/uploads\/overnattning_matbord-450x316.jpg 450w, http:\/\/www.vikarbyn.com\/wp-content\/uploads\/overnattning_matbord.jpg 1000w\" sizes=\"(max-width: 450px) 100vw, 450px\" \/><\/a><a href=\"http:\/\/www2.vikarbyn.com\/wp-content\/uploads\/overnattning_rum.jpg\" data-rel=\"lightbox-gallery-6QaKxSzH\" data-rl_title=\"\" data-rl_caption=\"\" title=\"\"><img loading=\"lazy\" decoding=\"async\" class=\"alignnone wp-image-139 size-medium\" src=\"http:\/\/www.vikarbyn.com\/wp-content\/uploads\/overnattning_rum-450x299.jpg\" alt=\"overnattning_rum\" width=\"450\" height=\"299\" srcset=\"http:\/\/www.vikarbyn.com\/wp-content\/uploads\/overnattning_rum-450x299.jpg 450w, http:\/\/www.vikarbyn.com\/wp-content\/uploads\/overnattning_rum.jpg 1000w\" sizes=\"(max-width: 450px) 100vw, 450px\" \/><\/a><a href=\"http:\/\/www2.vikarbyn.com\/wp-content\/uploads\/overnattning_sangar.jpg\" data-rel=\"lightbox-gallery-6QaKxSzH\" data-rl_title=\"\" data-rl_caption=\"\" title=\"\"><img loading=\"lazy\" decoding=\"async\" class=\"alignnone wp-image-140 size-medium\" src=\"http:\/\/www.vikarbyn.com\/wp-content\/uploads\/overnattning_sangar-450x299.jpg\" alt=\"overnattning_sangar\" width=\"450\" height=\"299\" srcset=\"http:\/\/www.vikarbyn.com\/wp-content\/uploads\/overnattning_sangar-450x299.jpg 450w, http:\/\/www.vikarbyn.com\/wp-content\/uploads\/overnattning_sangar.jpg 1000w\" sizes=\"(max-width: 450px) 100vw, 450px\" \/><\/a><a href=\"http:\/\/www2.vikarbyn.com\/wp-content\/uploads\/harbre_exterior.jpg\" data-rel=\"lightbox-gallery-6QaKxSzH\" data-rl_title=\"\" data-rl_caption=\"\" title=\"\"><img loading=\"lazy\" decoding=\"async\" class=\"alignnone wp-image-436 size-medium\" src=\"http:\/\/www.vikarbyn.com\/wp-content\/uploads\/harbre_exterior-450x337.jpg\" alt=\"harbre_exterior\" width=\"450\" height=\"337\" srcset=\"http:\/\/www.vikarbyn.com\/wp-content\/uploads\/harbre_exterior-450x337.jpg 450w, http:\/\/www.vikarbyn.com\/wp-content\/uploads\/harbre_exterior-300x225.jpg 300w, http:\/\/www.vikarbyn.com\/wp-content\/uploads\/harbre_exterior.jpg 1000w\" sizes=\"(max-width: 450px) 100vw, 450px\" \/><\/a><\/p>\n<p>&nbsp;<\/p>\n<p>[\/et_pb_text][\/et_pb_column][\/et_pb_row][\/et_pb_section]<\/p>\n","protected":false},"excerpt":{"rendered":"<p>\u00d6vernattningsstugor 28 kvm, 6 b\u00e4ddar Bel\u00e4get p\u00e5 v\u00e4rdens g\u00e5rd med skogstomt i lugnt l\u00e4ge. Enkelt, prisv\u00e4rt boende i naturn\u00e4ra milj\u00f6 med skogstomt. G\u00e5ngavst\u00e5nd \u00f6ver g\u00e5rden till separat hygienbyggnad med dusch och toa. G\u00e4sten st\u00e4dar sj\u00e4lv. Tv\u00e5 rum med 4+2 v\u00e5ningsb\u00e4ddar, litet k\u00f6k, micro och matbord. Alla stugor har altan och radio. H\u00e4rbre 4 b\u00e4ddar 2 [&hellip;]<\/p>\n","protected":false},"author":1,"featured_media":0,"parent":0,"menu_order":0,"comment_status":"open","ping_status":"open","template":"","meta":{"_et_pb_use_builder":"on","_et_pb_old_content":"","_et_gb_content_width":"","footnotes":""},"class_list":["post-373","page","type-page","status-publish","hentry"],"_links":{"self":[{"href":"http:\/\/www.vikarbyn.com\/en\/wp-json\/wp\/v2\/pages\/373","targetHints":{"allow":["GET"]}}],"collection":[{"href":"http:\/\/www.vikarbyn.com\/en\/wp-json\/wp\/v2\/pages"}],"about":[{"href":"http:\/\/www.vikarbyn.com\/en\/wp-json\/wp\/v2\/types\/page"}],"author":[{"embeddable":true,"href":"http:\/\/www.vikarbyn.com\/en\/wp-json\/wp\/v2\/users\/1"}],"replies":[{"embeddable":true,"href":"http:\/\/www.vikarbyn.com\/en\/wp-json\/wp\/v2\/comments?post=373"}],"version-history":[{"count":13,"href":"http:\/\/www.vikarbyn.com\/en\/wp-json\/wp\/v2\/pages\/373\/revisions"}],"predecessor-version":[{"id":2511,"href":"http:\/\/www.vikarbyn.com\/en\/wp-json\/wp\/v2\/pages\/373\/revisions\/2511"}],"wp:attachment":[{"href":"http:\/\/www.vikarbyn.com\/en\/wp-json\/wp\/v2\/media?parent=373"}],"curies":[{"name":"wp","href":"https:\/\/api.w.org\/{rel}","templated":true}]}}