{"id":3544,"date":"2025-04-05T14:07:33","date_gmt":"2025-04-05T12:07:33","guid":{"rendered":"https:\/\/www.vikarbyn.com\/?page_id=3544"},"modified":"2025-04-05T22:51:19","modified_gmt":"2025-04-05T20:51:19","slug":"bo-i-stuga","status":"publish","type":"page","link":"http:\/\/www.vikarbyn.com\/en\/bo-i-stuga\/","title":{"rendered":"Bo i stuga"},"content":{"rendered":"<p>[et_pb_section fb_built=&#8221;1&#8243; admin_label=&#8221;section&#8221; _builder_version=&#8221;4.27.4&#8243; global_colors_info=&#8221;{}&#8221;][et_pb_row admin_label=&#8221;row&#8221; _builder_version=&#8221;4.16&#8243; background_size=&#8221;initial&#8221; background_position=&#8221;top_left&#8221; background_repeat=&#8221;repeat&#8221; min_height=&#8221;275.9px&#8221; global_colors_info=&#8221;{}&#8221;][et_pb_column type=&#8221;4_4&#8243; _builder_version=&#8221;4.16&#8243; custom_padding=&#8221;|||&#8221; global_colors_info=&#8221;{}&#8221; custom_padding__hover=&#8221;|||&#8221;][et_pb_text admin_label=&#8221;Text&#8221; _builder_version=&#8221;4.27.4&#8243; background_size=&#8221;initial&#8221; background_position=&#8221;top_left&#8221; background_repeat=&#8221;repeat&#8221; use_border_color=&#8221;off&#8221; border_color=&#8221;#ffffff&#8221; border_style=&#8221;solid&#8221; global_colors_info=&#8221;{}&#8221;]<\/p>\n<h1>Bo i stuga<\/h1>\n<p><span style=\"font-size: 14pt;\"><\/span><\/p>\n<p><span style=\"font-size: 14pt;\">V\u00e4lkommen att bo i stugor med sj\u00e4lvhush\u00e5ll och p\u00e5 g\u00e5ngavst\u00e5nd i Vikarbyn.<\/span><\/p>\n<p><span style=\"font-size: 14pt;\">Priser f\u00f6r stugor inkluderar inte lakan, frukost och slutst\u00e4dning. De tillkommer enligt f\u00f6ljande:<\/span><\/p>\n<ul>\n<li><span style=\"font-size: 14pt;\">Frukostbuff\u00e9 95 kr\/person och dag<\/span><\/li>\n<li><span style=\"font-size: 14pt;\">Lakan och handdukar 95 kr\/person<\/span><\/li>\n<li><span style=\"font-size: 14pt;\">Slutst\u00e4dning 950 kr\/stuga<\/span><strong><span style=\"font-size: 18pt;\"><span style=\"font-size: 14pt;\"><\/span><\/span><\/strong><\/li>\n<\/ul>\n<p>[\/et_pb_text][\/et_pb_column][\/et_pb_row][et_pb_row _builder_version=&#8221;4.27.4&#8243; _module_preset=&#8221;default&#8221; global_colors_info=&#8221;{}&#8221;][et_pb_column type=&#8221;4_4&#8243; _builder_version=&#8221;4.27.4&#8243; _module_preset=&#8221;default&#8221; global_colors_info=&#8221;{}&#8221;][et_pb_text _builder_version=&#8221;4.27.4&#8243; _module_preset=&#8221;default&#8221; global_colors_info=&#8221;{}&#8221;]<\/p>\n<h2>Boka h\u00e4r<\/h2>\n<p>[\/et_pb_text][et_pb_text _builder_version=&#8221;4.27.4&#8243; _module_preset=&#8221;default&#8221; custom_margin=&#8221;||-115px|||&#8221; global_colors_info=&#8221;{}&#8221;]<\/p>\n<script async type=\"text\/javascript\" src=\"https:\/\/secured.sirvoy.com\/widget\/sirvoy.js\" data-form-id=\"53035d7653de3\"><\/script>\n<p>[\/et_pb_text][\/et_pb_column][\/et_pb_row][et_pb_row column_structure=&#8221;1_3,1_3,1_3&#8243; _builder_version=&#8221;4.27.4&#8243; _module_preset=&#8221;default&#8221; global_colors_info=&#8221;{}&#8221;][et_pb_column type=&#8221;1_3&#8243; _builder_version=&#8221;4.27.4&#8243; _module_preset=&#8221;default&#8221; global_colors_info=&#8221;{}&#8221;][et_pb_image src=&#8221;http:\/\/www.vikarbyn.com\/wp-content\/uploads\/DSC_1143.jpg&#8221; title_text=&#8221;DSC_1143&#8243; _builder_version=&#8221;4.27.4&#8243; _module_preset=&#8221;default&#8221; background_color=&#8221;RGBA(255,255,255,0)&#8221; global_colors_info=&#8221;{}&#8221;][\/et_pb_image][et_pb_button button_url=&#8221;@ET-DC@eyJkeW5hbWljIjp0cnVlLCJjb250ZW50IjoicG9zdF9saW5rX3VybF9wcm9qZWN0Iiwic2V0dGluZ3MiOnsicG9zdF9pZCI6IjM2MTIifX0=@&#8221; url_new_window=&#8221;on&#8221; button_text=&#8221;Boka&#8221; button_alignment=&#8221;center&#8221; _builder_version=&#8221;4.27.4&#8243; _dynamic_attributes=&#8221;button_url&#8221; _module_preset=&#8221;default&#8221; custom_button=&#8221;on&#8221; global_colors_info=&#8221;{}&#8221;][\/et_pb_button][et_pb_text _builder_version=&#8221;4.27.4&#8243; _module_preset=&#8221;default&#8221; min_height=&#8221;174.2px&#8221; global_colors_info=&#8221;{}&#8221;]<\/p>\n<h2>Dalag\u00e5rd<\/h2>\n<p>Stor trevlig g\u00e5rd med altan med kv\u00e4llssol och utsikt mot sj\u00f6n.<\/p>\n<p><strong>Antal b\u00e4ddar<\/strong> 8 b\u00e4ddar + 2 dagb\u00e4ddar<br \/><strong>Antal kvm<\/strong> 120<br \/><strong>Pris<\/strong> 2 750 kr\/dygn<\/p>\n<p>[\/et_pb_text][\/et_pb_column][et_pb_column type=&#8221;1_3&#8243; _builder_version=&#8221;4.27.4&#8243; _module_preset=&#8221;default&#8221; global_colors_info=&#8221;{}&#8221;][et_pb_image src=&#8221;http:\/\/www.vikarbyn.com\/wp-content\/uploads\/DSC_2871-2.jpg&#8221; title_text=&#8221;DSC_2871&#8243; _builder_version=&#8221;4.27.4&#8243; _module_preset=&#8221;default&#8221; background_color=&#8221;RGBA(255,255,255,0)&#8221; global_colors_info=&#8221;{}&#8221;][\/et_pb_image][et_pb_button button_url=&#8221;@ET-DC@eyJkeW5hbWljIjp0cnVlLCJjb250ZW50IjoicG9zdF9saW5rX3VybF9wcm9qZWN0Iiwic2V0dGluZ3MiOnsicG9zdF9pZCI6IjM2NDcifX0=@&#8221; url_new_window=&#8221;on&#8221; button_text=&#8221;Boka&#8221; button_alignment=&#8221;center&#8221; _builder_version=&#8221;4.27.4&#8243; _dynamic_attributes=&#8221;button_url&#8221; _module_preset=&#8221;default&#8221; custom_button=&#8221;on&#8221; global_colors_info=&#8221;{}&#8221;][\/et_pb_button][et_pb_text _builder_version=&#8221;4.27.4&#8243; _module_preset=&#8221;default&#8221; min_height=&#8221;174.2px&#8221; global_colors_info=&#8221;{}&#8221;]<\/p>\n<h2>Lillstuga<\/h2>\n<p>Mysig stuga som delar tomt med Dalag\u00e5rd.<\/p>\n<p><strong>Antal b\u00e4ddar<\/strong> 4 b\u00e4ddar<br \/><strong>Antal kvm<\/strong> 40<br \/><strong>Pris<\/strong> 1 350 kr\/dygn<\/p>\n<p>[\/et_pb_text][\/et_pb_column][et_pb_column type=&#8221;1_3&#8243; _builder_version=&#8221;4.27.4&#8243; _module_preset=&#8221;default&#8221; global_colors_info=&#8221;{}&#8221;][et_pb_image src=&#8221;http:\/\/www.vikarbyn.com\/wp-content\/uploads\/Kusinens-Stuga-7280218.jpg&#8221; title_text=&#8221;TIMMERSTUGA&#8221; _builder_version=&#8221;4.27.4&#8243; _module_preset=&#8221;default&#8221; background_color=&#8221;RGBA(255,255,255,0)&#8221; global_colors_info=&#8221;{}&#8221;][\/et_pb_image][et_pb_button button_url=&#8221;@ET-DC@eyJkeW5hbWljIjp0cnVlLCJjb250ZW50IjoicG9zdF9saW5rX3VybF9wcm9qZWN0Iiwic2V0dGluZ3MiOnsicG9zdF9pZCI6IjM2NTUifX0=@&#8221; url_new_window=&#8221;on&#8221; button_text=&#8221;Boka&#8221; button_alignment=&#8221;center&#8221; _builder_version=&#8221;4.27.4&#8243; _dynamic_attributes=&#8221;button_url&#8221; _module_preset=&#8221;default&#8221; custom_button=&#8221;on&#8221; global_colors_info=&#8221;{}&#8221;][\/et_pb_button][et_pb_text _builder_version=&#8221;4.27.4&#8243; _module_preset=&#8221;default&#8221; min_height=&#8221;174.2px&#8221; global_colors_info=&#8221;{}&#8221;]<\/p>\n<h2>Timmerstuga<\/h2>\n<p><span>Timmerstuga p\u00e5 delad tomt centralt i Vikarbyn. <\/span><span>Viss utsikt \u00f6ver Siljan. Uteplats med m\u00f6bler och grill. Bad i Siljan ca 800 m.<\/span><\/p>\n<p><strong>Antal b\u00e4ddar<\/strong> 5 b\u00e4ddar<br \/><strong>Antal kvm<\/strong> 60<br \/><strong>Pris<\/strong> <span>10 000 kr\/vecka<\/span><br \/><span>1 750 kr\/dygn<\/span><br \/><span>Veckorna 9 och 31 12 500 kr\/vecka<\/span><\/p>\n<p>[\/et_pb_text][\/et_pb_column][\/et_pb_row][et_pb_row column_structure=&#8221;1_3,1_3,1_3&#8243; _builder_version=&#8221;4.27.4&#8243; _module_preset=&#8221;default&#8221; global_colors_info=&#8221;{}&#8221;][et_pb_column type=&#8221;1_3&#8243; _builder_version=&#8221;4.27.4&#8243; _module_preset=&#8221;default&#8221; global_colors_info=&#8221;{}&#8221;][et_pb_image src=&#8221;http:\/\/www.vikarbyn.com\/wp-content\/uploads\/tappgarden_exterior.jpg&#8221; title_text=&#8221;tappgarden_exterior&#8221; _builder_version=&#8221;4.27.4&#8243; _module_preset=&#8221;default&#8221; background_color=&#8221;RGBA(255,255,255,0)&#8221; global_colors_info=&#8221;{}&#8221;][\/et_pb_image][et_pb_button button_url=&#8221;@ET-DC@eyJkeW5hbWljIjp0cnVlLCJjb250ZW50IjoicG9zdF9saW5rX3VybF9wcm9qZWN0Iiwic2V0dGluZ3MiOnsicG9zdF9pZCI6IjM2NjAifX0=@&#8221; url_new_window=&#8221;on&#8221; button_text=&#8221;Boka&#8221; button_alignment=&#8221;center&#8221; _builder_version=&#8221;4.27.4&#8243; _dynamic_attributes=&#8221;button_url&#8221; _module_preset=&#8221;default&#8221; custom_button=&#8221;on&#8221; global_colors_info=&#8221;{}&#8221;][\/et_pb_button][et_pb_text _builder_version=&#8221;4.27.4&#8243; _module_preset=&#8221;default&#8221; min_height=&#8221;174.2px&#8221; global_colors_info=&#8221;{}&#8221;]<\/p>\n<h2>T\u00e4ppg\u00e5rden<\/h2>\n<p>Tv\u00e5 l\u00e4genheter om vardera cirka 60 kvm i hus fr\u00e5n sekelskiftet.<span>\u00a0Smakfullt nyrenoverade med \u00f6ppen planl\u00f6sning, tr\u00e4golv och vitlaserad tr\u00e4panel.<\/span><\/p>\n<p><strong>Antal b\u00e4ddar<\/strong> 5+2 b\u00e4ddar per l\u00e4genhet<br \/><strong>Antal kvm<\/strong> c:a 60 kvm per l\u00e4genhet<br \/><strong>Pris<\/strong> <span>1 500 kr\/dygn och l\u00e4genhet<br \/>Vecka 9 och 31: 11 500 kr\/vecka och l\u00e4genhet<\/span><\/p>\n<p>[\/et_pb_text][\/et_pb_column][et_pb_column type=&#8221;1_3&#8243; _builder_version=&#8221;4.27.4&#8243; _module_preset=&#8221;default&#8221; global_colors_info=&#8221;{}&#8221;][et_pb_image src=&#8221;http:\/\/www.vikarbyn.com\/wp-content\/uploads\/tappgarden_villan.jpg&#8221; title_text=&#8221;tappgarden_villan&#8221; _builder_version=&#8221;4.27.4&#8243; _module_preset=&#8221;default&#8221; background_color=&#8221;RGBA(255,255,255,0)&#8221; global_colors_info=&#8221;{}&#8221;][\/et_pb_image][et_pb_button button_url=&#8221;@ET-DC@eyJkeW5hbWljIjp0cnVlLCJjb250ZW50IjoicG9zdF9saW5rX3VybF9wcm9qZWN0Iiwic2V0dGluZ3MiOnsicG9zdF9pZCI6IjM2NjcifX0=@&#8221; url_new_window=&#8221;on&#8221; button_text=&#8221;Boka&#8221; button_alignment=&#8221;center&#8221; _builder_version=&#8221;4.27.4&#8243; _dynamic_attributes=&#8221;button_url&#8221; _module_preset=&#8221;default&#8221; custom_button=&#8221;on&#8221; global_colors_info=&#8221;{}&#8221;][\/et_pb_button][et_pb_text _builder_version=&#8221;4.27.4&#8243; _module_preset=&#8221;default&#8221; min_height=&#8221;174.2px&#8221; global_colors_info=&#8221;{}&#8221;]<\/p>\n<h2>T\u00e4ppg\u00e5rden Villa<\/h2>\n<p>Mysig stuga som delar tomt med Dalag\u00e5rd.<\/p>\n<p><strong>Antal b\u00e4ddar<\/strong> 4 b\u00e4ddar<br \/><strong>Antal kvm<\/strong> 40<br \/><strong>Pris<\/strong> 1 350 kr\/dygn<\/p>\n<p>[\/et_pb_text][\/et_pb_column][et_pb_column type=&#8221;1_3&#8243; _builder_version=&#8221;4.27.4&#8243; _module_preset=&#8221;default&#8221; global_colors_info=&#8221;{}&#8221;][et_pb_image src=&#8221;http:\/\/www.vikarbyn.com\/wp-content\/uploads\/harbre_int8.jpg&#8221; title_text=&#8221;harbre_int8&#8243; _builder_version=&#8221;4.27.4&#8243; _module_preset=&#8221;default&#8221; background_color=&#8221;RGBA(255,255,255,0)&#8221; global_colors_info=&#8221;{}&#8221;][\/et_pb_image][et_pb_button button_url=&#8221;@ET-DC@eyJkeW5hbWljIjp0cnVlLCJjb250ZW50IjoicG9zdF9saW5rX3VybF9wcm9qZWN0Iiwic2V0dGluZ3MiOnsicG9zdF9pZCI6IjM2NzUifX0=@&#8221; url_new_window=&#8221;on&#8221; button_text=&#8221;Boka&#8221; button_alignment=&#8221;center&#8221; _builder_version=&#8221;4.27.4&#8243; _dynamic_attributes=&#8221;button_url&#8221; _module_preset=&#8221;default&#8221; custom_button=&#8221;on&#8221; global_colors_info=&#8221;{}&#8221;][\/et_pb_button][et_pb_text _builder_version=&#8221;4.27.4&#8243; _module_preset=&#8221;default&#8221; min_height=&#8221;174.2px&#8221; global_colors_info=&#8221;{}&#8221;]<\/p>\n<h2>H\u00e4rbre<\/h2>\n<p>Mysigt h\u00e4rbre med plats f\u00f6r tv\u00e5.<\/p>\n<p><strong>Antal b\u00e4ddar<\/strong> 2 b\u00e4ddar<br \/><strong>Pris<\/strong> 750 kr\/dygn<\/p>\n<p>[\/et_pb_text][\/et_pb_column][\/et_pb_row][et_pb_row column_structure=&#8221;1_3,1_3,1_3&#8243; _builder_version=&#8221;4.27.4&#8243; _module_preset=&#8221;default&#8221; global_colors_info=&#8221;{}&#8221;][et_pb_column type=&#8221;1_3&#8243; _builder_version=&#8221;4.27.4&#8243; _module_preset=&#8221;default&#8221; global_colors_info=&#8221;{}&#8221;][et_pb_image src=&#8221;http:\/\/www.vikarbyn.com\/wp-content\/uploads\/tappgarden_exterior.jpg&#8221; title_text=&#8221;tappgarden_exterior&#8221; _builder_version=&#8221;4.27.4&#8243; _module_preset=&#8221;default&#8221; background_color=&#8221;RGBA(255,255,255,0)&#8221; global_colors_info=&#8221;{}&#8221;][\/et_pb_image][et_pb_button button_url=&#8221;@ET-DC@eyJkeW5hbWljIjp0cnVlLCJjb250ZW50IjoicG9zdF9saW5rX3VybF9wcm9qZWN0Iiwic2V0dGluZ3MiOnsicG9zdF9pZCI6IjM2ODEifX0=@&#8221; url_new_window=&#8221;on&#8221; button_text=&#8221;Boka&#8221; button_alignment=&#8221;center&#8221; _builder_version=&#8221;4.27.4&#8243; _dynamic_attributes=&#8221;button_url&#8221; _module_preset=&#8221;default&#8221; custom_button=&#8221;on&#8221; hover_enabled=&#8221;0&#8243; global_colors_info=&#8221;{}&#8221; sticky_enabled=&#8221;0&#8243;][\/et_pb_button][et_pb_text _builder_version=&#8221;4.27.4&#8243; _module_preset=&#8221;default&#8221; min_height=&#8221;174.2px&#8221; global_colors_info=&#8221;{}&#8221;]<\/p>\n<h2>Grannl\u00e5t<\/h2>\n<p>Stuga med tv\u00e5 b\u00e4ddar.<\/p>\n<p><strong>Antal b\u00e4ddar<\/strong> 2 b\u00e4ddar<br \/><strong>Pris<\/strong> <span>1 350 kr\/dygn<\/span><\/p>\n<p>[\/et_pb_text][\/et_pb_column][et_pb_column type=&#8221;1_3&#8243; _builder_version=&#8221;4.27.4&#8243; _module_preset=&#8221;default&#8221; global_colors_info=&#8221;{}&#8221;][et_pb_image src=&#8221;http:\/\/www.vikarbyn.com\/wp-content\/uploads\/timmerloft_exterior.jpg&#8221; title_text=&#8221;timmerloft_exterior&#8221; _builder_version=&#8221;4.27.4&#8243; _module_preset=&#8221;default&#8221; background_color=&#8221;RGBA(255,255,255,0)&#8221; global_colors_info=&#8221;{}&#8221;][\/et_pb_image][et_pb_button button_url=&#8221;@ET-DC@eyJkeW5hbWljIjp0cnVlLCJjb250ZW50IjoicG9zdF9saW5rX3VybF9wcm9qZWN0Iiwic2V0dGluZ3MiOnsicG9zdF9pZCI6IjM2ODcifX0=@&#8221; url_new_window=&#8221;on&#8221; button_text=&#8221;Boka&#8221; button_alignment=&#8221;center&#8221; _builder_version=&#8221;4.27.4&#8243; _dynamic_attributes=&#8221;button_url&#8221; _module_preset=&#8221;default&#8221; custom_button=&#8221;on&#8221; hover_enabled=&#8221;0&#8243; global_colors_info=&#8221;{}&#8221; sticky_enabled=&#8221;0&#8243;][\/et_pb_button][et_pb_text _builder_version=&#8221;4.27.4&#8243; _module_preset=&#8221;default&#8221; min_height=&#8221;174.2px&#8221; global_colors_info=&#8221;{}&#8221;]<\/p>\n<h2>Timmer Villa<\/h2>\n<p>Villa.<\/p>\n<p><strong>Antal b\u00e4ddar<\/strong> &#8230;\u00a0<br \/><strong>Antal kvm<\/strong> &#8230;<br \/><strong>Pris<\/strong> 1 950 kr\/dygn och enhet<\/p>\n<p>[\/et_pb_text][\/et_pb_column][et_pb_column type=&#8221;1_3&#8243; _builder_version=&#8221;4.27.4&#8243; _module_preset=&#8221;default&#8221; global_colors_info=&#8221;{}&#8221;][et_pb_image src=&#8221;http:\/\/www.vikarbyn.com\/wp-content\/uploads\/harbre_int8.jpg&#8221; title_text=&#8221;harbre_int8&#8243; _builder_version=&#8221;4.27.4&#8243; _module_preset=&#8221;default&#8221; background_color=&#8221;RGBA(255,255,255,0)&#8221; global_colors_info=&#8221;{}&#8221;][\/et_pb_image][et_pb_button button_url=&#8221;@ET-DC@eyJkeW5hbWljIjp0cnVlLCJjb250ZW50IjoicG9zdF9saW5rX3VybF9wcm9qZWN0Iiwic2V0dGluZ3MiOnsicG9zdF9pZCI6IjM2ODAifX0=@&#8221; url_new_window=&#8221;on&#8221; button_text=&#8221;Boka&#8221; button_alignment=&#8221;center&#8221; _builder_version=&#8221;4.27.4&#8243; _dynamic_attributes=&#8221;button_url&#8221; _module_preset=&#8221;default&#8221; custom_button=&#8221;on&#8221; hover_enabled=&#8221;0&#8243; global_colors_info=&#8221;{}&#8221; sticky_enabled=&#8221;0&#8243;][\/et_pb_button][et_pb_text _builder_version=&#8221;4.27.4&#8243; _module_preset=&#8221;default&#8221; min_height=&#8221;174.2px&#8221; global_colors_info=&#8221;{}&#8221;]<\/p>\n<h2>L\u00e4genhet i tv\u00e5 plan<\/h2>\n<p>Fin l\u00e4genhet i tv\u00e5 plan med fyra b\u00e4ddar.<\/p>\n<p><strong>Antal b\u00e4ddar<\/strong> 4 b\u00e4ddar<br \/><strong>Pris<\/strong> 1 750 kr\/dygn<\/p>\n<ul><\/ul>\n<p>[\/et_pb_text][\/et_pb_column][\/et_pb_row][\/et_pb_section]<\/p>\n","protected":false},"excerpt":{"rendered":"<p>Bo i stuga V\u00e4lkommen att bo i stugor med sj\u00e4lvhush\u00e5ll och p\u00e5 g\u00e5ngavst\u00e5nd i Vikarbyn. Priser f\u00f6r stugor inkluderar inte lakan, frukost och slutst\u00e4dning. De tillkommer enligt f\u00f6ljande: Frukostbuff\u00e9 95 kr\/person och dag Lakan och handdukar 95 kr\/person Slutst\u00e4dning 950 kr\/stuga Boka h\u00e4r<script async type=\"text\/javascript\" src=\"https:\/\/secured.sirvoy.com\/widget\/sirvoy.js\" data-form-id=\"53035d7653de3\"><\/script>Dalag\u00e5rd Stor trevlig g\u00e5rd med altan med kv\u00e4llssol och utsikt mot sj\u00f6n. Antal [&hellip;]<\/p>\n","protected":false},"author":1,"featured_media":0,"parent":0,"menu_order":0,"comment_status":"open","ping_status":"closed","template":"","meta":{"_et_pb_use_builder":"on","_et_pb_old_content":"","_et_gb_content_width":"","footnotes":""},"class_list":["post-3544","page","type-page","status-publish","hentry"],"_links":{"self":[{"href":"http:\/\/www.vikarbyn.com\/en\/wp-json\/wp\/v2\/pages\/3544","targetHints":{"allow":["GET"]}}],"collection":[{"href":"http:\/\/www.vikarbyn.com\/en\/wp-json\/wp\/v2\/pages"}],"about":[{"href":"http:\/\/www.vikarbyn.com\/en\/wp-json\/wp\/v2\/types\/page"}],"author":[{"embeddable":true,"href":"http:\/\/www.vikarbyn.com\/en\/wp-json\/wp\/v2\/users\/1"}],"replies":[{"embeddable":true,"href":"http:\/\/www.vikarbyn.com\/en\/wp-json\/wp\/v2\/comments?post=3544"}],"version-history":[{"count":27,"href":"http:\/\/www.vikarbyn.com\/en\/wp-json\/wp\/v2\/pages\/3544\/revisions"}],"predecessor-version":[{"id":3697,"href":"http:\/\/www.vikarbyn.com\/en\/wp-json\/wp\/v2\/pages\/3544\/revisions\/3697"}],"wp:attachment":[{"href":"http:\/\/www.vikarbyn.com\/en\/wp-json\/wp\/v2\/media?parent=3544"}],"curies":[{"name":"wp","href":"https:\/\/api.w.org\/{rel}","templated":true}]}}