{"id":242,"date":"2021-04-17T18:44:59","date_gmt":"2021-04-17T16:44:59","guid":{"rendered":"http:\/\/www2.vikarbyn.com\/?page_id=242"},"modified":"2021-05-10T17:24:13","modified_gmt":"2021-05-10T15:24:13","slug":"om-backlunds","status":"publish","type":"page","link":"http:\/\/www.vikarbyn.com\/en\/om-backlunds\/","title":{"rendered":"Om Backlunds"},"content":{"rendered":"<p>[et_pb_section bb_built=&#8221;1&#8243; admin_label=&#8221;section&#8221;][et_pb_row admin_label=&#8221;row&#8221;][et_pb_column type=&#8221;1_2&#8243;][et_pb_text admin_label=&#8221;Text&#8221; background_layout=&#8221;light&#8221; text_orientation=&#8221;left&#8221; use_border_color=&#8221;off&#8221; border_color=&#8221;#ffffff&#8221; border_style=&#8221;solid&#8221;]<\/p>\n<h1>Om Backlunds Boende<\/h1>\n<p><strong>Lasse och Marie Henriks-Backlund i Vikarbyn\u00a0<\/strong>Vi har fyra barn Anders, Carin, Erik och Britta. \u201dIvars\u201d Lasse \u00e4r f\u00f6dd och uppvuxen i \u00f6vre G\u00e4rdsj\u00f6 (Stenbacken) 1 mil norr om R\u00e4ttvik.\u201dKarnes\u201d Marie \u00e4r uppvuxen i Vikarbyn p\u00e5 Karnesg\u00e5rden, som ligger nere i \u201dgamla byn\u201d.<\/p>\n<p>Vi \u00e4r ett litet familjef\u00f6retag som startade 2001 med att hyra ut v\u00e5rat Dalarum i v\u00e5rat hem. Vi byggde till tre \u00f6vernattningsstugor 28 kvm med sex b\u00e4ddar i varje och timmerloft och h\u00e4rbre , p\u00e5 v\u00e5ran skogsbel\u00e4gna g\u00e5rd d\u00e4r vi sj\u00e4lva bor, som ligger p\u00e5 \u00f6vre sidan Rkv 70.<\/p>\n<p>Familjens privata bostad best\u00e5r av flera \u00e4ldre timmerbyggnader som flyttats fr\u00e5n bl.a Kalt\u00f6v\u00e5sens f\u00e4bod som familjen fortfarande \u00e4ger och varit i drift under 350 \u00e5r, v\u00e4lbes\u00f6kt bes\u00f6ksm\u00e5l under sommaren.<\/p>\n<p>Vi har renoverat v\u00e5rat B&amp;B\u00a0och hyr ut tretton rum med totalt 34 b\u00e4ddar i dubbel, enkel och familjerum. vi bedriver idag rum och stuguthyrning. Vi har \u00e4ven ett n\u00e4rliggande B&amp;B fastighet som kan hyras med 8-12 b\u00e4ddar.<br \/>\nVi kommer att forts\u00e4tta med att utveckla f\u00f6retaget, med\u00a0en konferens och bastuavdelning kommer att byggas med ut\u00f6kade m\u00f6jlighet till aktiviteter \u00e5ret runt.<\/p>\n<p>P\u00e5 g\u00e5ngavst\u00e5nd i byn ligger \u00e4ven st\u00f6rre \u00e5retrunt stugor med sj\u00e4lvhush\u00e5ll, Timmerstuga 5 b\u00e4ddar, T\u00e4ppg\u00e5rden med 3 hus och totalt 15-tal b\u00e4ddar. Dalag\u00e5rd\u00a0med 3 sovrum 10 b\u00e4ddar (kan hyras ut till grupper, 12 b\u00e4ddar)<\/p>\n<p>Vi har under flera \u00e5rs tid byggt till och ut\u00f6kat verksamheten och vi har idag 80-tal stugb\u00e4ddar.<\/p>\n<p><strong><em>Bes\u00f6k oss g\u00e4rna<\/em><\/strong><strong><em>\u00a0<\/em><\/strong><strong><em><br \/>\n\/v\u00e4rdparet Lasse och Marie<\/em><\/strong><\/p>\n<p>&nbsp;<\/p>\n<h1><\/h1>\n<p>&nbsp;<\/p>\n<p>&nbsp;<\/p>\n<p>&nbsp;<\/p>\n<p>&nbsp;<\/p>\n<p>[\/et_pb_text][\/et_pb_column][et_pb_column type=&#8221;1_2&#8243;][et_pb_image admin_label=&#8221;Image&#8221; src=&#8221;http:\/\/www2.vikarbyn.com\/wp-content\/uploads\/midsommarpar.jpg&#8221; url_new_window=&#8221;off&#8221; animation=&#8221;left&#8221; \/][et_pb_text admin_label=&#8221;Text&#8221; background_layout=&#8221;light&#8221; text_orientation=&#8221;left&#8221; use_border_color=&#8221;off&#8221; border_color=&#8221;#ffffff&#8221; border_style=&#8221;solid&#8221;]<\/p>\n<h1><span style=\"font-family: 'Old English';\">Boking online<\/span><\/h1>\n<script async type=\"text\/javascript\" src=\"https:\/\/secured.sirvoy.com\/widget\/sirvoy.js\" data-form-id=\"53035d7653de3\"><\/script>\n<p>&nbsp;<\/p>\n<p>[\/et_pb_text][\/et_pb_column][\/et_pb_row][\/et_pb_section][et_pb_section bb_built=&#8221;1&#8243; admin_label=&#8221;section&#8221; fullwidth=&#8221;off&#8221; background_color=&#8221;#d8c9aa&#8221; inner_shadow=&#8221;on&#8221; parallax=&#8221;off&#8221;][et_pb_row admin_label=&#8221;row&#8221;][et_pb_column type=&#8221;4_4&#8243;][et_pb_text admin_label=&#8221;Fler bilder&#8221; background_layout=&#8221;light&#8221; text_orientation=&#8221;left&#8221; module_class=&#8221;moreimages&#8221;]<\/p>\n<h2>Familjen<\/h2>\n<p><a href=\"http:\/\/www2.vikarbyn.com\/wp-content\/uploads\/anders_erik.jpg\" data-rel=\"lightbox-gallery-ogf3ZLEl\" data-rl_title=\"\" data-rl_caption=\"\" title=\"\"><img loading=\"lazy\" decoding=\"async\" class=\"alignnone size-thumbnail wp-image-526\" src=\"http:\/\/www2.vikarbyn.com\/wp-content\/uploads\/anders_erik-300x225.jpg\" alt=\"anders_erik\" width=\"300\" height=\"225\" \/><\/a> <a href=\"http:\/\/www2.vikarbyn.com\/wp-content\/uploads\/carin_britta.jpg\" data-rel=\"lightbox-gallery-ogf3ZLEl\" data-rl_title=\"\" data-rl_caption=\"\" title=\"\"><img loading=\"lazy\" decoding=\"async\" class=\"alignnone size-thumbnail wp-image-527\" src=\"http:\/\/www2.vikarbyn.com\/wp-content\/uploads\/carin_britta-300x225.jpg\" alt=\"carin_britta\" width=\"300\" height=\"225\" \/><\/a> <a href=\"http:\/\/www2.vikarbyn.com\/wp-content\/uploads\/marie.jpg\" data-rel=\"lightbox-gallery-ogf3ZLEl\" data-rl_title=\"\" data-rl_caption=\"\" title=\"\"><img loading=\"lazy\" decoding=\"async\" class=\"alignnone size-thumbnail wp-image-528\" src=\"http:\/\/www2.vikarbyn.com\/wp-content\/uploads\/marie-300x225.jpg\" alt=\"marie\" width=\"300\" height=\"225\" \/><\/a> <a href=\"http:\/\/www2.vikarbyn.com\/wp-content\/uploads\/marie_lasse.jpg\" data-rel=\"lightbox-gallery-ogf3ZLEl\" data-rl_title=\"\" data-rl_caption=\"\" title=\"\"><img loading=\"lazy\" decoding=\"async\" class=\"alignnone size-thumbnail wp-image-529\" src=\"http:\/\/www2.vikarbyn.com\/wp-content\/uploads\/marie_lasse-300x225.jpg\" alt=\"marie_lasse\" width=\"300\" height=\"225\" srcset=\"http:\/\/www.vikarbyn.com\/wp-content\/uploads\/marie_lasse-300x225.jpg 300w, http:\/\/www.vikarbyn.com\/wp-content\/uploads\/marie_lasse-900x675.jpg 900w\" sizes=\"(max-width: 300px) 100vw, 300px\" \/><\/a><a href=\"http:\/\/www2.vikarbyn.com\/wp-content\/uploads\/hela_familjen.jpg\" data-rel=\"lightbox-gallery-ogf3ZLEl\" data-rl_title=\"\" data-rl_caption=\"\" title=\"\"><img loading=\"lazy\" decoding=\"async\" class=\"alignnone size-thumbnail wp-image-575\" src=\"http:\/\/www2.vikarbyn.com\/wp-content\/uploads\/hela_familjen-300x225.jpg\" alt=\"hela_familjen\" width=\"300\" height=\"225\" \/><\/a> <a href=\"http:\/\/www2.vikarbyn.com\/wp-content\/uploads\/syskon.jpg\" data-rel=\"lightbox-gallery-ogf3ZLEl\" data-rl_title=\"\" data-rl_caption=\"\" title=\"\"><img loading=\"lazy\" decoding=\"async\" class=\"alignnone size-thumbnail wp-image-576\" src=\"http:\/\/www2.vikarbyn.com\/wp-content\/uploads\/syskon-300x225.jpg\" alt=\"syskon\" width=\"300\" height=\"225\" srcset=\"http:\/\/www.vikarbyn.com\/wp-content\/uploads\/syskon-300x225.jpg 300w, http:\/\/www.vikarbyn.com\/wp-content\/uploads\/syskon-450x337.jpg 450w, http:\/\/www.vikarbyn.com\/wp-content\/uploads\/syskon.jpg 1000w\" sizes=\"(max-width: 300px) 100vw, 300px\" \/><\/a><\/p>\n<p>&nbsp;<\/p>\n<p>&nbsp;<\/p>\n<p>[\/et_pb_text][\/et_pb_column][\/et_pb_row][\/et_pb_section]<\/p>\n","protected":false},"excerpt":{"rendered":"<p>Om Backlunds Boende Lasse och Marie Henriks-Backlund i Vikarbyn\u00a0Vi har fyra barn Anders, Carin, Erik och Britta. \u201dIvars\u201d Lasse \u00e4r f\u00f6dd och uppvuxen i \u00f6vre G\u00e4rdsj\u00f6 (Stenbacken) 1 mil norr om R\u00e4ttvik.\u201dKarnes\u201d Marie \u00e4r uppvuxen i Vikarbyn p\u00e5 Karnesg\u00e5rden, som ligger nere i \u201dgamla byn\u201d. Vi \u00e4r ett litet familjef\u00f6retag som startade 2001 med att [&hellip;]<\/p>\n","protected":false},"author":1,"featured_media":0,"parent":0,"menu_order":0,"comment_status":"open","ping_status":"open","template":"","meta":{"_et_pb_use_builder":"on","_et_pb_old_content":"","_et_gb_content_width":"","footnotes":""},"class_list":["post-242","page","type-page","status-publish","hentry"],"_links":{"self":[{"href":"http:\/\/www.vikarbyn.com\/en\/wp-json\/wp\/v2\/pages\/242","targetHints":{"allow":["GET"]}}],"collection":[{"href":"http:\/\/www.vikarbyn.com\/en\/wp-json\/wp\/v2\/pages"}],"about":[{"href":"http:\/\/www.vikarbyn.com\/en\/wp-json\/wp\/v2\/types\/page"}],"author":[{"embeddable":true,"href":"http:\/\/www.vikarbyn.com\/en\/wp-json\/wp\/v2\/users\/1"}],"replies":[{"embeddable":true,"href":"http:\/\/www.vikarbyn.com\/en\/wp-json\/wp\/v2\/comments?post=242"}],"version-history":[{"count":20,"href":"http:\/\/www.vikarbyn.com\/en\/wp-json\/wp\/v2\/pages\/242\/revisions"}],"predecessor-version":[{"id":2588,"href":"http:\/\/www.vikarbyn.com\/en\/wp-json\/wp\/v2\/pages\/242\/revisions\/2588"}],"wp:attachment":[{"href":"http:\/\/www.vikarbyn.com\/en\/wp-json\/wp\/v2\/media?parent=242"}],"curies":[{"name":"wp","href":"https:\/\/api.w.org\/{rel}","templated":true}]}}