{"id":236,"date":"2020-12-19T09:55:53","date_gmt":"2020-12-19T08:55:53","guid":{"rendered":"http:\/\/www2.vikarbyn.com\/?page_id=236"},"modified":"2020-12-14T19:26:43","modified_gmt":"2020-12-14T18:26:43","slug":"history","status":"publish","type":"page","link":"http:\/\/www.vikarbyn.com\/en\/history\/","title":{"rendered":"History"},"content":{"rendered":"<p>[et_pb_section][et_pb_row][et_pb_column type=&#8221;4_4&#8243;][et_pb_text admin_label=&#8221;Historia&#8221; background_layout=&#8221;light&#8221; text_orientation=&#8221;left&#8221;]<\/p>\n<h1>History<img loading=\"lazy\" decoding=\"async\" class=\"size-full wp-image-189 alignright\" src=\"http:\/\/www2.vikarbyn.com\/wp-content\/uploads\/historia.jpg\" alt=\"historia\" width=\"429\" height=\"378\" \/><\/h1>\n<p>In 1891 the main railway line from the south was laid through Vikarbyn and on to Mora, and one generally says that this marked the beginning of tourism in earnest. But even earlier in the 1800\u2019s so-called \u201croad tourists\u201d had been passing through and making a break by staying at one of the inns or farms in the village.<\/p>\n<p>Many town and city families, in need of a change of air in a peaceful rural milieu, began to take rooms in the village boarding house and farms. Children who stayed here every summer while they were growing up came to see Vikarbyn as their special summer village and many of them even today still return.<\/p>\n<p>It would seem that Vikarbyn was a fairly considerable tourist resort in the 1920\u2019s, 30\u2019s and 40\u2019s. One could not of course compete with the large local hotels for their type of tourist. Instead one aimed at a middle class who were perhaps not so concerned with luxury standards. So many Vikarbyn homes and farms opened up during the summer and welcomed guests.<\/p>\n<p>[\/et_pb_text][\/et_pb_column][\/et_pb_row][et_pb_row][et_pb_column type=&#8221;4_4&#8243;][et_pb_text admin_label=&#8221;Text&#8221; background_layout=&#8221;light&#8221; text_orientation=&#8221;left&#8221;]<\/p>\n<h2><b>View over Lake Siljan from our Guest House<\/b><\/h2>\n<p>The character of present day tourism has changed and the local residents around Lake Siljan have adapted accordingly. Today self-catering cottage\/cabin rental is the predominant form of tourist accommodation.<\/p>\n<p>Vikarbyn is reckoned as one of Sweden\u2019s largest villages and at the beginning of the 1960\u2019s access &amp; communication was further improved when the main road 70 was extended through the village and the surrounding area. Today the village extends over both sides of the main road.<\/p>\n<p>Tj\u00f4lobackstall\u00f4n (tallen) som st\u00e5r utanf\u00f6r huset, \u00e4r naturminne och \u00e4r fridlyst i dag, och har en \u00e5lder p\u00e5 ca:450 \u00e5r.<\/p>\n<p>[\/et_pb_text][\/et_pb_column][\/et_pb_row][\/et_pb_section]<\/p>\n","protected":false},"excerpt":{"rendered":"<p><div class=\"et_pb_section et_pb_section_0 et_section_regular\" >\n\t\t\t\t\n\t\t\t\t\n\t\t\t\t\n\t\t\t\t\n\t\t\t\t\n\t\t\t\t\n\t\t\t\t\n\t\t\t\t\n\t\t\t\t\n\t\t\t<\/div><div class=\"et_pb_row et_pb_row_0 et_pb_row_empty\">\n\t\t\t\t\n\t\t\t\t\n\t\t\t\t\n\t\t\t\t\n\t\t\t\t\n\t\t\t<\/div> History In 1891 the main railway line from the south was laid through Vikarbyn and on to Mora, and one generally says that this marked the beginning of tourism in earnest. But even earlier in the 1800\u2019s so-called \u201croad tourists\u201d had been passing through and making a break by staying at one of the [&hellip;]<\/p>\n","protected":false},"author":1,"featured_media":0,"parent":0,"menu_order":0,"comment_status":"open","ping_status":"open","template":"","meta":{"_et_pb_use_builder":"on","_et_pb_old_content":"","_et_gb_content_width":"","footnotes":""},"class_list":["post-236","page","type-page","status-publish","hentry"],"_links":{"self":[{"href":"http:\/\/www.vikarbyn.com\/en\/wp-json\/wp\/v2\/pages\/236","targetHints":{"allow":["GET"]}}],"collection":[{"href":"http:\/\/www.vikarbyn.com\/en\/wp-json\/wp\/v2\/pages"}],"about":[{"href":"http:\/\/www.vikarbyn.com\/en\/wp-json\/wp\/v2\/types\/page"}],"author":[{"embeddable":true,"href":"http:\/\/www.vikarbyn.com\/en\/wp-json\/wp\/v2\/users\/1"}],"replies":[{"embeddable":true,"href":"http:\/\/www.vikarbyn.com\/en\/wp-json\/wp\/v2\/comments?post=236"}],"version-history":[{"count":3,"href":"http:\/\/www.vikarbyn.com\/en\/wp-json\/wp\/v2\/pages\/236\/revisions"}],"predecessor-version":[{"id":2131,"href":"http:\/\/www.vikarbyn.com\/en\/wp-json\/wp\/v2\/pages\/236\/revisions\/2131"}],"wp:attachment":[{"href":"http:\/\/www.vikarbyn.com\/en\/wp-json\/wp\/v2\/media?parent=236"}],"curies":[{"name":"wp","href":"https:\/\/api.w.org\/{rel}","templated":true}]}}