{"id":124,"date":"2024-05-17T14:35:59","date_gmt":"2024-05-17T12:35:59","guid":{"rendered":"http:\/\/www2.vikarbyn.com\/?page_id=124"},"modified":"2024-05-29T09:03:46","modified_gmt":"2024-05-29T07:03:46","slug":"matsal","status":"publish","type":"page","link":"http:\/\/www.vikarbyn.com\/en\/matsal\/","title":{"rendered":"Matsal"},"content":{"rendered":"<p>[et_pb_section bb_built=&#8221;1&#8243; admin_label=&#8221;section&#8221;][et_pb_row admin_label=&#8221;row&#8221;][et_pb_column type=&#8221;1_2&#8243;][et_pb_text admin_label=&#8221;Text&#8221; background_layout=&#8221;light&#8221; text_orientation=&#8221;left&#8221; use_border_color=&#8221;off&#8221; border_color=&#8221;#ffffff&#8221; border_style=&#8221;solid&#8221;]<\/p>\n<h1>Matsal och frukost<\/h1>\n<p><strong>Frukostbuff\u00e9<\/strong><\/p>\n<p>Lokalproducerade charkvaror och br\u00f6d fr\u00e5n v\u00e5rat eget bageri<\/p>\n<p><strong>Kurser\/konferenser lokalhyra 500 kr<\/strong><\/p>\n<p><strong>Fester 1500 kr endast vid inbokat boende p\u00e5 B&amp;B<\/strong><\/p>\n<p>Vi serverar paj eller kallskuret efter \u00f6nskem\u00e5l, vi samarbetar \u00e4ven med lokala catering firmor.<\/p>\n<h1><span style=\"font-family: 'Old English';\">Boka online h\u00e4r!<\/span><\/h1>\n<p><script async type=\"text\/javascript\" src=\"https:\/\/secured.sirvoy.com\/widget\/sirvoy.js\" data-form-id=\"53035d7653de3\"><\/script> [\/et_pb_text][\/et_pb_column][et_pb_column type=&#8221;1_2&#8243;][et_pb_image admin_label=&#8221;Image&#8221; src=&#8221;http:\/\/www2.vikarbyn.com\/wp-content\/uploads\/frukostbord.jpg&#8221; url_new_window=&#8221;off&#8221; animation=&#8221;left&#8221; \/][\/et_pb_column][\/et_pb_row][\/et_pb_section][et_pb_section bb_built=&#8221;1&#8243; admin_label=&#8221;section&#8221; fullwidth=&#8221;off&#8221; background_color=&#8221;#d8c9aa&#8221; inner_shadow=&#8221;on&#8221; parallax=&#8221;off&#8221;][et_pb_row admin_label=&#8221;row&#8221;][et_pb_column type=&#8221;4_4&#8243;][et_pb_text admin_label=&#8221;Fler bilder&#8221; background_layout=&#8221;light&#8221; text_orientation=&#8221;left&#8221; module_class=&#8221;moreimages&#8221; use_border_color=&#8221;off&#8221; border_color=&#8221;#ffffff&#8221; border_style=&#8221;solid&#8221;]<\/p>\n<h2>Fler bilder<\/h2>\n<p><a href=\"http:\/\/www.vikarbyn.com\/wp-content\/uploads\/20230815_080432.jpg\" data-rel=\"lightbox-gallery-6YvpBdfM\" data-rl_title=\"\" data-rl_caption=\"\" title=\"\"><img loading=\"lazy\" decoding=\"async\" class=\"alignnone size-medium wp-image-3140\" src=\"http:\/\/www.vikarbyn.com\/wp-content\/uploads\/20230815_080432-450x203.jpg\" alt=\"\" width=\"450\" height=\"203\" srcset=\"http:\/\/www.vikarbyn.com\/wp-content\/uploads\/20230815_080432-450x203.jpg 450w, http:\/\/www.vikarbyn.com\/wp-content\/uploads\/20230815_080432-768x346.jpg 768w, http:\/\/www.vikarbyn.com\/wp-content\/uploads\/20230815_080432-1024x461.jpg 1024w, http:\/\/www.vikarbyn.com\/wp-content\/uploads\/20230815_080432-1080x486.jpg 1080w\" sizes=\"(max-width: 450px) 100vw, 450px\" \/><\/a><a href=\"http:\/\/www.vikarbyn.com\/wp-content\/uploads\/20230815_080231.jpg\" data-rel=\"lightbox-gallery-6YvpBdfM\" data-rl_title=\"\" data-rl_caption=\"\" title=\"\"><img loading=\"lazy\" decoding=\"async\" class=\"alignnone size-medium wp-image-3137\" src=\"http:\/\/www.vikarbyn.com\/wp-content\/uploads\/20230815_080231-450x203.jpg\" alt=\"\" width=\"450\" height=\"203\" srcset=\"http:\/\/www.vikarbyn.com\/wp-content\/uploads\/20230815_080231-450x203.jpg 450w, http:\/\/www.vikarbyn.com\/wp-content\/uploads\/20230815_080231-768x346.jpg 768w, http:\/\/www.vikarbyn.com\/wp-content\/uploads\/20230815_080231-1024x461.jpg 1024w, http:\/\/www.vikarbyn.com\/wp-content\/uploads\/20230815_080231-1080x486.jpg 1080w\" sizes=\"(max-width: 450px) 100vw, 450px\" \/><\/a><a href=\"http:\/\/www.vikarbyn.com\/wp-content\/uploads\/20230801_083426.jpg\" data-rel=\"lightbox-gallery-6YvpBdfM\" data-rl_title=\"\" data-rl_caption=\"\" title=\"\"><img loading=\"lazy\" decoding=\"async\" class=\"alignnone size-medium wp-image-3131\" src=\"http:\/\/www.vikarbyn.com\/wp-content\/uploads\/20230801_083426-450x203.jpg\" alt=\"\" width=\"450\" height=\"203\" srcset=\"http:\/\/www.vikarbyn.com\/wp-content\/uploads\/20230801_083426-450x203.jpg 450w, http:\/\/www.vikarbyn.com\/wp-content\/uploads\/20230801_083426-768x346.jpg 768w, http:\/\/www.vikarbyn.com\/wp-content\/uploads\/20230801_083426-1024x461.jpg 1024w, http:\/\/www.vikarbyn.com\/wp-content\/uploads\/20230801_083426-1080x486.jpg 1080w\" sizes=\"(max-width: 450px) 100vw, 450px\" \/><\/a><a href=\"http:\/\/www.vikarbyn.com\/wp-content\/uploads\/20230801_083445.jpg\" data-rel=\"lightbox-gallery-6YvpBdfM\" data-rl_title=\"\" data-rl_caption=\"\" title=\"\"><img loading=\"lazy\" decoding=\"async\" class=\"alignnone size-medium wp-image-3134\" src=\"http:\/\/www.vikarbyn.com\/wp-content\/uploads\/20230801_083445-450x203.jpg\" alt=\"\" width=\"450\" height=\"203\" srcset=\"http:\/\/www.vikarbyn.com\/wp-content\/uploads\/20230801_083445-450x203.jpg 450w, http:\/\/www.vikarbyn.com\/wp-content\/uploads\/20230801_083445-768x346.jpg 768w, http:\/\/www.vikarbyn.com\/wp-content\/uploads\/20230801_083445-1024x461.jpg 1024w, http:\/\/www.vikarbyn.com\/wp-content\/uploads\/20230801_083445-1080x486.jpg 1080w\" sizes=\"(max-width: 450px) 100vw, 450px\" \/><\/a><\/p>\n<p>&nbsp;<\/p>\n<p>[\/et_pb_text][\/et_pb_column][\/et_pb_row][\/et_pb_section]<\/p>\n","protected":false},"excerpt":{"rendered":"<p>Matsal och frukost Frukostbuff\u00e9 Lokalproducerade charkvaror och br\u00f6d fr\u00e5n v\u00e5rat eget bageri Kurser\/konferenser lokalhyra 500 kr Fester 1500 kr endast vid inbokat boende p\u00e5 B&amp;B Vi serverar paj eller kallskuret efter \u00f6nskem\u00e5l, vi samarbetar \u00e4ven med lokala catering firmor. Boka online h\u00e4r! <script async type=\"text\/javascript\" src=\"https:\/\/secured.sirvoy.com\/widget\/sirvoy.js\" data-form-id=\"53035d7653de3\"><\/script> Fler bilder &nbsp;<\/p>\n","protected":false},"author":1,"featured_media":0,"parent":0,"menu_order":0,"comment_status":"open","ping_status":"open","template":"","meta":{"_et_pb_use_builder":"on","_et_pb_old_content":"","_et_gb_content_width":"","footnotes":""},"class_list":["post-124","page","type-page","status-publish","hentry"],"_links":{"self":[{"href":"http:\/\/www.vikarbyn.com\/en\/wp-json\/wp\/v2\/pages\/124","targetHints":{"allow":["GET"]}}],"collection":[{"href":"http:\/\/www.vikarbyn.com\/en\/wp-json\/wp\/v2\/pages"}],"about":[{"href":"http:\/\/www.vikarbyn.com\/en\/wp-json\/wp\/v2\/types\/page"}],"author":[{"embeddable":true,"href":"http:\/\/www.vikarbyn.com\/en\/wp-json\/wp\/v2\/users\/1"}],"replies":[{"embeddable":true,"href":"http:\/\/www.vikarbyn.com\/en\/wp-json\/wp\/v2\/comments?post=124"}],"version-history":[{"count":6,"href":"http:\/\/www.vikarbyn.com\/en\/wp-json\/wp\/v2\/pages\/124\/revisions"}],"predecessor-version":[{"id":3192,"href":"http:\/\/www.vikarbyn.com\/en\/wp-json\/wp\/v2\/pages\/124\/revisions\/3192"}],"wp:attachment":[{"href":"http:\/\/www.vikarbyn.com\/en\/wp-json\/wp\/v2\/media?parent=124"}],"curies":[{"name":"wp","href":"https:\/\/api.w.org\/{rel}","templated":true}]}}