{"id":663,"date":"2021-11-11T12:21:30","date_gmt":"2021-11-11T11:21:30","guid":{"rendered":"http:\/\/www.vikarbyn.com\/?page_id=663"},"modified":"2021-11-11T11:36:41","modified_gmt":"2021-11-11T10:36:41","slug":"zimmer","status":"publish","type":"page","link":"http:\/\/www.vikarbyn.com\/de\/zimmer\/","title":{"rendered":"Zimmer"},"content":{"rendered":"<p>[et_pb_section bb_built=&#8221;1&#8243; admin_label=&#8221;section&#8221;][et_pb_row admin_label=&#8221;row&#8221;][et_pb_column type=&#8221;1_2&#8243;][et_pb_text admin_label=&#8221;Text&#8221; background_layout=&#8221;light&#8221; text_orientation=&#8221;left&#8221; saved_tabs=&#8221;all&#8221; use_border_color=&#8221;off&#8221; border_color=&#8221;#ffffff&#8221; border_style=&#8221;solid&#8221;]<\/p>\n<h1>Im Hause gibt es:<\/h1>\n<ul>\n<li>7 gem\u00fctlich eingerichtete Doppelzimmer<\/li>\n<li>2 Familienzimmer im oberen Stock mit Doppelbett und Stockbetten und Platz f\u00fcr 4 Personen<\/li>\n<li>2 kleinere Doppelzimmer<\/li>\n<li>2 Dreibettzimmer<\/li>\n<li>\u00a0Speisesaal mit 24 Pl\u00e4tzen (vor dem Balkon)<\/li>\n<li>\u00a0Eingebaute Veranda mit 24 Pl\u00e4tzen und Aussenaltan mit Dach in der oberen Wohnung mit 16 Pl\u00e4tzen<\/li>\n<li>G\u00e4stek\u00fcche zur Zubereitung von Fr\u00fchst\u00fcck, Mittag- und Abendessen<\/li>\n<li>Sechs\u00a0Badezimmer mit Waschbecken, Dusche und Toalette<\/li>\n<li>Zwei Badezimmer mit zwei Duschen und Waschbecken<\/li>\n<li>Drei Toaletten mit Waschbecken<\/li>\n<li><strong>Alle Toaletten befinden sich neben den Wohnr\u00e4umen\/Fernsehraum<\/strong><\/li>\n<li>Drei \u00f6ffentliche R\u00e4ume\/Fernsehraum befinden sich im Anschluss an alle Gastzimmer<\/li>\n<li>Grasfl\u00e4che auf der R\u00fcckseite mit Sitzpl\u00e4tzen in ruhiger Lage<\/li>\n<\/ul>\n<p><strong>Preis: <\/strong>Bed &amp; Brakefast inklusive Bettw\u00e4sche, Handtuch und Fr\u00fchst\u00fcck<\/p>\n<ul>\n<li>Doppelzimmer 2 Personen\u00a0\u00a0\u00a0 SEK\u00a0 \u00a0950.00<\/li>\n<li>Doppelzimmer 3 Personen \/Extrabett\/ \u00a0 SEK\u00a0 \u00a01200.00<\/li>\n<li>Familiezimmer 2 Erwachsene, 2 Kinder 0-13 Jahre\u00a0\u00a0 SEK 1300.00<\/li>\n<li>Familiezimmer 4 Erwachsene oder grosse Kinder\u00a0\u00a0 SEK 1400.00<\/li>\n<\/ul>\n<p><strong>Preis eigener Haushalt, eigene Leint\u00fccher und Fr\u00fchst\u00fcck<\/strong><\/p>\n<ul>\n<li>Doppelzimmer 2 Personen\u00a0 SEK\u00a0 \u00a0650.00<\/li>\n<li>Doppelzimmer 3 Personen \/Extrabett)\u00a0 SEK\u00a0 \u00a0750.00<\/li>\n<li>Familienzimmer 4 Personen\u00a0 SEK\u00a0 \u00a0950.00<\/li>\n<\/ul>\n<p>&nbsp;<\/p>\n<p>[\/et_pb_text][\/et_pb_column][et_pb_column type=&#8221;1_2&#8243;][et_pb_image admin_label=&#8221;Image&#8221; src=&#8221;http:\/\/www2.vikarbyn.com\/wp-content\/uploads\/rum_bob.jpg&#8221; url_new_window=&#8221;off&#8221; animation=&#8221;left&#8221; \/][\/et_pb_column][\/et_pb_row][\/et_pb_section][et_pb_section bb_built=&#8221;1&#8243; admin_label=&#8221;section&#8221; fullwidth=&#8221;off&#8221; background_color=&#8221;#d8c9aa&#8221; inner_shadow=&#8221;on&#8221; parallax=&#8221;off&#8221;][et_pb_row admin_label=&#8221;row&#8221;][et_pb_column type=&#8221;4_4&#8243;][et_pb_text admin_label=&#8221;Fler bilder&#8221; background_layout=&#8221;light&#8221; text_orientation=&#8221;left&#8221; module_class=&#8221;moreimages&#8221; use_border_color=&#8221;off&#8221; border_color=&#8221;#ffffff&#8221; border_style=&#8221;solid&#8221;]<\/p>\n<h2><a href=\"http:\/\/www.vikarbyn.com\/wp-content\/uploads\/DSC_2019.jpg\" data-rel=\"lightbox-gallery-wfm7xFbH\" data-rl_title=\"\" data-rl_caption=\"\" title=\"\"><img loading=\"lazy\" decoding=\"async\" class=\"alignnone size-medium wp-image-2299\" src=\"http:\/\/www.vikarbyn.com\/wp-content\/uploads\/DSC_2019-450x253.jpg\" alt=\"\" width=\"450\" height=\"253\" srcset=\"http:\/\/www.vikarbyn.com\/wp-content\/uploads\/DSC_2019-450x253.jpg 450w, http:\/\/www.vikarbyn.com\/wp-content\/uploads\/DSC_2019-768x432.jpg 768w, http:\/\/www.vikarbyn.com\/wp-content\/uploads\/DSC_2019-1024x576.jpg 1024w, http:\/\/www.vikarbyn.com\/wp-content\/uploads\/DSC_2019-1080x608.jpg 1080w\" sizes=\"(max-width: 450px) 100vw, 450px\" \/><\/a><a href=\"http:\/\/www.vikarbyn.com\/wp-content\/uploads\/DSC_2018.jpg\" data-rel=\"lightbox-gallery-wfm7xFbH\" data-rl_title=\"\" data-rl_caption=\"\" title=\"\"><img loading=\"lazy\" decoding=\"async\" class=\"alignnone size-medium wp-image-2296\" src=\"http:\/\/www.vikarbyn.com\/wp-content\/uploads\/DSC_2018-450x253.jpg\" alt=\"\" width=\"450\" height=\"253\" srcset=\"http:\/\/www.vikarbyn.com\/wp-content\/uploads\/DSC_2018-450x253.jpg 450w, http:\/\/www.vikarbyn.com\/wp-content\/uploads\/DSC_2018-768x432.jpg 768w, http:\/\/www.vikarbyn.com\/wp-content\/uploads\/DSC_2018-1024x576.jpg 1024w, http:\/\/www.vikarbyn.com\/wp-content\/uploads\/DSC_2018-1080x608.jpg 1080w\" sizes=\"(max-width: 450px) 100vw, 450px\" \/><\/a><a href=\"http:\/\/www.vikarbyn.com\/wp-content\/uploads\/20191230_144319.jpg\" data-rel=\"lightbox-gallery-wfm7xFbH\" data-rl_title=\"\" data-rl_caption=\"\" title=\"\"><img loading=\"lazy\" decoding=\"async\" class=\"alignnone size-medium wp-image-2290\" src=\"http:\/\/www.vikarbyn.com\/wp-content\/uploads\/20191230_144319-450x338.jpg\" alt=\"\" width=\"450\" height=\"338\" srcset=\"http:\/\/www.vikarbyn.com\/wp-content\/uploads\/20191230_144319-450x338.jpg 450w, http:\/\/www.vikarbyn.com\/wp-content\/uploads\/20191230_144319-768x576.jpg 768w, http:\/\/www.vikarbyn.com\/wp-content\/uploads\/20191230_144319-1024x768.jpg 1024w, http:\/\/www.vikarbyn.com\/wp-content\/uploads\/20191230_144319-510x382.jpg 510w, http:\/\/www.vikarbyn.com\/wp-content\/uploads\/20191230_144319-1080x810.jpg 1080w\" sizes=\"(max-width: 450px) 100vw, 450px\" \/><\/a><a href=\"http:\/\/www.vikarbyn.com\/wp-content\/uploads\/DSC_2021.jpg\" data-rel=\"lightbox-gallery-wfm7xFbH\" data-rl_title=\"\" data-rl_caption=\"\" title=\"\"><img loading=\"lazy\" decoding=\"async\" class=\"alignnone size-medium wp-image-2305\" src=\"http:\/\/www.vikarbyn.com\/wp-content\/uploads\/DSC_2021-450x253.jpg\" alt=\"\" width=\"450\" height=\"253\" srcset=\"http:\/\/www.vikarbyn.com\/wp-content\/uploads\/DSC_2021-450x253.jpg 450w, http:\/\/www.vikarbyn.com\/wp-content\/uploads\/DSC_2021-768x432.jpg 768w, http:\/\/www.vikarbyn.com\/wp-content\/uploads\/DSC_2021-1024x576.jpg 1024w, http:\/\/www.vikarbyn.com\/wp-content\/uploads\/DSC_2021-1080x608.jpg 1080w\" sizes=\"(max-width: 450px) 100vw, 450px\" \/><\/a><a href=\"http:\/\/www.vikarbyn.com\/wp-content\/uploads\/DSC_2020.jpg\" data-rel=\"lightbox-gallery-wfm7xFbH\" data-rl_title=\"\" data-rl_caption=\"\" title=\"\"><img loading=\"lazy\" decoding=\"async\" class=\"alignnone size-medium wp-image-2302\" src=\"http:\/\/www.vikarbyn.com\/wp-content\/uploads\/DSC_2020-450x253.jpg\" alt=\"\" width=\"450\" height=\"253\" srcset=\"http:\/\/www.vikarbyn.com\/wp-content\/uploads\/DSC_2020-450x253.jpg 450w, http:\/\/www.vikarbyn.com\/wp-content\/uploads\/DSC_2020-768x432.jpg 768w, http:\/\/www.vikarbyn.com\/wp-content\/uploads\/DSC_2020-1024x576.jpg 1024w, http:\/\/www.vikarbyn.com\/wp-content\/uploads\/DSC_2020-1080x608.jpg 1080w\" sizes=\"(max-width: 450px) 100vw, 450px\" \/><\/a><a href=\"http:\/\/www.vikarbyn.com\/wp-content\/uploads\/DSC_2025.jpg\" data-rel=\"lightbox-gallery-wfm7xFbH\" data-rl_title=\"\" data-rl_caption=\"\" title=\"\"><img loading=\"lazy\" decoding=\"async\" class=\"alignnone size-medium wp-image-2317\" src=\"http:\/\/www.vikarbyn.com\/wp-content\/uploads\/DSC_2025-450x253.jpg\" alt=\"\" width=\"450\" height=\"253\" srcset=\"http:\/\/www.vikarbyn.com\/wp-content\/uploads\/DSC_2025-450x253.jpg 450w, http:\/\/www.vikarbyn.com\/wp-content\/uploads\/DSC_2025-768x432.jpg 768w, http:\/\/www.vikarbyn.com\/wp-content\/uploads\/DSC_2025-1024x576.jpg 1024w, http:\/\/www.vikarbyn.com\/wp-content\/uploads\/DSC_2025-1080x608.jpg 1080w\" sizes=\"(max-width: 450px) 100vw, 450px\" \/><\/a>Bilder<\/h2>\n<p>&nbsp;<\/p>\n<p>&nbsp;<\/p>\n<p>[\/et_pb_text][\/et_pb_column][\/et_pb_row][\/et_pb_section]<\/p>\n","protected":false},"excerpt":{"rendered":"<p>Im Hause gibt es: 7 gem\u00fctlich eingerichtete Doppelzimmer 2 Familienzimmer im oberen Stock mit Doppelbett und Stockbetten und Platz f\u00fcr 4 Personen 2 kleinere Doppelzimmer 2 Dreibettzimmer \u00a0Speisesaal mit 24 Pl\u00e4tzen (vor dem Balkon) \u00a0Eingebaute Veranda mit 24 Pl\u00e4tzen und Aussenaltan mit Dach in der oberen Wohnung mit 16 Pl\u00e4tzen G\u00e4stek\u00fcche zur Zubereitung von Fr\u00fchst\u00fcck, [&hellip;]<\/p>\n","protected":false},"author":1,"featured_media":0,"parent":0,"menu_order":0,"comment_status":"open","ping_status":"open","template":"","meta":{"_et_pb_use_builder":"on","_et_pb_old_content":"","_et_gb_content_width":"","footnotes":""},"class_list":["post-663","page","type-page","status-publish","hentry"],"_links":{"self":[{"href":"http:\/\/www.vikarbyn.com\/de\/wp-json\/wp\/v2\/pages\/663","targetHints":{"allow":["GET"]}}],"collection":[{"href":"http:\/\/www.vikarbyn.com\/de\/wp-json\/wp\/v2\/pages"}],"about":[{"href":"http:\/\/www.vikarbyn.com\/de\/wp-json\/wp\/v2\/types\/page"}],"author":[{"embeddable":true,"href":"http:\/\/www.vikarbyn.com\/de\/wp-json\/wp\/v2\/users\/1"}],"replies":[{"embeddable":true,"href":"http:\/\/www.vikarbyn.com\/de\/wp-json\/wp\/v2\/comments?post=663"}],"version-history":[{"count":9,"href":"http:\/\/www.vikarbyn.com\/de\/wp-json\/wp\/v2\/pages\/663\/revisions"}],"predecessor-version":[{"id":2602,"href":"http:\/\/www.vikarbyn.com\/de\/wp-json\/wp\/v2\/pages\/663\/revisions\/2602"}],"wp:attachment":[{"href":"http:\/\/www.vikarbyn.com\/de\/wp-json\/wp\/v2\/media?parent=663"}],"curies":[{"name":"wp","href":"https:\/\/api.w.org\/{rel}","templated":true}]}}