{"id":661,"date":"2021-04-10T12:17:54","date_gmt":"2021-04-10T10:17:54","guid":{"rendered":"http:\/\/www.vikarbyn.com\/?page_id=661"},"modified":"2021-05-10T17:20:50","modified_gmt":"2021-05-10T15:20:50","slug":"gemeinsame-raumlichkeiten","status":"publish","type":"page","link":"http:\/\/www.vikarbyn.com\/de\/gemeinsame-raumlichkeiten\/","title":{"rendered":"Gemeinsame R\u00e4umlichkeiten"},"content":{"rendered":"<p>[et_pb_section bb_built=&#8221;1&#8243; admin_label=&#8221;section&#8221;][et_pb_row admin_label=&#8221;row&#8221;][et_pb_column type=&#8221;1_2&#8243;][et_pb_text admin_label=&#8221;Text&#8221; background_layout=&#8221;light&#8221; text_orientation=&#8221;left&#8221; use_border_color=&#8221;off&#8221; border_color=&#8221;#ffffff&#8221; border_style=&#8221;solid&#8221;]<\/p>\n<h1>Gemeinsame R\u00e4umlichkeiten<\/h1>\n<p>Wir haben viele feine und gem\u00fctliche Gesellschaftsr\u00e4ume und \u2013Pl\u00e4tze<\/p>\n<ul>\n<li>Eingebauter Altan mit 24 Pl\u00e4tzen und Au\u00dfen Altan oben mit 16 Pl\u00e4tzen<\/li>\n<li>Gastk\u00fcche zur Zubereitung von Fr\u00fchst\u00fcck, Mittag- und Abendessen<\/li>\n<li>Drei Badezimmer mit Waschbecken, Dusche und Toilette<\/li>\n<li>Zwei Badezimmer mit zwei Duschen und Waschbecken<\/li>\n<li>Zwei Toiletten mit Dusche und Waschbecken<\/li>\n<\/ul>\n<p><strong>Alle Toiletten befinden sich in der N\u00e4he von Wohnr\u00e4umen\/Fernsehraum.<\/strong><\/p>\n<ul>\n<li>Drei Wohnr\u00e4ume\/Fernsehr\u00e4ume gibt es im Anschluss an alle G\u00e4stezimmer<\/li>\n<li>Gemeinschaftsraum mit Dart, Billjardtisch, Fernseher und Musikanlage.<\/li>\n<li>Rasenfl\u00e4che auf der R\u00fcckseite mit Sitzpl\u00e4tzen in ruhiger Lage<\/li>\n<\/ul>\n<h1>Buche online\u00a0<script async type=\"text\/javascript\" src=\"https:\/\/secured.sirvoy.com\/widget\/sirvoy.js\" data-form-id=\"53035d7653de3\"><\/script><\/h1>\n<p>&nbsp;<\/p>\n<p>[\/et_pb_text][\/et_pb_column][et_pb_column type=&#8221;1_2&#8243;][et_pb_image admin_label=&#8221;Image&#8221; src=&#8221;http:\/\/www2.vikarbyn.com\/wp-content\/uploads\/grasmatta.jpg&#8221; url_new_window=&#8221;off&#8221; animation=&#8221;left&#8221; \/][\/et_pb_column][\/et_pb_row][\/et_pb_section][et_pb_section bb_built=&#8221;1&#8243; admin_label=&#8221;section&#8221; fullwidth=&#8221;off&#8221; background_color=&#8221;#d8c9aa&#8221; inner_shadow=&#8221;on&#8221; parallax=&#8221;off&#8221;][et_pb_row admin_label=&#8221;row&#8221;][et_pb_column type=&#8221;4_4&#8243;][et_pb_text admin_label=&#8221;Fler bilder&#8221; background_layout=&#8221;light&#8221; text_orientation=&#8221;left&#8221; module_class=&#8221;moreimages&#8221; use_border_color=&#8221;off&#8221; border_color=&#8221;#ffffff&#8221; border_style=&#8221;solid&#8221;]<\/p>\n<h2><\/h2>\n<h2><a href=\"http:\/\/www.vikarbyn.com\/wp-content\/uploads\/DSC_2017-1.jpg\" data-rel=\"lightbox-gallery-gJHksa1d\" data-rl_title=\"\" data-rl_caption=\"\" title=\"\"><img loading=\"lazy\" decoding=\"async\" class=\"alignnone size-medium wp-image-2394\" src=\"http:\/\/www.vikarbyn.com\/wp-content\/uploads\/DSC_2017-1-450x253.jpg\" alt=\"\" width=\"450\" height=\"253\" srcset=\"http:\/\/www.vikarbyn.com\/wp-content\/uploads\/DSC_2017-1-450x253.jpg 450w, http:\/\/www.vikarbyn.com\/wp-content\/uploads\/DSC_2017-1-768x432.jpg 768w, http:\/\/www.vikarbyn.com\/wp-content\/uploads\/DSC_2017-1-1024x576.jpg 1024w, http:\/\/www.vikarbyn.com\/wp-content\/uploads\/DSC_2017-1-1080x608.jpg 1080w\" sizes=\"(max-width: 450px) 100vw, 450px\" \/><\/a> <a href=\"http:\/\/www.vikarbyn.com\/wp-content\/uploads\/DSC_2026-1.jpg\" data-rel=\"lightbox-gallery-gJHksa1d\" data-rl_title=\"\" data-rl_caption=\"\" title=\"\"><img loading=\"lazy\" decoding=\"async\" class=\"alignnone size-medium wp-image-2397\" src=\"http:\/\/www.vikarbyn.com\/wp-content\/uploads\/DSC_2026-1-450x253.jpg\" alt=\"\" width=\"450\" height=\"253\" srcset=\"http:\/\/www.vikarbyn.com\/wp-content\/uploads\/DSC_2026-1-450x253.jpg 450w, http:\/\/www.vikarbyn.com\/wp-content\/uploads\/DSC_2026-1-768x432.jpg 768w, http:\/\/www.vikarbyn.com\/wp-content\/uploads\/DSC_2026-1-1024x576.jpg 1024w, http:\/\/www.vikarbyn.com\/wp-content\/uploads\/DSC_2026-1-1080x608.jpg 1080w\" sizes=\"(max-width: 450px) 100vw, 450px\" \/><\/a><a href=\"http:\/\/www.vikarbyn.com\/wp-content\/uploads\/20191228_081724.jpg\" data-rel=\"lightbox-gallery-gJHksa1d\" data-rl_title=\"\" data-rl_caption=\"\" title=\"\"><img loading=\"lazy\" decoding=\"async\" class=\"alignnone size-medium wp-image-2287\" src=\"http:\/\/www.vikarbyn.com\/wp-content\/uploads\/20191228_081724-450x338.jpg\" alt=\"\" width=\"450\" height=\"338\" srcset=\"http:\/\/www.vikarbyn.com\/wp-content\/uploads\/20191228_081724-450x338.jpg 450w, http:\/\/www.vikarbyn.com\/wp-content\/uploads\/20191228_081724-768x576.jpg 768w, http:\/\/www.vikarbyn.com\/wp-content\/uploads\/20191228_081724-1024x768.jpg 1024w, http:\/\/www.vikarbyn.com\/wp-content\/uploads\/20191228_081724-510x382.jpg 510w, http:\/\/www.vikarbyn.com\/wp-content\/uploads\/20191228_081724-1080x810.jpg 1080w\" sizes=\"(max-width: 450px) 100vw, 450px\" \/><\/a><\/h2>\n<p><a title=\"\" href=\"http:\/\/www2.vikarbyn.com\/wp-content\/uploads\/altan.jpg\" data-rel=\"lightbox-gallery-gJHksa1d\" data-rl_title=\"\" data-rl_caption=\"\"><img loading=\"lazy\" decoding=\"async\" class=\"alignnone wp-image-119 size-medium\" src=\"http:\/\/www.vikarbyn.com\/wp-content\/uploads\/altan-450x299.jpg\" alt=\"altan\" width=\"450\" height=\"299\" srcset=\"http:\/\/www.vikarbyn.com\/wp-content\/uploads\/altan-450x299.jpg 450w, http:\/\/www.vikarbyn.com\/wp-content\/uploads\/altan.jpg 1000w\" sizes=\"(max-width: 450px) 100vw, 450px\" \/><\/a><a title=\"\" href=\"http:\/\/www2.vikarbyn.com\/wp-content\/uploads\/gastkok_ovre.jpg\" data-rel=\"lightbox-gallery-gJHksa1d\" data-rl_title=\"\" data-rl_caption=\"\"><img loading=\"lazy\" decoding=\"async\" class=\"alignnone wp-image-121 size-medium\" src=\"http:\/\/www.vikarbyn.com\/wp-content\/uploads\/gastkok_ovre-450x290.jpg\" alt=\"gastkok_ovre\" width=\"450\" height=\"290\" srcset=\"http:\/\/www.vikarbyn.com\/wp-content\/uploads\/gastkok_ovre-450x290.jpg 450w, http:\/\/www.vikarbyn.com\/wp-content\/uploads\/gastkok_ovre.jpg 1000w\" sizes=\"(max-width: 450px) 100vw, 450px\" \/><\/a><a href=\"http:\/\/www2.vikarbyn.com\/wp-content\/uploads\/bob_spis.jpg\" data-rel=\"lightbox-gallery-gJHksa1d\" data-rl_title=\"\" data-rl_caption=\"\" title=\"\"><img loading=\"lazy\" decoding=\"async\" class=\"alignnone wp-image-495 size-medium\" src=\"http:\/\/www.vikarbyn.com\/wp-content\/uploads\/bob_spis-450x293.jpg\" alt=\"bob_spis\" width=\"450\" height=\"293\" srcset=\"http:\/\/www.vikarbyn.com\/wp-content\/uploads\/bob_spis-450x293.jpg 450w, http:\/\/www.vikarbyn.com\/wp-content\/uploads\/bob_spis.jpg 1000w\" sizes=\"(max-width: 450px) 100vw, 450px\" \/><\/a><\/p>\n<p>&nbsp;<\/p>\n<p>[\/et_pb_text][\/et_pb_column][\/et_pb_row][\/et_pb_section]<\/p>\n","protected":false},"excerpt":{"rendered":"<p>Gemeinsame R\u00e4umlichkeiten Wir haben viele feine und gem\u00fctliche Gesellschaftsr\u00e4ume und \u2013Pl\u00e4tze Eingebauter Altan mit 24 Pl\u00e4tzen und Au\u00dfen Altan oben mit 16 Pl\u00e4tzen Gastk\u00fcche zur Zubereitung von Fr\u00fchst\u00fcck, Mittag- und Abendessen Drei Badezimmer mit Waschbecken, Dusche und Toilette Zwei Badezimmer mit zwei Duschen und Waschbecken Zwei Toiletten mit Dusche und Waschbecken Alle Toiletten befinden sich [&hellip;]<\/p>\n","protected":false},"author":1,"featured_media":0,"parent":0,"menu_order":0,"comment_status":"open","ping_status":"open","template":"","meta":{"_et_pb_use_builder":"on","_et_pb_old_content":"","_et_gb_content_width":"","footnotes":""},"class_list":["post-661","page","type-page","status-publish","hentry"],"_links":{"self":[{"href":"http:\/\/www.vikarbyn.com\/de\/wp-json\/wp\/v2\/pages\/661","targetHints":{"allow":["GET"]}}],"collection":[{"href":"http:\/\/www.vikarbyn.com\/de\/wp-json\/wp\/v2\/pages"}],"about":[{"href":"http:\/\/www.vikarbyn.com\/de\/wp-json\/wp\/v2\/types\/page"}],"author":[{"embeddable":true,"href":"http:\/\/www.vikarbyn.com\/de\/wp-json\/wp\/v2\/users\/1"}],"replies":[{"embeddable":true,"href":"http:\/\/www.vikarbyn.com\/de\/wp-json\/wp\/v2\/comments?post=661"}],"version-history":[{"count":6,"href":"http:\/\/www.vikarbyn.com\/de\/wp-json\/wp\/v2\/pages\/661\/revisions"}],"predecessor-version":[{"id":2585,"href":"http:\/\/www.vikarbyn.com\/de\/wp-json\/wp\/v2\/pages\/661\/revisions\/2585"}],"wp:attachment":[{"href":"http:\/\/www.vikarbyn.com\/de\/wp-json\/wp\/v2\/media?parent=661"}],"curies":[{"name":"wp","href":"https:\/\/api.w.org\/{rel}","templated":true}]}}