{"id":659,"date":"2021-04-10T12:15:22","date_gmt":"2021-04-10T10:15:22","guid":{"rendered":"http:\/\/www.vikarbyn.com\/?page_id=659"},"modified":"2022-01-27T15:59:17","modified_gmt":"2022-01-27T14:59:17","slug":"speisesaal-und-fruhstuck","status":"publish","type":"page","link":"http:\/\/www.vikarbyn.com\/de\/speisesaal-und-fruhstuck\/","title":{"rendered":"Speisesaal und Fr\u00fchst\u00fcck"},"content":{"rendered":"<p>[et_pb_section bb_built=&#8221;1&#8243; admin_label=&#8221;section&#8221;][et_pb_row admin_label=&#8221;row&#8221;][et_pb_column type=&#8221;1_2&#8243;][et_pb_text admin_label=&#8221;Text&#8221; background_layout=&#8221;light&#8221; text_orientation=&#8221;left&#8221; use_border_color=&#8221;off&#8221; border_color=&#8221;#ffffff&#8221; border_style=&#8221;solid&#8221;]<\/p>\n<h1>Speisesaal und Fr\u00fchst\u00fcck<\/h1>\n<p>Fr\u00fchst\u00fccksbuffet<\/p>\n<p>Es werden Charkuteriewaren aus der Umgebung und Brot aus der eigenen B\u00e4ckerei angeboten.<\/p>\n<p><strong>Lokalmiete Kurse\/Konferenzen SEK 500.00<\/strong><\/p>\n<p><strong>Feste SEK 1.500.00 nur bei gebuchtem Wohnen bei B&amp;B<\/strong><\/p>\n<p>Wir servieren Pajgerichte oder Aufschnitt nach Wunsch.<\/p>\n<p>Wir arbeiten mit lokalen Cateringfirmen zusammen<\/p>\n<h1>Buche online<script async type=\"text\/javascript\" src=\"https:\/\/secured.sirvoy.com\/widget\/sirvoy.js\" data-form-id=\"53035d7653de3\"><\/script><\/h1>\n<p>&nbsp;<\/p>\n<p>[\/et_pb_text][\/et_pb_column][et_pb_column type=&#8221;1_2&#8243;][et_pb_image admin_label=&#8221;Image&#8221; src=&#8221;http:\/\/www2.vikarbyn.com\/wp-content\/uploads\/frukostbord.jpg&#8221; url_new_window=&#8221;off&#8221; animation=&#8221;left&#8221; \/][\/et_pb_column][\/et_pb_row][\/et_pb_section][et_pb_section bb_built=&#8221;1&#8243; admin_label=&#8221;section&#8221; fullwidth=&#8221;off&#8221; background_color=&#8221;#d8c9aa&#8221; inner_shadow=&#8221;on&#8221; parallax=&#8221;off&#8221;][et_pb_row admin_label=&#8221;row&#8221;][et_pb_column type=&#8221;4_4&#8243;][et_pb_text admin_label=&#8221;Fler bilder&#8221; background_layout=&#8221;light&#8221; text_orientation=&#8221;left&#8221; module_class=&#8221;moreimages&#8221;]<\/p>\n<h2>Bilder<\/h2>\n<p><a href=\"http:\/\/www2.vikarbyn.com\/wp-content\/uploads\/matsal2.jpg\" data-rel=\"lightbox-gallery-FOmJCRRH\" data-rl_title=\"\" data-rl_caption=\"\" title=\"\"><img loading=\"lazy\" decoding=\"async\" class=\"alignnone size-thumbnail wp-image-129\" src=\"http:\/\/www2.vikarbyn.com\/wp-content\/uploads\/matsal2-300x225.jpg\" alt=\"matsal2\" width=\"300\" height=\"225\" \/><\/a><a href=\"http:\/\/www2.vikarbyn.com\/wp-content\/uploads\/matsal1.jpg\" data-rel=\"lightbox-gallery-FOmJCRRH\" data-rl_title=\"\" data-rl_caption=\"\" title=\"\"><img loading=\"lazy\" decoding=\"async\" class=\"alignnone size-thumbnail wp-image-128\" src=\"http:\/\/www2.vikarbyn.com\/wp-content\/uploads\/matsal1-300x225.jpg\" alt=\"matsal1\" width=\"300\" height=\"225\" \/><\/a><a href=\"http:\/\/www2.vikarbyn.com\/wp-content\/uploads\/frukostbuffe.jpg\" data-rel=\"lightbox-gallery-FOmJCRRH\" data-rl_title=\"\" data-rl_caption=\"\" title=\"\"><img loading=\"lazy\" decoding=\"async\" class=\"alignnone size-thumbnail wp-image-127\" src=\"http:\/\/www2.vikarbyn.com\/wp-content\/uploads\/frukostbuffe-300x225.jpg\" alt=\"frukostbuffe\" width=\"300\" height=\"225\" \/><\/a><a href=\"http:\/\/www2.vikarbyn.com\/wp-content\/uploads\/bord-med-mat.jpg\" data-rel=\"lightbox-gallery-FOmJCRRH\" data-rl_title=\"\" data-rl_caption=\"\" title=\"\"><img loading=\"lazy\" decoding=\"async\" class=\"alignnone size-thumbnail wp-image-126\" src=\"http:\/\/www2.vikarbyn.com\/wp-content\/uploads\/bord-med-mat-300x225.jpg\" alt=\"bord-med-mat\" width=\"300\" height=\"225\" \/><\/a><a href=\"http:\/\/www2.vikarbyn.com\/wp-content\/uploads\/mat_frukt.jpg\" data-rel=\"lightbox-gallery-FOmJCRRH\" data-rl_title=\"\" data-rl_caption=\"\" title=\"\"><img loading=\"lazy\" decoding=\"async\" class=\"alignnone size-thumbnail wp-image-534\" src=\"http:\/\/www2.vikarbyn.com\/wp-content\/uploads\/mat_frukt-300x225.jpg\" alt=\"mat_frukt\" width=\"300\" height=\"225\" srcset=\"http:\/\/www.vikarbyn.com\/wp-content\/uploads\/mat_frukt-300x225.jpg 300w, http:\/\/www.vikarbyn.com\/wp-content\/uploads\/mat_frukt-450x337.jpg 450w, http:\/\/www.vikarbyn.com\/wp-content\/uploads\/mat_frukt.jpg 1000w\" sizes=\"(max-width: 300px) 100vw, 300px\" \/><\/a> <a href=\"http:\/\/www2.vikarbyn.com\/wp-content\/uploads\/mat_meny.jpg\" data-rel=\"lightbox-gallery-FOmJCRRH\" data-rl_title=\"\" data-rl_caption=\"\" title=\"\"><img loading=\"lazy\" decoding=\"async\" class=\"alignnone size-thumbnail wp-image-535\" src=\"http:\/\/www2.vikarbyn.com\/wp-content\/uploads\/mat_meny-300x225.jpg\" alt=\"mat_meny\" width=\"300\" height=\"225\" \/><\/a> <a href=\"http:\/\/www2.vikarbyn.com\/wp-content\/uploads\/mat_sallad.jpg\" data-rel=\"lightbox-gallery-FOmJCRRH\" data-rl_title=\"\" data-rl_caption=\"\" title=\"\"><img loading=\"lazy\" decoding=\"async\" class=\"alignnone size-thumbnail wp-image-536\" src=\"http:\/\/www2.vikarbyn.com\/wp-content\/uploads\/mat_sallad-300x225.jpg\" alt=\"mat_sallad\" width=\"300\" height=\"225\" \/><\/a> <a href=\"http:\/\/www2.vikarbyn.com\/wp-content\/uploads\/mat_semlor.jpg\" data-rel=\"lightbox-gallery-FOmJCRRH\" data-rl_title=\"\" data-rl_caption=\"\" title=\"\"><img loading=\"lazy\" decoding=\"async\" class=\"alignnone size-thumbnail wp-image-537\" src=\"http:\/\/www2.vikarbyn.com\/wp-content\/uploads\/mat_semlor-300x225.jpg\" alt=\"mat_semlor\" width=\"300\" height=\"225\" \/><\/a> <a href=\"http:\/\/www2.vikarbyn.com\/wp-content\/uploads\/mat_servering.jpg\" data-rel=\"lightbox-gallery-FOmJCRRH\" data-rl_title=\"\" data-rl_caption=\"\" title=\"\"><img loading=\"lazy\" decoding=\"async\" class=\"alignnone size-thumbnail wp-image-538\" src=\"http:\/\/www2.vikarbyn.com\/wp-content\/uploads\/mat_servering-300x225.jpg\" alt=\"mat_servering\" width=\"300\" height=\"225\" \/><\/a> <a href=\"http:\/\/www2.vikarbyn.com\/wp-content\/uploads\/matsal_buffe.jpg\" data-rel=\"lightbox-gallery-FOmJCRRH\" data-rl_title=\"\" data-rl_caption=\"\" title=\"\"><img loading=\"lazy\" decoding=\"async\" class=\"alignnone size-thumbnail wp-image-539\" src=\"http:\/\/www2.vikarbyn.com\/wp-content\/uploads\/matsal_buffe-300x225.jpg\" alt=\"matsal_buffe\" width=\"300\" height=\"225\" \/><\/a> <a href=\"http:\/\/www2.vikarbyn.com\/wp-content\/uploads\/matsal3.jpg\" data-rel=\"lightbox-gallery-FOmJCRRH\" data-rl_title=\"\" data-rl_caption=\"\" title=\"\"><img loading=\"lazy\" decoding=\"async\" class=\"alignnone size-thumbnail wp-image-540\" src=\"http:\/\/www2.vikarbyn.com\/wp-content\/uploads\/matsal3-300x225.jpg\" alt=\"matsal3\" width=\"300\" height=\"225\" \/><\/a> <a href=\"http:\/\/www2.vikarbyn.com\/wp-content\/uploads\/matsal4.jpg\" data-rel=\"lightbox-gallery-FOmJCRRH\" data-rl_title=\"\" data-rl_caption=\"\" title=\"\"><img loading=\"lazy\" decoding=\"async\" class=\"alignnone size-thumbnail wp-image-541\" src=\"http:\/\/www2.vikarbyn.com\/wp-content\/uploads\/matsal4-300x225.jpg\" alt=\"matsal4\" width=\"300\" height=\"225\" \/><\/a> <a href=\"http:\/\/www2.vikarbyn.com\/wp-content\/uploads\/matsal5.jpg\" data-rel=\"lightbox-gallery-FOmJCRRH\" data-rl_title=\"\" data-rl_caption=\"\" title=\"\"><img loading=\"lazy\" decoding=\"async\" class=\"alignnone size-thumbnail wp-image-542\" src=\"http:\/\/www2.vikarbyn.com\/wp-content\/uploads\/matsal5-300x225.jpg\" alt=\"matsal5\" width=\"300\" height=\"225\" \/><\/a> <a href=\"http:\/\/www2.vikarbyn.com\/wp-content\/uploads\/matsal6.jpg\" data-rel=\"lightbox-gallery-FOmJCRRH\" data-rl_title=\"\" data-rl_caption=\"\" title=\"\"><img loading=\"lazy\" decoding=\"async\" class=\"alignnone size-thumbnail wp-image-543\" src=\"http:\/\/www2.vikarbyn.com\/wp-content\/uploads\/matsal6-300x225.jpg\" alt=\"matsal6\" width=\"300\" height=\"225\" \/><\/a><\/p>\n<p>&nbsp;<\/p>\n<p>[\/et_pb_text][\/et_pb_column][\/et_pb_row][\/et_pb_section]<\/p>\n","protected":false},"excerpt":{"rendered":"<p>Speisesaal und Fr\u00fchst\u00fcck Fr\u00fchst\u00fccksbuffet Es werden Charkuteriewaren aus der Umgebung und Brot aus der eigenen B\u00e4ckerei angeboten. Lokalmiete Kurse\/Konferenzen SEK 500.00 Feste SEK 1.500.00 nur bei gebuchtem Wohnen bei B&amp;B Wir servieren Pajgerichte oder Aufschnitt nach Wunsch. Wir arbeiten mit lokalen Cateringfirmen zusammen Buche online<script async type=\"text\/javascript\" src=\"https:\/\/secured.sirvoy.com\/widget\/sirvoy.js\" data-form-id=\"53035d7653de3\"><\/script> &nbsp; Bilder &nbsp;<\/p>\n","protected":false},"author":1,"featured_media":0,"parent":0,"menu_order":0,"comment_status":"open","ping_status":"open","template":"","meta":{"_et_pb_use_builder":"on","_et_pb_old_content":"","_et_gb_content_width":"","footnotes":""},"class_list":["post-659","page","type-page","status-publish","hentry"],"_links":{"self":[{"href":"http:\/\/www.vikarbyn.com\/de\/wp-json\/wp\/v2\/pages\/659","targetHints":{"allow":["GET"]}}],"collection":[{"href":"http:\/\/www.vikarbyn.com\/de\/wp-json\/wp\/v2\/pages"}],"about":[{"href":"http:\/\/www.vikarbyn.com\/de\/wp-json\/wp\/v2\/types\/page"}],"author":[{"embeddable":true,"href":"http:\/\/www.vikarbyn.com\/de\/wp-json\/wp\/v2\/users\/1"}],"replies":[{"embeddable":true,"href":"http:\/\/www.vikarbyn.com\/de\/wp-json\/wp\/v2\/comments?post=659"}],"version-history":[{"count":4,"href":"http:\/\/www.vikarbyn.com\/de\/wp-json\/wp\/v2\/pages\/659\/revisions"}],"predecessor-version":[{"id":2586,"href":"http:\/\/www.vikarbyn.com\/de\/wp-json\/wp\/v2\/pages\/659\/revisions\/2586"}],"wp:attachment":[{"href":"http:\/\/www.vikarbyn.com\/de\/wp-json\/wp\/v2\/media?parent=659"}],"curies":[{"name":"wp","href":"https:\/\/api.w.org\/{rel}","templated":true}]}}