{"id":647,"date":"2021-04-10T12:05:43","date_gmt":"2021-04-10T10:05:43","guid":{"rendered":"http:\/\/www.vikarbyn.com\/?page_id=647"},"modified":"2021-05-10T15:15:26","modified_gmt":"2021-05-10T13:15:26","slug":"tappgarden-2","status":"publish","type":"page","link":"http:\/\/www.vikarbyn.com\/de\/tappgarden-2\/","title":{"rendered":"T\u00e4ppg\u00e5rden"},"content":{"rendered":"<p>[et_pb_section bb_built=&#8221;1&#8243; admin_label=&#8221;section&#8221;][et_pb_row admin_label=&#8221;row&#8221;][et_pb_column type=&#8221;1_2&#8243;][et_pb_text admin_label=&#8221;Text&#8221; background_layout=&#8221;light&#8221; text_orientation=&#8221;left&#8221; use_border_color=&#8221;off&#8221; border_color=&#8221;#ffffff&#8221; border_style=&#8221;solid&#8221;]<\/p>\n<h1>T\u00e4ppg\u00e5rden<\/h1>\n<p><strong>Zwei Wohnungen von je ca. 60 qm in einem Haus aus der Jahrhundertwende. Zentrale Lage in Vikarbyn, 7 km von R\u00e4ttvik entfernt. Geschmackvoll neurenoviert mit offener Wohnl\u00f6sung, Holzboden und wei\u00df lackierten Holzleisten. Wohnung im Obergeschoss (5 Betten)<\/strong><\/p>\n<p>Zwei Schlafzimmer, wovon eins mit Doppelbett und eines mit einem Stockbett + Einzelbett. Au\u00dferdem Bettsofa f\u00fcr 2 Personen im Wohnzimmer (kostet: SEK 200.00\/Nacht) Wohnzimmer und K\u00fcche mit Herd \/Kamin sowie Badezimmer mit Dusche und Toilette.<\/p>\n<p><strong>Wohnung im Erdgeschoss (5 Betten)<\/strong><br \/>\nZwei Schlafzimmer, wovon eines mit Doppelbett und eines mit Stockbett + Einzelbett. Wohnzimmer und K\u00fcche mit Herd\/Kamin sowie Badezimmer mit Dusche und Toilette. Zu diesen Wohnungen geh\u00f6rt eine Waschmaschine und Besenkammer.<\/p>\n<p>Bei gr\u00f6\u00dferen Gesellschaften kann man die zwei Wohnungen miteinander verbinden.<\/p>\n<p>&nbsp;<\/p>\n<p><strong>Miete per Wohnung:<\/strong><\/p>\n<p>SEK\u00a0\u00a0 6.000.00 \/ Woche<br \/>\nSEK\u00a0\u00a0 1.100.00 \/ Nacht<br \/>\nSaisonpreis Woche 31\u00a0\u00a0 SEK 8.500.00<br \/>\nSeparateingang zu den jeweiligen Wohnungen. Gro\u00dfes Grundst\u00fcck mit Gartenm\u00f6beln und Parkgelegenheit auf dem Grundst\u00fcck<br \/>\nLebensmittelgesch\u00e4ft: 100 Meter<br \/>\nBushaltestelle: 150 Meter<br \/>\nBadestrand: 10 Minuten Gehweg<br \/>\nGolfbahn: in R\u00e4ttvik &#8211; und einige andere im weiteren Umkreis von 30 km<br \/>\nDalhalla: 7 km entfernt<br \/>\nSkifahren: Vier M\u00f6glichkeiten innerhalb eines Umkreises von 50 km. Langlauf: bei Vikarbyn und R\u00e4ttvik<\/p>\n<p>&nbsp;<\/p>\n<p>[\/et_pb_text][\/et_pb_column][et_pb_column type=&#8221;1_2&#8243;][et_pb_image admin_label=&#8221;Image&#8221; src=&#8221;http:\/\/www2.vikarbyn.com\/wp-content\/uploads\/tappgarden_exterior1.jpg&#8221; url_new_window=&#8221;off&#8221; animation=&#8221;left&#8221; \/][\/et_pb_column][\/et_pb_row][\/et_pb_section][et_pb_section bb_built=&#8221;1&#8243; admin_label=&#8221;section&#8221; fullwidth=&#8221;off&#8221; background_color=&#8221;#d8c9aa&#8221; inner_shadow=&#8221;on&#8221; parallax=&#8221;off&#8221;][et_pb_row admin_label=&#8221;row&#8221;][et_pb_column type=&#8221;4_4&#8243;][et_pb_text admin_label=&#8221;Fler bilder&#8221; background_layout=&#8221;light&#8221; text_orientation=&#8221;left&#8221; module_class=&#8221;moreimages&#8221; use_border_color=&#8221;off&#8221; border_color=&#8221;#ffffff&#8221; border_style=&#8221;solid&#8221;]<\/p>\n<h2>Bilder<\/h2>\n<p><a href=\"http:\/\/www2.vikarbyn.com\/wp-content\/uploads\/tappgarden_nedre_3baddsrum.jpg\" data-rel=\"lightbox-gallery-cXo9jtsU\" data-rl_title=\"\" data-rl_caption=\"\" title=\"\"><img loading=\"lazy\" decoding=\"async\" class=\"alignnone size-thumbnail wp-image-498\" src=\"http:\/\/www2.vikarbyn.com\/wp-content\/uploads\/tappgarden_nedre_3baddsrum-300x225.jpg\" alt=\"tappgarden_nedre_3baddsrum\" width=\"300\" height=\"225\" \/><\/a> <a href=\"http:\/\/www2.vikarbyn.com\/wp-content\/uploads\/tappgarden_nedre_badrum.jpg\" data-rel=\"lightbox-gallery-cXo9jtsU\" data-rl_title=\"\" data-rl_caption=\"\" title=\"\"><img loading=\"lazy\" decoding=\"async\" class=\"alignnone size-thumbnail wp-image-499\" src=\"http:\/\/www2.vikarbyn.com\/wp-content\/uploads\/tappgarden_nedre_badrum-300x225.jpg\" alt=\"tappgarden_nedre_badrum\" width=\"300\" height=\"225\" \/><\/a> <a href=\"http:\/\/www2.vikarbyn.com\/wp-content\/uploads\/tappgarden_nedre_dubbelrum.jpg\" data-rel=\"lightbox-gallery-cXo9jtsU\" data-rl_title=\"\" data-rl_caption=\"\" title=\"\"><img loading=\"lazy\" decoding=\"async\" class=\"alignnone size-thumbnail wp-image-500\" src=\"http:\/\/www2.vikarbyn.com\/wp-content\/uploads\/tappgarden_nedre_dubbelrum-300x225.jpg\" alt=\"tappgarden_nedre_dubbelrum\" width=\"300\" height=\"225\" \/><\/a> <a href=\"http:\/\/www2.vikarbyn.com\/wp-content\/uploads\/tappgarden_nedre_kok.jpg\" data-rel=\"lightbox-gallery-cXo9jtsU\" data-rl_title=\"\" data-rl_caption=\"\" title=\"\"><img loading=\"lazy\" decoding=\"async\" class=\"alignnone size-thumbnail wp-image-501\" src=\"http:\/\/www2.vikarbyn.com\/wp-content\/uploads\/tappgarden_nedre_kok-300x225.jpg\" alt=\"tappgarden_nedre_kok\" width=\"300\" height=\"225\" \/><\/a> <a href=\"http:\/\/www2.vikarbyn.com\/wp-content\/uploads\/tappgarden_nedre_kok2.jpg\" data-rel=\"lightbox-gallery-cXo9jtsU\" data-rl_title=\"\" data-rl_caption=\"\" title=\"\"><img loading=\"lazy\" decoding=\"async\" class=\"alignnone size-thumbnail wp-image-502\" src=\"http:\/\/www2.vikarbyn.com\/wp-content\/uploads\/tappgarden_nedre_kok2-300x225.jpg\" alt=\"tappgarden_nedre_kok2\" width=\"300\" height=\"225\" \/><\/a> <a href=\"http:\/\/www2.vikarbyn.com\/wp-content\/uploads\/tappgarden_nedre_soffa.jpg\" data-rel=\"lightbox-gallery-cXo9jtsU\" data-rl_title=\"\" data-rl_caption=\"\" title=\"\"><img loading=\"lazy\" decoding=\"async\" class=\"alignnone size-thumbnail wp-image-503\" src=\"http:\/\/www2.vikarbyn.com\/wp-content\/uploads\/tappgarden_nedre_soffa-300x225.jpg\" alt=\"tappgarden_nedre_soffa\" width=\"300\" height=\"225\" \/><\/a> <a href=\"http:\/\/www2.vikarbyn.com\/wp-content\/uploads\/tappgarden_ovre_3badd.jpg\" data-rel=\"lightbox-gallery-cXo9jtsU\" data-rl_title=\"\" data-rl_caption=\"\" title=\"\"><img loading=\"lazy\" decoding=\"async\" class=\"alignnone size-thumbnail wp-image-504\" src=\"http:\/\/www2.vikarbyn.com\/wp-content\/uploads\/tappgarden_ovre_3badd-300x225.jpg\" alt=\"tappgarden_ovre_3badd\" width=\"300\" height=\"225\" \/><\/a> <a href=\"http:\/\/www2.vikarbyn.com\/wp-content\/uploads\/tappgarden_ovre_allrum.jpg\" data-rel=\"lightbox-gallery-cXo9jtsU\" data-rl_title=\"\" data-rl_caption=\"\" title=\"\"><img loading=\"lazy\" decoding=\"async\" class=\"alignnone size-thumbnail wp-image-505\" src=\"http:\/\/www2.vikarbyn.com\/wp-content\/uploads\/tappgarden_ovre_allrum-300x225.jpg\" alt=\"tappgarden_ovre_allrum\" width=\"300\" height=\"225\" \/><\/a> <a href=\"http:\/\/www2.vikarbyn.com\/wp-content\/uploads\/tappgarden_ovre_badrum.jpg\" data-rel=\"lightbox-gallery-cXo9jtsU\" data-rl_title=\"\" data-rl_caption=\"\" title=\"\"><img loading=\"lazy\" decoding=\"async\" class=\"alignnone size-thumbnail wp-image-506\" src=\"http:\/\/www2.vikarbyn.com\/wp-content\/uploads\/tappgarden_ovre_badrum-300x225.jpg\" alt=\"tappgarden_ovre_badrum\" width=\"300\" height=\"225\" \/><\/a> <a href=\"http:\/\/www2.vikarbyn.com\/wp-content\/uploads\/tappgarden_ovre_dubbelrum.jpg\" data-rel=\"lightbox-gallery-cXo9jtsU\" data-rl_title=\"\" data-rl_caption=\"\" title=\"\"><img loading=\"lazy\" decoding=\"async\" class=\"alignnone size-thumbnail wp-image-507\" src=\"http:\/\/www2.vikarbyn.com\/wp-content\/uploads\/tappgarden_ovre_dubbelrum-300x225.jpg\" alt=\"tappgarden_ovre_dubbelrum\" width=\"300\" height=\"225\" \/><\/a> <a href=\"http:\/\/www2.vikarbyn.com\/wp-content\/uploads\/tappgarden_ovre_kok.jpg\" data-rel=\"lightbox-gallery-cXo9jtsU\" data-rl_title=\"\" data-rl_caption=\"\" title=\"\"><img loading=\"lazy\" decoding=\"async\" class=\"alignnone size-thumbnail wp-image-508\" src=\"http:\/\/www2.vikarbyn.com\/wp-content\/uploads\/tappgarden_ovre_kok-300x225.jpg\" alt=\"tappgarden_ovre_kok\" width=\"300\" height=\"225\" \/><\/a> <a href=\"http:\/\/www2.vikarbyn.com\/wp-content\/uploads\/tappgarden_ovre_kok2.jpg\" data-rel=\"lightbox-gallery-cXo9jtsU\" data-rl_title=\"\" data-rl_caption=\"\" title=\"\"><img loading=\"lazy\" decoding=\"async\" class=\"alignnone size-thumbnail wp-image-509\" src=\"http:\/\/www2.vikarbyn.com\/wp-content\/uploads\/tappgarden_ovre_kok2-300x225.jpg\" alt=\"tappgarden_ovre_kok2\" width=\"300\" height=\"225\" \/><\/a> <a href=\"http:\/\/www2.vikarbyn.com\/wp-content\/uploads\/tappgarden_ovre_soffa.jpg\" data-rel=\"lightbox-gallery-cXo9jtsU\" data-rl_title=\"\" data-rl_caption=\"\" title=\"\"><img loading=\"lazy\" decoding=\"async\" class=\"alignnone size-thumbnail wp-image-510\" src=\"http:\/\/www2.vikarbyn.com\/wp-content\/uploads\/tappgarden_ovre_soffa-300x225.jpg\" alt=\"tappgarden_ovre_soffa\" width=\"300\" height=\"225\" \/><\/a><\/p>\n<p>&nbsp;<\/p>\n<p>[\/et_pb_text][\/et_pb_column][\/et_pb_row][\/et_pb_section]<\/p>\n","protected":false},"excerpt":{"rendered":"<p>T\u00e4ppg\u00e5rden Zwei Wohnungen von je ca. 60 qm in einem Haus aus der Jahrhundertwende. Zentrale Lage in Vikarbyn, 7 km von R\u00e4ttvik entfernt. Geschmackvoll neurenoviert mit offener Wohnl\u00f6sung, Holzboden und wei\u00df lackierten Holzleisten. Wohnung im Obergeschoss (5 Betten) Zwei Schlafzimmer, wovon eins mit Doppelbett und eines mit einem Stockbett + Einzelbett. Au\u00dferdem Bettsofa f\u00fcr 2 [&hellip;]<\/p>\n","protected":false},"author":1,"featured_media":0,"parent":0,"menu_order":0,"comment_status":"open","ping_status":"open","template":"","meta":{"_et_pb_use_builder":"on","_et_pb_old_content":"","_et_gb_content_width":"","footnotes":""},"class_list":["post-647","page","type-page","status-publish","hentry"],"_links":{"self":[{"href":"http:\/\/www.vikarbyn.com\/de\/wp-json\/wp\/v2\/pages\/647","targetHints":{"allow":["GET"]}}],"collection":[{"href":"http:\/\/www.vikarbyn.com\/de\/wp-json\/wp\/v2\/pages"}],"about":[{"href":"http:\/\/www.vikarbyn.com\/de\/wp-json\/wp\/v2\/types\/page"}],"author":[{"embeddable":true,"href":"http:\/\/www.vikarbyn.com\/de\/wp-json\/wp\/v2\/users\/1"}],"replies":[{"embeddable":true,"href":"http:\/\/www.vikarbyn.com\/de\/wp-json\/wp\/v2\/comments?post=647"}],"version-history":[{"count":4,"href":"http:\/\/www.vikarbyn.com\/de\/wp-json\/wp\/v2\/pages\/647\/revisions"}],"predecessor-version":[{"id":2382,"href":"http:\/\/www.vikarbyn.com\/de\/wp-json\/wp\/v2\/pages\/647\/revisions\/2382"}],"wp:attachment":[{"href":"http:\/\/www.vikarbyn.com\/de\/wp-json\/wp\/v2\/media?parent=647"}],"curies":[{"name":"wp","href":"https:\/\/api.w.org\/{rel}","templated":true}]}}