{"id":645,"date":"2020-12-10T12:01:28","date_gmt":"2020-12-10T11:01:28","guid":{"rendered":"http:\/\/www.vikarbyn.com\/?page_id=645"},"modified":"2020-12-14T19:35:30","modified_gmt":"2020-12-14T18:35:30","slug":"holzhaus","status":"publish","type":"page","link":"http:\/\/www.vikarbyn.com\/de\/holzhaus\/","title":{"rendered":"Holzhaus"},"content":{"rendered":"<p>[et_pb_section bb_built=&#8221;1&#8243; admin_label=&#8221;section&#8221;][et_pb_row admin_label=&#8221;row&#8221;][et_pb_column type=&#8221;1_2&#8243;][et_pb_text admin_label=&#8221;Text&#8221; background_layout=&#8221;light&#8221; text_orientation=&#8221;left&#8221; use_border_color=&#8221;off&#8221; border_color=&#8221;#ffffff&#8221; border_style=&#8221;solid&#8221;]<\/p>\n<h1>Holzhaus 65 qm 4 + 2 Betten<\/h1>\n<p>Holzhaus auf eigenem Grundst\u00fcck, das im Zentrum von Vikarbyn liegt.<\/p>\n<p>Teilweise Aussicht auf den Siljansee. 65 qm. Schlafzimmer mit Doppelbett. Schlafzimmer mit Einzelbett. Grossraum mit K\u00fcche und Essplatz. Offener Kamin. Bettsofa f\u00fcr 1 \u2013 2 Betten (140 x 190 cm). Fernseher.<\/p>\n<p>K\u00fcche: Elektroherd mit Backrohr, K\u00fchl- und Gefrierschrank, Geschirrsp\u00fclmaschine, Micro, Kaffeemaschine, Wasserkocher.<\/p>\n<p>WC + Dusche.<\/p>\n<p>Veranda teilweise unter Dach (Markise), Gartenm\u00f6bel, Grill.<\/p>\n<p>Bad: ca 800 m zum Siljansee.<\/p>\n<p>&nbsp;<\/p>\n<p><strong>Miete:<\/strong><\/p>\n<p>W\u00f6chentlich\u00a0 SEK 6,500<\/p>\n<p>1 Nacht\u00a0 SEK 1.250<\/p>\n<p>Woche 31\u00a0 SEK 9.500<\/p>\n<p>&nbsp;<\/p>\n<p>[\/et_pb_text][\/et_pb_column][et_pb_column type=&#8221;1_2&#8243;][et_pb_image admin_label=&#8221;Image&#8221; url_new_window=&#8221;off&#8221; animation=&#8221;left&#8221; src=&#8221;http:\/\/www2.vikarbyn.com\/wp-content\/uploads\/timmerstuga_ext.jpg&#8221; \/][\/et_pb_column][\/et_pb_row][\/et_pb_section][et_pb_section bb_built=&#8221;1&#8243; admin_label=&#8221;section&#8221; fullwidth=&#8221;off&#8221; background_color=&#8221;#d8c9aa&#8221; inner_shadow=&#8221;on&#8221; parallax=&#8221;off&#8221;][et_pb_row admin_label=&#8221;row&#8221;][et_pb_column type=&#8221;4_4&#8243;][et_pb_text admin_label=&#8221;Fler bilder&#8221; background_layout=&#8221;light&#8221; text_orientation=&#8221;left&#8221; module_class=&#8221;moreimages&#8221;]<\/p>\n<h2>Bilder<\/h2>\n<p><a href=\"http:\/\/www2.vikarbyn.com\/wp-content\/uploads\/timmerstuga_dubbel.jpg\" data-rel=\"lightbox-gallery-FPbmQKGi\" data-rl_title=\"\" data-rl_caption=\"\" title=\"\"><img loading=\"lazy\" decoding=\"async\" class=\"alignnone size-thumbnail wp-image-545\" src=\"http:\/\/www2.vikarbyn.com\/wp-content\/uploads\/timmerstuga_dubbel-300x225.jpg\" alt=\"timmerstuga_dubbel\" width=\"300\" height=\"225\" \/><\/a> <a href=\"http:\/\/www2.vikarbyn.com\/wp-content\/uploads\/timmerstuga_hall.jpg\" data-rel=\"lightbox-gallery-FPbmQKGi\" data-rl_title=\"\" data-rl_caption=\"\" title=\"\"><img loading=\"lazy\" decoding=\"async\" class=\"alignnone size-thumbnail wp-image-546\" src=\"http:\/\/www2.vikarbyn.com\/wp-content\/uploads\/timmerstuga_hall-300x225.jpg\" alt=\"timmerstuga_hall\" width=\"300\" height=\"225\" \/><\/a> <a href=\"http:\/\/www2.vikarbyn.com\/wp-content\/uploads\/timmerstuga_kok.jpg\" data-rel=\"lightbox-gallery-FPbmQKGi\" data-rl_title=\"\" data-rl_caption=\"\" title=\"\"><img loading=\"lazy\" decoding=\"async\" class=\"alignnone size-thumbnail wp-image-547\" src=\"http:\/\/www2.vikarbyn.com\/wp-content\/uploads\/timmerstuga_kok-300x225.jpg\" alt=\"timmerstuga_kok\" width=\"300\" height=\"225\" \/><\/a> <a href=\"http:\/\/www2.vikarbyn.com\/wp-content\/uploads\/timmerstuga_soffa.jpg\" data-rel=\"lightbox-gallery-FPbmQKGi\" data-rl_title=\"\" data-rl_caption=\"\" title=\"\"><img loading=\"lazy\" decoding=\"async\" class=\"alignnone size-thumbnail wp-image-548\" src=\"http:\/\/www2.vikarbyn.com\/wp-content\/uploads\/timmerstuga_soffa-300x225.jpg\" alt=\"timmerstuga_soffa\" width=\"300\" height=\"225\" \/><\/a><a href=\"http:\/\/www2.vikarbyn.com\/wp-content\/uploads\/timmerstuga_enkel.jpg\" data-rel=\"lightbox-gallery-FPbmQKGi\" data-rl_title=\"\" data-rl_caption=\"\" title=\"\"><img loading=\"lazy\" decoding=\"async\" class=\"alignnone size-thumbnail wp-image-578\" src=\"http:\/\/www2.vikarbyn.com\/wp-content\/uploads\/timmerstuga_enkel-300x225.jpg\" alt=\"timmerstuga_enkel\" width=\"300\" height=\"225\" \/><\/a> <a href=\"http:\/\/www2.vikarbyn.com\/wp-content\/uploads\/timmerstuga_ext.jpg\" data-rel=\"lightbox-gallery-FPbmQKGi\" data-rl_title=\"\" data-rl_caption=\"\" title=\"\"><img loading=\"lazy\" decoding=\"async\" class=\"alignnone size-thumbnail wp-image-579\" src=\"http:\/\/www2.vikarbyn.com\/wp-content\/uploads\/timmerstuga_ext-300x225.jpg\" alt=\"timmerstuga_ext\" width=\"300\" height=\"225\" \/><\/a> <a href=\"http:\/\/www2.vikarbyn.com\/wp-content\/uploads\/timmerstuga_ext2.jpg\" data-rel=\"lightbox-gallery-FPbmQKGi\" data-rl_title=\"\" data-rl_caption=\"\" title=\"\"><img loading=\"lazy\" decoding=\"async\" class=\"alignnone size-thumbnail wp-image-580\" src=\"http:\/\/www2.vikarbyn.com\/wp-content\/uploads\/timmerstuga_ext2-300x225.jpg\" alt=\"timmerstuga_ext2\" width=\"300\" height=\"225\" \/><\/a> <a href=\"http:\/\/www2.vikarbyn.com\/wp-content\/uploads\/timmerstuga_tradgard.jpg\" data-rel=\"lightbox-gallery-FPbmQKGi\" data-rl_title=\"\" data-rl_caption=\"\" title=\"\"><img loading=\"lazy\" decoding=\"async\" class=\"alignnone size-thumbnail wp-image-581\" src=\"http:\/\/www2.vikarbyn.com\/wp-content\/uploads\/timmerstuga_tradgard-300x225.jpg\" alt=\"timmerstuga_tradgard\" width=\"300\" height=\"225\" \/><\/a><\/p>\n<p>&nbsp;<\/p>\n<p>[\/et_pb_text][\/et_pb_column][\/et_pb_row][\/et_pb_section]<\/p>\n","protected":false},"excerpt":{"rendered":"<p>Holzhaus 65 qm 4 + 2 Betten Holzhaus auf eigenem Grundst\u00fcck, das im Zentrum von Vikarbyn liegt. Teilweise Aussicht auf den Siljansee. 65 qm. Schlafzimmer mit Doppelbett. Schlafzimmer mit Einzelbett. Grossraum mit K\u00fcche und Essplatz. Offener Kamin. Bettsofa f\u00fcr 1 \u2013 2 Betten (140 x 190 cm). Fernseher. K\u00fcche: Elektroherd mit Backrohr, K\u00fchl- und Gefrierschrank, [&hellip;]<\/p>\n","protected":false},"author":1,"featured_media":0,"parent":0,"menu_order":0,"comment_status":"open","ping_status":"closed","template":"","meta":{"_et_pb_use_builder":"on","_et_pb_old_content":"","_et_gb_content_width":"","footnotes":""},"class_list":["post-645","page","type-page","status-publish","hentry"],"_links":{"self":[{"href":"http:\/\/www.vikarbyn.com\/de\/wp-json\/wp\/v2\/pages\/645","targetHints":{"allow":["GET"]}}],"collection":[{"href":"http:\/\/www.vikarbyn.com\/de\/wp-json\/wp\/v2\/pages"}],"about":[{"href":"http:\/\/www.vikarbyn.com\/de\/wp-json\/wp\/v2\/types\/page"}],"author":[{"embeddable":true,"href":"http:\/\/www.vikarbyn.com\/de\/wp-json\/wp\/v2\/users\/1"}],"replies":[{"embeddable":true,"href":"http:\/\/www.vikarbyn.com\/de\/wp-json\/wp\/v2\/comments?post=645"}],"version-history":[{"count":4,"href":"http:\/\/www.vikarbyn.com\/de\/wp-json\/wp\/v2\/pages\/645\/revisions"}],"predecessor-version":[{"id":1499,"href":"http:\/\/www.vikarbyn.com\/de\/wp-json\/wp\/v2\/pages\/645\/revisions\/1499"}],"wp:attachment":[{"href":"http:\/\/www.vikarbyn.com\/de\/wp-json\/wp\/v2\/media?parent=645"}],"curies":[{"name":"wp","href":"https:\/\/api.w.org\/{rel}","templated":true}]}}