{"id":642,"date":"2020-12-10T11:49:57","date_gmt":"2020-12-10T10:49:57","guid":{"rendered":"http:\/\/www.vikarbyn.com\/?page_id=642"},"modified":"2020-12-14T19:33:12","modified_gmt":"2020-12-14T18:33:12","slug":"dalastuga-2","status":"publish","type":"page","link":"http:\/\/www.vikarbyn.com\/de\/dalastuga-2\/","title":{"rendered":"Dalastuga"},"content":{"rendered":"<p>[et_pb_section bb_built=&#8221;1&#8243; admin_label=&#8221;section&#8221;][et_pb_row admin_label=&#8221;row&#8221;][et_pb_column type=&#8221;1_2&#8243;][et_pb_text admin_label=&#8221;Text&#8221; background_layout=&#8221;light&#8221; text_orientation=&#8221;left&#8221; use_border_color=&#8221;off&#8221; border_color=&#8221;#ffffff&#8221; border_style=&#8221;solid&#8221;]<\/p>\n<h1>Dalastuga 65 qm 4 + 2 Betten<\/h1>\n<p>2 Schlafzimmer mit 4 Stockbetten, ein Wohnraum mit Bettsofa, Lehnst\u00fchlen und offenem Kamin.<\/p>\n<p>In der K\u00fcche: Elektroherd mit Backrohr, K\u00fchl- und Gefrierschrank, Micro, Kaffeekocher, Wasserkocher. Esstisch im Wohnraum. Badezimmer mit Dusche und Toilette. Fernseher und Radio.<\/p>\n<p>\u201eStuga\u201c mit Altan unten im Dorf auf eigenem Grundst\u00fcck, Promenadabstand und Badeplatz am Siljansee.<\/p>\n<p>&nbsp;<\/p>\n<p>4 Betten und 1 Bettsofa (2 Betten) <strong>SEK 1.250\/Nacht,\u00a0 SEK 6<\/strong><strong>500\/Woche<\/strong><\/p>\n<p><strong>Hochsaison:<\/strong>\u00a0\u00a0 Woche 21-32 \/ und Wochen 8 und 9<\/p>\n<p><strong>\u00dcbrige Zeit:<\/strong> Wochen 33-20: SEK 1000\/Nacht, SEK 5500\/Woche<\/p>\n<p><strong>Saisonpreis<\/strong> Woche 31: SEK 9.500<\/p>\n<p>&nbsp;<\/p>\n<p>&nbsp;<\/p>\n<p>&nbsp;<\/p>\n<p>&nbsp;<\/p>\n<p>[\/et_pb_text][\/et_pb_column][et_pb_column type=&#8221;1_2&#8243;][et_pb_image admin_label=&#8221;Image&#8221; src=&#8221;http:\/\/www2.vikarbyn.com\/wp-content\/uploads\/Dalastuga-med-egen-tomt.jpg&#8221; url_new_window=&#8221;off&#8221; animation=&#8221;left&#8221; \/][\/et_pb_column][\/et_pb_row][\/et_pb_section][et_pb_section bb_built=&#8221;1&#8243; admin_label=&#8221;section&#8221; fullwidth=&#8221;off&#8221; background_color=&#8221;#d8c9aa&#8221; inner_shadow=&#8221;on&#8221; parallax=&#8221;off&#8221;][et_pb_row admin_label=&#8221;row&#8221;][et_pb_column type=&#8221;4_4&#8243;][et_pb_text admin_label=&#8221;Fler bilder&#8221; background_layout=&#8221;light&#8221; text_orientation=&#8221;left&#8221; module_class=&#8221;moreimages&#8221;]<\/p>\n<h2>Fler bilder<\/h2>\n<p><a href=\"http:\/\/www2.vikarbyn.com\/wp-content\/uploads\/dalastuga_allrum.jpg\" data-rel=\"lightbox-gallery-sP0dD2o1\" data-rl_title=\"\" data-rl_caption=\"\" title=\"\"><img loading=\"lazy\" decoding=\"async\" class=\"alignnone size-thumbnail wp-image-151\" src=\"http:\/\/www2.vikarbyn.com\/wp-content\/uploads\/dalastuga_allrum-300x225.jpg\" alt=\"dalastuga_allrum\" width=\"300\" height=\"225\" \/><\/a><a href=\"http:\/\/www2.vikarbyn.com\/wp-content\/uploads\/dalastuga_lillstuga.jpg\" data-rel=\"lightbox-gallery-sP0dD2o1\" data-rl_title=\"\" data-rl_caption=\"\" title=\"\"><img loading=\"lazy\" decoding=\"async\" class=\"alignnone size-thumbnail wp-image-152\" src=\"http:\/\/www2.vikarbyn.com\/wp-content\/uploads\/dalastuga_lillstuga-300x225.jpg\" alt=\"dalastuga_lillstuga\" width=\"300\" height=\"225\" \/><\/a><a href=\"http:\/\/www2.vikarbyn.com\/wp-content\/uploads\/dalastuga_allrum2.jpg\" data-rel=\"lightbox-gallery-sP0dD2o1\" data-rl_title=\"\" data-rl_caption=\"\" title=\"\"><img loading=\"lazy\" decoding=\"async\" class=\"alignnone size-thumbnail wp-image-474\" src=\"http:\/\/www2.vikarbyn.com\/wp-content\/uploads\/dalastuga_allrum2-300x225.jpg\" alt=\"dalastuga_allrum2\" width=\"300\" height=\"225\" \/><\/a><a href=\"http:\/\/www2.vikarbyn.com\/wp-content\/uploads\/dalastuga_ext2.jpg\" data-rel=\"lightbox-gallery-sP0dD2o1\" data-rl_title=\"\" data-rl_caption=\"\" title=\"\"><img loading=\"lazy\" decoding=\"async\" class=\"alignnone size-thumbnail wp-image-475\" src=\"http:\/\/www2.vikarbyn.com\/wp-content\/uploads\/dalastuga_ext2-300x225.jpg\" alt=\"dalastuga_ext2\" width=\"300\" height=\"225\" \/><\/a><a href=\"http:\/\/www2.vikarbyn.com\/wp-content\/uploads\/dalastuga_kok.jpg\" data-rel=\"lightbox-gallery-sP0dD2o1\" data-rl_title=\"\" data-rl_caption=\"\" title=\"\"><img loading=\"lazy\" decoding=\"async\" class=\"alignnone size-thumbnail wp-image-476\" src=\"http:\/\/www2.vikarbyn.com\/wp-content\/uploads\/dalastuga_kok-300x225.jpg\" alt=\"dalastuga_kok\" width=\"300\" height=\"225\" \/><\/a><a href=\"http:\/\/www2.vikarbyn.com\/wp-content\/uploads\/dalastuga_portal.jpg\" data-rel=\"lightbox-gallery-sP0dD2o1\" data-rl_title=\"\" data-rl_caption=\"\" title=\"\"><img loading=\"lazy\" decoding=\"async\" class=\"alignnone size-thumbnail wp-image-153\" src=\"http:\/\/www2.vikarbyn.com\/wp-content\/uploads\/dalastuga_portal-300x225.jpg\" alt=\"dalastuga_portal\" width=\"300\" height=\"225\" \/><\/a><a href=\"http:\/\/www2.vikarbyn.com\/wp-content\/uploads\/dalastuga_vaningsbaddar.jpg\" data-rel=\"lightbox-gallery-sP0dD2o1\" data-rl_title=\"\" data-rl_caption=\"\" title=\"\"><img loading=\"lazy\" decoding=\"async\" class=\"alignnone size-thumbnail wp-image-154\" src=\"http:\/\/www2.vikarbyn.com\/wp-content\/uploads\/dalastuga_vaningsbaddar-300x225.jpg\" alt=\"dalastuga_vaningsbaddar\" width=\"300\" height=\"225\" \/><\/a><a href=\"http:\/\/www2.vikarbyn.com\/wp-content\/uploads\/dalastuga_toa.jpg\" data-rel=\"lightbox-gallery-sP0dD2o1\" data-rl_title=\"\" data-rl_caption=\"\" title=\"\"><img loading=\"lazy\" decoding=\"async\" class=\"alignnone size-thumbnail wp-image-477\" src=\"http:\/\/www2.vikarbyn.com\/wp-content\/uploads\/dalastuga_toa-300x225.jpg\" alt=\"dalastuga_toa\" width=\"300\" height=\"225\" \/><\/a><a href=\"http:\/\/www2.vikarbyn.com\/wp-content\/uploads\/dalastuga_veranda.jpg\" data-rel=\"lightbox-gallery-sP0dD2o1\" data-rl_title=\"\" data-rl_caption=\"\" title=\"\"><img loading=\"lazy\" decoding=\"async\" class=\"alignnone size-thumbnail wp-image-479\" src=\"http:\/\/www2.vikarbyn.com\/wp-content\/uploads\/dalastuga_veranda-300x225.jpg\" alt=\"dalastuga_veranda\" width=\"300\" height=\"225\" \/><\/a><\/p>\n<p>&nbsp;<\/p>\n<p>[\/et_pb_text][\/et_pb_column][\/et_pb_row][\/et_pb_section]<\/p>\n","protected":false},"excerpt":{"rendered":"<p>Dalastuga 65 qm 4 + 2 Betten 2 Schlafzimmer mit 4 Stockbetten, ein Wohnraum mit Bettsofa, Lehnst\u00fchlen und offenem Kamin. In der K\u00fcche: Elektroherd mit Backrohr, K\u00fchl- und Gefrierschrank, Micro, Kaffeekocher, Wasserkocher. Esstisch im Wohnraum. Badezimmer mit Dusche und Toilette. Fernseher und Radio. \u201eStuga\u201c mit Altan unten im Dorf auf eigenem Grundst\u00fcck, Promenadabstand und Badeplatz [&hellip;]<\/p>\n","protected":false},"author":1,"featured_media":0,"parent":0,"menu_order":0,"comment_status":"open","ping_status":"closed","template":"","meta":{"_et_pb_use_builder":"on","_et_pb_old_content":"","_et_gb_content_width":"","footnotes":""},"class_list":["post-642","page","type-page","status-publish","hentry"],"_links":{"self":[{"href":"http:\/\/www.vikarbyn.com\/de\/wp-json\/wp\/v2\/pages\/642","targetHints":{"allow":["GET"]}}],"collection":[{"href":"http:\/\/www.vikarbyn.com\/de\/wp-json\/wp\/v2\/pages"}],"about":[{"href":"http:\/\/www.vikarbyn.com\/de\/wp-json\/wp\/v2\/types\/page"}],"author":[{"embeddable":true,"href":"http:\/\/www.vikarbyn.com\/de\/wp-json\/wp\/v2\/users\/1"}],"replies":[{"embeddable":true,"href":"http:\/\/www.vikarbyn.com\/de\/wp-json\/wp\/v2\/comments?post=642"}],"version-history":[{"count":6,"href":"http:\/\/www.vikarbyn.com\/de\/wp-json\/wp\/v2\/pages\/642\/revisions"}],"predecessor-version":[{"id":1502,"href":"http:\/\/www.vikarbyn.com\/de\/wp-json\/wp\/v2\/pages\/642\/revisions\/1502"}],"wp:attachment":[{"href":"http:\/\/www.vikarbyn.com\/de\/wp-json\/wp\/v2\/media?parent=642"}],"curies":[{"name":"wp","href":"https:\/\/api.w.org\/{rel}","templated":true}]}}