{"id":637,"date":"2021-04-10T11:42:46","date_gmt":"2021-04-10T09:42:46","guid":{"rendered":"http:\/\/www.vikarbyn.com\/?page_id=637"},"modified":"2021-05-10T15:44:05","modified_gmt":"2021-05-10T13:44:05","slug":"ubernachtungsstuga","status":"publish","type":"page","link":"http:\/\/www.vikarbyn.com\/de\/ubernachtungsstuga\/","title":{"rendered":"\u00dcbernachtungsstuga"},"content":{"rendered":"<p>[et_pb_section bb_built=&#8221;1&#8243; admin_label=&#8221;section&#8221;][et_pb_row admin_label=&#8221;row&#8221;][et_pb_column type=&#8221;1_2&#8243;][et_pb_text admin_label=&#8221;Text&#8221; background_layout=&#8221;light&#8221; text_orientation=&#8221;left&#8221; use_border_color=&#8221;off&#8221; border_color=&#8221;#ffffff&#8221; border_style=&#8221;solid&#8221;]<\/p>\n<h1>\u00dcbernachtungsstuga 28 qm, 6 Betten<\/h1>\n<p>Diese H\u00fctte liegt im \u201eGarten der Welt\u201c \/v\u00e4rldens g\u00e5rd, im Wald, ruhige Lage<\/p>\n<p>Einfaches, preiswertes Wohnen in l\u00e4ndlicher Umgebung mit kleinem Wald. Das Hygienegeb\u00e4ude mit Dusche und Toilette.<\/p>\n<p>Zwei Zimmer mit 4 + 2 Stockbetten, kleine K\u00fcche, Micro und Esstisch.<\/p>\n<p>Alle H\u00fctten haben Altan und Radio.<\/p>\n<p><strong>6 Betten \u00a0\u00a0\u00a0\u00a0\u00a0 SEK 650.00<\/strong><\/p>\n<h1>H\u00e4rbre (umgebauter Schuppen) 4 Betten<\/h1>\n<p>2 Betten im Erdgeschoss, 2 Betten auf dem Schlafboden\u00a0\u00a0 (Keine Kochm\u00f6glichkeiten)<br \/>\n<strong>4 Betten \u00a0\u00a0\u00a0\u00a0\u00a0 SEK 500.00<\/strong><\/p>\n<p>&nbsp;<\/p>\n<p>&nbsp;<\/p>\n<p>[\/et_pb_text][\/et_pb_column][et_pb_column type=&#8221;1_2&#8243;][et_pb_image admin_label=&#8221;Image&#8221; src=&#8221;http:\/\/www2.vikarbyn.com\/wp-content\/uploads\/overnattning_exterior.jpg&#8221; url_new_window=&#8221;off&#8221; animation=&#8221;left&#8221; \/][\/et_pb_column][\/et_pb_row][\/et_pb_section][et_pb_section bb_built=&#8221;1&#8243; admin_label=&#8221;section&#8221; fullwidth=&#8221;off&#8221; background_color=&#8221;#d8c9aa&#8221; inner_shadow=&#8221;on&#8221; parallax=&#8221;off&#8221;][et_pb_row admin_label=&#8221;row&#8221;][et_pb_column type=&#8221;4_4&#8243;][et_pb_text admin_label=&#8221;Fler bilder&#8221; background_layout=&#8221;light&#8221; text_orientation=&#8221;left&#8221; module_class=&#8221;moreimages&#8221; use_border_color=&#8221;off&#8221; border_color=&#8221;#ffffff&#8221; border_style=&#8221;solid&#8221;]<\/p>\n<h2>Bilder<\/h2>\n<p><a href=\"http:\/\/www.vikarbyn.com\/wp-content\/uploads\/overnattning_exterior.jpg\" data-rel=\"lightbox-gallery-1WTpLQnk\" data-rl_title=\"\" data-rl_caption=\"\" title=\"\"><img loading=\"lazy\" decoding=\"async\" class=\"alignnone size-medium wp-image-2466\" src=\"http:\/\/www.vikarbyn.com\/wp-content\/uploads\/overnattning_exterior-450x306.jpg\" alt=\"\" width=\"450\" height=\"306\" srcset=\"http:\/\/www.vikarbyn.com\/wp-content\/uploads\/overnattning_exterior-450x306.jpg 450w, http:\/\/www.vikarbyn.com\/wp-content\/uploads\/overnattning_exterior.jpg 1000w\" sizes=\"(max-width: 450px) 100vw, 450px\" \/><\/a><a href=\"http:\/\/www.vikarbyn.com\/wp-content\/uploads\/overnattning_sangar.jpg\" data-rel=\"lightbox-gallery-1WTpLQnk\" data-rl_title=\"\" data-rl_caption=\"\" title=\"\"><img loading=\"lazy\" decoding=\"async\" class=\"alignnone size-medium wp-image-2469\" src=\"http:\/\/www.vikarbyn.com\/wp-content\/uploads\/overnattning_sangar-450x299.jpg\" alt=\"\" width=\"450\" height=\"299\" srcset=\"http:\/\/www.vikarbyn.com\/wp-content\/uploads\/overnattning_sangar-450x299.jpg 450w, http:\/\/www.vikarbyn.com\/wp-content\/uploads\/overnattning_sangar.jpg 1000w\" sizes=\"(max-width: 450px) 100vw, 450px\" \/><\/a><a href=\"http:\/\/www.vikarbyn.com\/wp-content\/uploads\/overnattning_matbord.jpg\" data-rel=\"lightbox-gallery-1WTpLQnk\" data-rl_title=\"\" data-rl_caption=\"\" title=\"\"><img loading=\"lazy\" decoding=\"async\" class=\"alignnone size-medium wp-image-2467\" src=\"http:\/\/www.vikarbyn.com\/wp-content\/uploads\/overnattning_matbord-450x316.jpg\" alt=\"\" width=\"450\" height=\"316\" srcset=\"http:\/\/www.vikarbyn.com\/wp-content\/uploads\/overnattning_matbord-450x316.jpg 450w, http:\/\/www.vikarbyn.com\/wp-content\/uploads\/overnattning_matbord.jpg 1000w\" sizes=\"(max-width: 450px) 100vw, 450px\" \/><\/a><a href=\"http:\/\/www.vikarbyn.com\/wp-content\/uploads\/overnattning_rum.jpg\" data-rel=\"lightbox-gallery-1WTpLQnk\" data-rl_title=\"\" data-rl_caption=\"\" title=\"\"><img loading=\"lazy\" decoding=\"async\" class=\"alignnone size-medium wp-image-2468\" src=\"http:\/\/www.vikarbyn.com\/wp-content\/uploads\/overnattning_rum-450x299.jpg\" alt=\"\" width=\"450\" height=\"299\" srcset=\"http:\/\/www.vikarbyn.com\/wp-content\/uploads\/overnattning_rum-450x299.jpg 450w, http:\/\/www.vikarbyn.com\/wp-content\/uploads\/overnattning_rum.jpg 1000w\" sizes=\"(max-width: 450px) 100vw, 450px\" \/><\/a><\/p>\n<p>&nbsp;<\/p>\n<p>[\/et_pb_text][\/et_pb_column][\/et_pb_row][\/et_pb_section]<\/p>\n","protected":false},"excerpt":{"rendered":"<p>\u00dcbernachtungsstuga 28 qm, 6 Betten Diese H\u00fctte liegt im \u201eGarten der Welt\u201c \/v\u00e4rldens g\u00e5rd, im Wald, ruhige Lage Einfaches, preiswertes Wohnen in l\u00e4ndlicher Umgebung mit kleinem Wald. Das Hygienegeb\u00e4ude mit Dusche und Toilette. Zwei Zimmer mit 4 + 2 Stockbetten, kleine K\u00fcche, Micro und Esstisch. Alle H\u00fctten haben Altan und Radio. 6 Betten \u00a0\u00a0\u00a0\u00a0\u00a0 SEK [&hellip;]<\/p>\n","protected":false},"author":1,"featured_media":0,"parent":0,"menu_order":0,"comment_status":"open","ping_status":"open","template":"","meta":{"_et_pb_use_builder":"on","_et_pb_old_content":"","_et_gb_content_width":"","footnotes":""},"class_list":["post-637","page","type-page","status-publish","hentry"],"_links":{"self":[{"href":"http:\/\/www.vikarbyn.com\/de\/wp-json\/wp\/v2\/pages\/637","targetHints":{"allow":["GET"]}}],"collection":[{"href":"http:\/\/www.vikarbyn.com\/de\/wp-json\/wp\/v2\/pages"}],"about":[{"href":"http:\/\/www.vikarbyn.com\/de\/wp-json\/wp\/v2\/types\/page"}],"author":[{"embeddable":true,"href":"http:\/\/www.vikarbyn.com\/de\/wp-json\/wp\/v2\/users\/1"}],"replies":[{"embeddable":true,"href":"http:\/\/www.vikarbyn.com\/de\/wp-json\/wp\/v2\/comments?post=637"}],"version-history":[{"count":6,"href":"http:\/\/www.vikarbyn.com\/de\/wp-json\/wp\/v2\/pages\/637\/revisions"}],"predecessor-version":[{"id":2499,"href":"http:\/\/www.vikarbyn.com\/de\/wp-json\/wp\/v2\/pages\/637\/revisions\/2499"}],"wp:attachment":[{"href":"http:\/\/www.vikarbyn.com\/de\/wp-json\/wp\/v2\/media?parent=637"}],"curies":[{"name":"wp","href":"https:\/\/api.w.org\/{rel}","templated":true}]}}