{"id":635,"date":"2021-04-10T11:40:04","date_gmt":"2021-04-10T09:40:04","guid":{"rendered":"http:\/\/www.vikarbyn.com\/?page_id=635"},"modified":"2021-05-10T17:18:51","modified_gmt":"2021-05-10T15:18:51","slug":"wohnen-in-einer-stuga","status":"publish","type":"page","link":"http:\/\/www.vikarbyn.com\/de\/wohnen-in-einer-stuga\/","title":{"rendered":"Wohnen in einer Stuga"},"content":{"rendered":"<p>[et_pb_section bb_built=&#8221;1&#8243; admin_label=&#8221;section&#8221;][et_pb_row admin_label=&#8221;row&#8221;][et_pb_column type=&#8221;1_2&#8243;][et_pb_text admin_label=&#8221;Text&#8221; background_layout=&#8221;light&#8221; text_orientation=&#8221;left&#8221; use_border_color=&#8221;off&#8221; border_color=&#8221;#ffffff&#8221; border_style=&#8221;solid&#8221;]<\/p>\n<h1>Wohnen in einer Stuga \u2013 allgemeine Informationen<\/h1>\n<p>Im nahen Umkreis im Ort liegen gr\u00f6\u00dfere Unterk\u00fcnfte (H\u00fctten) mit Selbsthaushalt<\/p>\n<p><strong>24-Stundenpreis<\/strong><\/p>\n<p><strong>\u00dcbernachtungsstuga 6 Betten \u2013\u00a0\u00a0 SEK\u00a0 \u00a0650<br \/>\nHolzbodenstuga 2 + 1 Bett &#8211;\u00a0 SEK\u00a0 \u00a0950<br \/>\nH\u00e4rbre (Herberge) 4 Betten\u00a0\u00a0 SEK\u00a0 \u00a0500<br \/>\nT\u00e4ppg\u00e5rden\/Wohnung\/ 5 Betten\u00a0\u00a0 SEK 1.150<br \/>\nT\u00e4ppg\u00e5rden Villa \/5 Betten\u00a0\u00a0 SEK 1.500<br \/>\nHolzhaus\u00a0\u00a0 3 + 2 Betten\u00a0\u00a0\u00a0 SEK 1.250<br \/>\nDalah\u00e4uschen 4 + 2 Betten\u00a0\u00a0 SEK 1.250<br \/>\nDalag\u00e5rd\u00a0(10 Betten)\u00a0\u00a0\u00a0 SEK 2,000<\/strong><\/p>\n<p>Fr\u00fchst\u00fcckb\u00fcffet SEK\u00a0 95.00<br \/>\nBettw\u00e4sche + Handt\u00fccherSEK\u00a0 95.00\/Person<br \/>\nEndreinigung\u00a0\u00a0 SEK 750.00<\/p>\n<p>Herabgesetzte Preise f\u00fcr manche Unterk\u00fcnfte kann in gewissen F\u00e4llen vorkommen.<\/p>\n<p>Telefonauskunft und Buchung<\/p>\n<h1><span style=\"font-family: 'Old English';\">Buche online\u00a0<\/span><\/h1>\n<script async type=\"text\/javascript\" src=\"https:\/\/secured.sirvoy.com\/widget\/sirvoy.js\" data-form-id=\"53035d7653de3\"><\/script>\n<p>&nbsp;<\/p>\n<p>&nbsp;<\/p>\n<p>[\/et_pb_text][\/et_pb_column][et_pb_column type=&#8221;1_2&#8243;][et_pb_image admin_label=&#8221;Image&#8221; src=&#8221;http:\/\/www2.vikarbyn.com\/wp-content\/uploads\/harbre_exterior3.jpg&#8221; url_new_window=&#8221;off&#8221; animation=&#8221;left&#8221; \/][\/et_pb_column][\/et_pb_row][\/et_pb_section]<\/p>\n","protected":false},"excerpt":{"rendered":"<p>Wohnen in einer Stuga \u2013 allgemeine Informationen Im nahen Umkreis im Ort liegen gr\u00f6\u00dfere Unterk\u00fcnfte (H\u00fctten) mit Selbsthaushalt 24-Stundenpreis \u00dcbernachtungsstuga 6 Betten \u2013\u00a0\u00a0 SEK\u00a0 \u00a0650 Holzbodenstuga 2 + 1 Bett &#8211;\u00a0 SEK\u00a0 \u00a0950 H\u00e4rbre (Herberge) 4 Betten\u00a0\u00a0 SEK\u00a0 \u00a0500 T\u00e4ppg\u00e5rden\/Wohnung\/ 5 Betten\u00a0\u00a0 SEK 1.150 T\u00e4ppg\u00e5rden Villa \/5 Betten\u00a0\u00a0 SEK 1.500 Holzhaus\u00a0\u00a0 3 + 2 Betten\u00a0\u00a0\u00a0 [&hellip;]<\/p>\n","protected":false},"author":1,"featured_media":0,"parent":0,"menu_order":0,"comment_status":"open","ping_status":"closed","template":"","meta":{"_et_pb_use_builder":"on","_et_pb_old_content":"","_et_gb_content_width":"","footnotes":""},"class_list":["post-635","page","type-page","status-publish","hentry"],"_links":{"self":[{"href":"http:\/\/www.vikarbyn.com\/de\/wp-json\/wp\/v2\/pages\/635","targetHints":{"allow":["GET"]}}],"collection":[{"href":"http:\/\/www.vikarbyn.com\/de\/wp-json\/wp\/v2\/pages"}],"about":[{"href":"http:\/\/www.vikarbyn.com\/de\/wp-json\/wp\/v2\/types\/page"}],"author":[{"embeddable":true,"href":"http:\/\/www.vikarbyn.com\/de\/wp-json\/wp\/v2\/users\/1"}],"replies":[{"embeddable":true,"href":"http:\/\/www.vikarbyn.com\/de\/wp-json\/wp\/v2\/comments?post=635"}],"version-history":[{"count":5,"href":"http:\/\/www.vikarbyn.com\/de\/wp-json\/wp\/v2\/pages\/635\/revisions"}],"predecessor-version":[{"id":2583,"href":"http:\/\/www.vikarbyn.com\/de\/wp-json\/wp\/v2\/pages\/635\/revisions\/2583"}],"wp:attachment":[{"href":"http:\/\/www.vikarbyn.com\/de\/wp-json\/wp\/v2\/media?parent=635"}],"curies":[{"name":"wp","href":"https:\/\/api.w.org\/{rel}","templated":true}]}}