{"id":438,"date":"2022-11-20T13:56:13","date_gmt":"2022-11-20T12:56:13","guid":{"rendered":"http:\/\/www2.vikarbyn.com\/?page_id=438"},"modified":"2022-12-04T21:54:28","modified_gmt":"2022-12-04T20:54:28","slug":"villa","status":"publish","type":"page","link":"http:\/\/www.vikarbyn.com\/de\/villa\/","title":{"rendered":"Villa"},"content":{"rendered":"<p>[et_pb_section bb_built=&#8221;1&#8243; admin_label=&#8221;section&#8221;][et_pb_row admin_label=&#8221;row&#8221;][et_pb_column type=&#8221;1_2&#8243;][et_pb_text admin_label=&#8221;Text&#8221; background_layout=&#8221;light&#8221; text_orientation=&#8221;left&#8221; use_border_color=&#8221;off&#8221; border_color=&#8221;#ffffff&#8221; border_style=&#8221;solid&#8221;]<\/p>\n<h1>T\u00e4ppg\u00e5rden Villa 80 kvm 5 b\u00e4ddar<\/h1>\n<p>Tv\u00e5 dubbelrum och ett enkelrum, TV rum, fullt utrustat k\u00f6k, hall och toalett med dusch. Stor inglasat uterum och \u00e4ven \u00f6ppen terrass med utsikt \u00f6ver sj\u00f6n Siljan. Boulebana , g\u00e5rd i bymilj\u00f6 och lada och h\u00e4rbre p\u00e5 g\u00e5rden. Huset \u00e4r 80 kvm och k\u00e4llare (tv\u00e4ttmaskin) med garage.<\/p>\n<p><strong>Hyra<\/strong><strong><br \/>\n<\/strong>9,750 kr\/vecka<br \/>\n1,850 kr\/natt<br \/>\nS\u00e4songspris vecka 9 och 31: 13,500 kr<\/p>\n<p>[\/et_pb_text][\/et_pb_column][et_pb_column type=&#8221;1_2&#8243;][et_pb_image admin_label=&#8221;Image&#8221; src=&#8221;http:\/\/www2.vikarbyn.com\/wp-content\/uploads\/tappgarden_villan.jpg&#8221; url_new_window=&#8221;off&#8221; animation=&#8221;left&#8221; \/][\/et_pb_column][\/et_pb_row][\/et_pb_section][et_pb_section bb_built=&#8221;1&#8243; admin_label=&#8221;section&#8221; fullwidth=&#8221;off&#8221; background_color=&#8221;#d8c9aa&#8221; inner_shadow=&#8221;on&#8221; parallax=&#8221;off&#8221;][et_pb_row admin_label=&#8221;row&#8221;][et_pb_column type=&#8221;4_4&#8243;][et_pb_text admin_label=&#8221;Fler bilder&#8221; background_layout=&#8221;light&#8221; text_orientation=&#8221;left&#8221; module_class=&#8221;moreimages&#8221; use_border_color=&#8221;off&#8221; border_color=&#8221;#ffffff&#8221; border_style=&#8221;solid&#8221;]<\/p>\n<h2>Bilder Villan p\u00e5 T\u00e4ppg\u00e5rden<\/h2>\n<h2><\/h2>\n<h2><a href=\"http:\/\/www.vikarbyn.com\/wp-content\/uploads\/20210404_125742.jpg\" data-rel=\"lightbox-gallery-uivugtY4\" data-rl_title=\"\" data-rl_caption=\"\" title=\"\"><img loading=\"lazy\" decoding=\"async\" class=\"alignnone wp-image-2264 size-medium\" src=\"http:\/\/www.vikarbyn.com\/wp-content\/uploads\/20210404_125742-450x338.jpg\" alt=\"\" width=\"450\" height=\"338\" srcset=\"http:\/\/www.vikarbyn.com\/wp-content\/uploads\/20210404_125742-450x338.jpg 450w, http:\/\/www.vikarbyn.com\/wp-content\/uploads\/20210404_125742-768x576.jpg 768w, http:\/\/www.vikarbyn.com\/wp-content\/uploads\/20210404_125742-1024x768.jpg 1024w, http:\/\/www.vikarbyn.com\/wp-content\/uploads\/20210404_125742-510x382.jpg 510w, http:\/\/www.vikarbyn.com\/wp-content\/uploads\/20210404_125742-1080x810.jpg 1080w\" sizes=\"(max-width: 450px) 100vw, 450px\" \/><\/a><a href=\"http:\/\/www.vikarbyn.com\/wp-content\/uploads\/20210404_125709.jpg\" data-rel=\"lightbox-gallery-uivugtY4\" data-rl_title=\"\" data-rl_caption=\"\" title=\"\"><img loading=\"lazy\" decoding=\"async\" class=\"alignnone wp-image-2258 size-medium\" src=\"http:\/\/www.vikarbyn.com\/wp-content\/uploads\/20210404_125709-450x338.jpg\" alt=\"\" width=\"450\" height=\"338\" srcset=\"http:\/\/www.vikarbyn.com\/wp-content\/uploads\/20210404_125709-450x338.jpg 450w, http:\/\/www.vikarbyn.com\/wp-content\/uploads\/20210404_125709-768x576.jpg 768w, http:\/\/www.vikarbyn.com\/wp-content\/uploads\/20210404_125709-1024x768.jpg 1024w, http:\/\/www.vikarbyn.com\/wp-content\/uploads\/20210404_125709-510x382.jpg 510w, http:\/\/www.vikarbyn.com\/wp-content\/uploads\/20210404_125709-1080x810.jpg 1080w\" sizes=\"(max-width: 450px) 100vw, 450px\" \/><\/a><\/h2>\n<p><a href=\"http:\/\/www2.vikarbyn.com\/wp-content\/uploads\/villan_dubbel2.jpg\" data-rel=\"lightbox-gallery-uivugtY4\" data-rl_title=\"\" data-rl_caption=\"\" title=\"\"><img loading=\"lazy\" decoding=\"async\" class=\"alignnone wp-image-552 size-medium\" src=\"http:\/\/www.vikarbyn.com\/wp-content\/uploads\/villan_dubbel2-450x299.jpg\" alt=\"villan_dubbel2\" width=\"450\" height=\"299\" srcset=\"http:\/\/www.vikarbyn.com\/wp-content\/uploads\/villan_dubbel2-450x299.jpg 450w, http:\/\/www.vikarbyn.com\/wp-content\/uploads\/villan_dubbel2.jpg 1000w\" sizes=\"(max-width: 450px) 100vw, 450px\" \/><\/a> <a href=\"http:\/\/www2.vikarbyn.com\/wp-content\/uploads\/villan_kok.jpg\" data-rel=\"lightbox-gallery-uivugtY4\" data-rl_title=\"\" data-rl_caption=\"\" title=\"\"><img loading=\"lazy\" decoding=\"async\" class=\"alignnone wp-image-554 size-medium\" src=\"http:\/\/www.vikarbyn.com\/wp-content\/uploads\/villan_kok-450x316.jpg\" alt=\"villan_kok\" width=\"450\" height=\"316\" srcset=\"http:\/\/www.vikarbyn.com\/wp-content\/uploads\/villan_kok-450x316.jpg 450w, http:\/\/www.vikarbyn.com\/wp-content\/uploads\/villan_kok.jpg 1000w\" sizes=\"(max-width: 450px) 100vw, 450px\" \/><\/a><a href=\"http:\/\/www.vikarbyn.com\/wp-content\/uploads\/20210404_125650.jpg\" data-rel=\"lightbox-gallery-uivugtY4\" data-rl_title=\"\" data-rl_caption=\"\" title=\"\"><img loading=\"lazy\" decoding=\"async\" class=\"alignnone wp-image-2255 size-medium\" src=\"http:\/\/www.vikarbyn.com\/wp-content\/uploads\/20210404_125650-450x338.jpg\" alt=\"\" width=\"450\" height=\"338\" srcset=\"http:\/\/www.vikarbyn.com\/wp-content\/uploads\/20210404_125650-450x338.jpg 450w, http:\/\/www.vikarbyn.com\/wp-content\/uploads\/20210404_125650-768x576.jpg 768w, http:\/\/www.vikarbyn.com\/wp-content\/uploads\/20210404_125650-1024x768.jpg 1024w, http:\/\/www.vikarbyn.com\/wp-content\/uploads\/20210404_125650-510x382.jpg 510w, http:\/\/www.vikarbyn.com\/wp-content\/uploads\/20210404_125650-1080x810.jpg 1080w\" sizes=\"(max-width: 450px) 100vw, 450px\" \/><\/a> <a href=\"http:\/\/www.vikarbyn.com\/wp-content\/uploads\/IMG_3511.jpg\" rel=\"attachment wp-att-1079\" data-rel=\"lightbox-gallery-uivugtY4\" data-rl_title=\"\" data-rl_caption=\"\" title=\"\"><img loading=\"lazy\" decoding=\"async\" class=\"alignnone wp-image-1079 size-medium\" src=\"http:\/\/www.vikarbyn.com\/wp-content\/uploads\/IMG_3511-450x300.jpg\" alt=\"IMG_3511\" width=\"450\" height=\"300\" srcset=\"http:\/\/www.vikarbyn.com\/wp-content\/uploads\/IMG_3511-450x300.jpg 450w, http:\/\/www.vikarbyn.com\/wp-content\/uploads\/IMG_3511-768x512.jpg 768w, http:\/\/www.vikarbyn.com\/wp-content\/uploads\/IMG_3511-1024x683.jpg 1024w, http:\/\/www.vikarbyn.com\/wp-content\/uploads\/IMG_3511-1080x720.jpg 1080w\" sizes=\"(max-width: 450px) 100vw, 450px\" \/><\/a><\/p>\n<p>[\/et_pb_text][\/et_pb_column][\/et_pb_row][\/et_pb_section]<\/p>\n","protected":false},"excerpt":{"rendered":"<p>T\u00e4ppg\u00e5rden Villa 80 kvm 5 b\u00e4ddar Tv\u00e5 dubbelrum och ett enkelrum, TV rum, fullt utrustat k\u00f6k, hall och toalett med dusch. Stor inglasat uterum och \u00e4ven \u00f6ppen terrass med utsikt \u00f6ver sj\u00f6n Siljan. Boulebana , g\u00e5rd i bymilj\u00f6 och lada och h\u00e4rbre p\u00e5 g\u00e5rden. Huset \u00e4r 80 kvm och k\u00e4llare (tv\u00e4ttmaskin) med garage. Hyra 9,750 [&hellip;]<\/p>\n","protected":false},"author":1,"featured_media":0,"parent":0,"menu_order":0,"comment_status":"open","ping_status":"closed","template":"","meta":{"_et_pb_use_builder":"on","_et_pb_old_content":"","_et_gb_content_width":"","footnotes":""},"class_list":["post-438","page","type-page","status-publish","hentry"],"_links":{"self":[{"href":"http:\/\/www.vikarbyn.com\/de\/wp-json\/wp\/v2\/pages\/438","targetHints":{"allow":["GET"]}}],"collection":[{"href":"http:\/\/www.vikarbyn.com\/de\/wp-json\/wp\/v2\/pages"}],"about":[{"href":"http:\/\/www.vikarbyn.com\/de\/wp-json\/wp\/v2\/types\/page"}],"author":[{"embeddable":true,"href":"http:\/\/www.vikarbyn.com\/de\/wp-json\/wp\/v2\/users\/1"}],"replies":[{"embeddable":true,"href":"http:\/\/www.vikarbyn.com\/de\/wp-json\/wp\/v2\/comments?post=438"}],"version-history":[{"count":21,"href":"http:\/\/www.vikarbyn.com\/de\/wp-json\/wp\/v2\/pages\/438\/revisions"}],"predecessor-version":[{"id":3014,"href":"http:\/\/www.vikarbyn.com\/de\/wp-json\/wp\/v2\/pages\/438\/revisions\/3014"}],"wp:attachment":[{"href":"http:\/\/www.vikarbyn.com\/de\/wp-json\/wp\/v2\/media?parent=438"}],"curies":[{"name":"wp","href":"https:\/\/api.w.org\/{rel}","templated":true}]}}