{"id":429,"date":"2020-12-20T12:38:17","date_gmt":"2020-12-20T11:38:17","guid":{"rendered":"http:\/\/www2.vikarbyn.com\/?page_id=429"},"modified":"2020-12-14T19:34:15","modified_gmt":"2020-12-14T18:34:15","slug":"geschichte","status":"publish","type":"page","link":"http:\/\/www.vikarbyn.com\/de\/geschichte\/","title":{"rendered":"Geschichte"},"content":{"rendered":"<p>[et_pb_section][et_pb_row][et_pb_column type=&#8221;4_4&#8243;][et_pb_text admin_label=&#8221;Historia&#8221; background_layout=&#8221;light&#8221; text_orientation=&#8221;left&#8221;]<\/p>\n<h1>Die Geschichte<img loading=\"lazy\" decoding=\"async\" class=\"size-full wp-image-189 alignright\" src=\"http:\/\/www2.vikarbyn.com\/wp-content\/uploads\/historia.jpg\" alt=\"historia\" width=\"429\" height=\"378\" \/><\/h1>\n<p>Im Jahre 1891 wurde die Eisenbahnlinie durch Vickarbyn und Stumsn\u00e4s nach Mora verlegt. Von diesem Zeitpunkt an kamen immer mehr Touristen in die Gegend. Viele Kinder verbrachten hier ihren Sommer und Vikarbyn wurde ihr ganz besonderes Sommerdorf., in das sie auch heute noch gerne und oft zur\u00fcckkehren.<br \/>\nVikarbyn war w\u00e4hrend der 20iger und 30iger Jahre ein bedeutender Ferienort, auch wenn man nicht mit den grossen &#8220;Sjubergs&#8221; Hotels konkurrieren konnte, an die sich die meisten Touristen wandten. Man konzentrierte sich mehr auf den Mittelstand, der nicht so hohe Anforderungen auf hohen Standart stellte. Viele Bauernh\u00f6fe und private Wohnh\u00e4user \u00f6ffneten w\u00e4hrend des Sommers ihre T\u00fcren und nahmen privat Ferieng\u00e4ste auf.<\/p>\n<p>&nbsp;<\/p>\n<p>[\/et_pb_text][\/et_pb_column][\/et_pb_row][et_pb_row][et_pb_column type=&#8221;4_4&#8243;][et_pb_text admin_label=&#8221;Text&#8221; background_layout=&#8221;light&#8221; text_orientation=&#8221;left&#8221;]<\/p>\n<h2>Aussicht auf den Siljan<\/h2>\n<p>Heutzutage hat sich die Art des Tourismus ver\u00e4ndert und auch die Lokalbev\u00f6lkerung hat sich daran angepasst. Als \u00fcbernachtungsm\u00f6glichkeiten werden haupts\u00e4chlich Ferienh\u00e4user angeboten.<\/p>\n<p>&nbsp;<\/p>\n<p>[\/et_pb_text][\/et_pb_column][\/et_pb_row][\/et_pb_section]<\/p>\n","protected":false},"excerpt":{"rendered":"<p><div class=\"et_pb_section et_pb_section_0 et_section_regular\" >\n\t\t\t\t\n\t\t\t\t\n\t\t\t\t\n\t\t\t\t\n\t\t\t\t\n\t\t\t\t\n\t\t\t\t\n\t\t\t\t\n\t\t\t\t\n\t\t\t<\/div><div class=\"et_pb_row et_pb_row_0 et_pb_row_empty\">\n\t\t\t\t\n\t\t\t\t\n\t\t\t\t\n\t\t\t\t\n\t\t\t\t\n\t\t\t<\/div> Die Geschichte Im Jahre 1891 wurde die Eisenbahnlinie durch Vickarbyn und Stumsn\u00e4s nach Mora verlegt. Von diesem Zeitpunkt an kamen immer mehr Touristen in die Gegend. Viele Kinder verbrachten hier ihren Sommer und Vikarbyn wurde ihr ganz besonderes Sommerdorf., in das sie auch heute noch gerne und oft zur\u00fcckkehren. Vikarbyn war w\u00e4hrend der 20iger [&hellip;]<\/p>\n","protected":false},"author":1,"featured_media":0,"parent":0,"menu_order":0,"comment_status":"open","ping_status":"open","template":"","meta":{"_et_pb_use_builder":"on","_et_pb_old_content":"","_et_gb_content_width":"","footnotes":""},"class_list":["post-429","page","type-page","status-publish","hentry"],"_links":{"self":[{"href":"http:\/\/www.vikarbyn.com\/de\/wp-json\/wp\/v2\/pages\/429","targetHints":{"allow":["GET"]}}],"collection":[{"href":"http:\/\/www.vikarbyn.com\/de\/wp-json\/wp\/v2\/pages"}],"about":[{"href":"http:\/\/www.vikarbyn.com\/de\/wp-json\/wp\/v2\/types\/page"}],"author":[{"embeddable":true,"href":"http:\/\/www.vikarbyn.com\/de\/wp-json\/wp\/v2\/users\/1"}],"replies":[{"embeddable":true,"href":"http:\/\/www.vikarbyn.com\/de\/wp-json\/wp\/v2\/comments?post=429"}],"version-history":[{"count":3,"href":"http:\/\/www.vikarbyn.com\/de\/wp-json\/wp\/v2\/pages\/429\/revisions"}],"predecessor-version":[{"id":2132,"href":"http:\/\/www.vikarbyn.com\/de\/wp-json\/wp\/v2\/pages\/429\/revisions\/2132"}],"wp:attachment":[{"href":"http:\/\/www.vikarbyn.com\/de\/wp-json\/wp\/v2\/media?parent=429"}],"curies":[{"name":"wp","href":"https:\/\/api.w.org\/{rel}","templated":true}]}}