{"id":427,"date":"2021-04-17T18:44:59","date_gmt":"2021-04-17T16:44:59","guid":{"rendered":"http:\/\/www2.vikarbyn.com\/?page_id=427"},"modified":"2021-05-10T17:15:31","modified_gmt":"2021-05-10T15:15:31","slug":"om-backlunds","status":"publish","type":"page","link":"http:\/\/www.vikarbyn.com\/de\/om-backlunds\/","title":{"rendered":"Wohnen bei Backlund"},"content":{"rendered":"<p>[et_pb_section bb_built=&#8221;1&#8243; admin_label=&#8221;section&#8221;][et_pb_row admin_label=&#8221;row&#8221;][et_pb_column type=&#8221;1_2&#8243;][et_pb_text admin_label=&#8221;Text&#8221; background_layout=&#8221;light&#8221; text_orientation=&#8221;left&#8221; use_border_color=&#8221;off&#8221; border_color=&#8221;#ffffff&#8221; border_style=&#8221;solid&#8221;]<\/p>\n<h1>Wohnen bei Backlund<\/h1>\n<p>Wir sind ein Familienunternehmen die mit Vermietung von unserer Dalazimmer bei uns zu Hause 2001 begann. Wir bauten sp\u00e4ter auf unserem Wald Bauernhof drei H\u00fctten mit jeweils sechs Betten auf 28 m2, die auf der Oberseite Riksv\u00e4g 70 sind und wo wir selber wohnen.<\/p>\n<p>Der Privatwohnung der Familie besteht aus mehreren alten Holzh\u00e4user, die sind von die Wiesen in Kalt\u00f6v\u00e5sens F\u00e4bod geholt worden, Kalt\u00f6v\u00e5sen F\u00e4bod ist ein beliebtes Touristenziel im Sommer. Die Wiesen sind immer noch in besitzt der Familie und ist seit 350 Jahren in Betrieb.<\/p>\n<p>Wir haben unseres B&amp;B voll renoviert und zu Zeit vermieten wir dreizehn Zimmer mit insgesamt 34 Betten in Einzel-, Doppel- und Familienzimmer. Wir haben auch ein B&amp;B Haus in die N\u00e4he, die mit 8-12 Betten gemietet werden kann.<\/p>\n<p>In die n\u00e4he in das Dorf sind auch gr\u00f6\u00dfere Ferienwohnungen zur Selbstverpflegung zu mieten, Dalastugan, &#8211; 4 + 2 Betten, Timmerstugan &#8211; 5 Betten, T\u00e4ppg\u00e5rden &#8211; 3 H\u00e4usern mit insgesamt 17 Betten, Dalag\u00e5rd &#8211; 3 Schlafzimmern mit 10 Betten (kann an Gruppen die 12 Betten Brauschen vermietet werden).<\/p>\n<p>Wir haben \u00fcber viele Jahre hinweg die H\u00fctten aufgebaut und das Gesch\u00e4ft erweitert und k\u00f6nnen jetzt rund 100 betten zu Vermieten anbieten. Wir werden das Unternehmen weiter entwickeln, mit einer Konferenz und Sauna Abteilung die weiteren M\u00f6glichkeiten f\u00fcr ganzj\u00e4hrige Aktivit\u00e4ten anbietet.<\/p>\n<p><em><strong>Besuchen Sie uns<\/strong><\/em><br \/>\n<em><strong>\/ H\u00fcttenwirten Lasse und Marie<\/strong><\/em><\/p>\n<p>Lasse und Marie Henriks-Backlund in Vikarbyn. Wir haben vier Kinder ,Anders, Carin, Erik und Britta.<\/p>\n<p>&#8220;Ivars&#8221; Lasse ist geboren und wurde und in der oberen G\u00e4rdsj\u00f6 gro\u00df geworden (Stenbacken), ca 10 km. n\u00f6rdlich von R\u00e4ttvik.<br \/>\n&#8220;Karnes&#8221; Marie wuchs auf Karnesg\u00e5rden in Vikarbyn auf, der sich unten im &#8220;alten Dorf&#8221; befindet.<\/p>\n<h1><\/h1>\n<p>&nbsp;<\/p>\n<p>&nbsp;<\/p>\n<p>&nbsp;<\/p>\n<p>&nbsp;<\/p>\n<p>&nbsp;<\/p>\n<p>[\/et_pb_text][\/et_pb_column][et_pb_column type=&#8221;1_2&#8243;][et_pb_image admin_label=&#8221;Image&#8221; src=&#8221;http:\/\/www2.vikarbyn.com\/wp-content\/uploads\/midsommarpar.jpg&#8221; url_new_window=&#8221;off&#8221; animation=&#8221;left&#8221; \/][et_pb_text admin_label=&#8221;Text&#8221; background_layout=&#8221;light&#8221; text_orientation=&#8221;left&#8221; use_border_color=&#8221;off&#8221; border_color=&#8221;#ffffff&#8221; border_style=&#8221;solid&#8221;]<\/p>\n<h1>Buche online<\/h1>\n<script async type=\"text\/javascript\" src=\"https:\/\/secured.sirvoy.com\/widget\/sirvoy.js\" data-form-id=\"53035d7653de3\"><\/script>\n<p>&nbsp;<\/p>\n<p>[\/et_pb_text][\/et_pb_column][\/et_pb_row][\/et_pb_section][et_pb_section bb_built=&#8221;1&#8243; admin_label=&#8221;section&#8221; fullwidth=&#8221;off&#8221; background_color=&#8221;#d8c9aa&#8221; inner_shadow=&#8221;on&#8221; parallax=&#8221;off&#8221;][et_pb_row admin_label=&#8221;row&#8221;][et_pb_column type=&#8221;4_4&#8243;][et_pb_text admin_label=&#8221;Fler bilder&#8221; background_layout=&#8221;light&#8221; text_orientation=&#8221;left&#8221; module_class=&#8221;moreimages&#8221;]<\/p>\n<h2>Familjen<\/h2>\n<p><a href=\"http:\/\/www2.vikarbyn.com\/wp-content\/uploads\/anders_erik.jpg\" data-rel=\"lightbox-gallery-tx7EFer0\" data-rl_title=\"\" data-rl_caption=\"\" title=\"\"><img loading=\"lazy\" decoding=\"async\" class=\"alignnone size-thumbnail wp-image-526\" src=\"http:\/\/www2.vikarbyn.com\/wp-content\/uploads\/anders_erik-300x225.jpg\" alt=\"anders_erik\" width=\"300\" height=\"225\" \/><\/a> <a href=\"http:\/\/www2.vikarbyn.com\/wp-content\/uploads\/carin_britta.jpg\" data-rel=\"lightbox-gallery-tx7EFer0\" data-rl_title=\"\" data-rl_caption=\"\" title=\"\"><img loading=\"lazy\" decoding=\"async\" class=\"alignnone size-thumbnail wp-image-527\" src=\"http:\/\/www2.vikarbyn.com\/wp-content\/uploads\/carin_britta-300x225.jpg\" alt=\"carin_britta\" width=\"300\" height=\"225\" \/><\/a> <a href=\"http:\/\/www2.vikarbyn.com\/wp-content\/uploads\/marie.jpg\" data-rel=\"lightbox-gallery-tx7EFer0\" data-rl_title=\"\" data-rl_caption=\"\" title=\"\"><img loading=\"lazy\" decoding=\"async\" class=\"alignnone size-thumbnail wp-image-528\" src=\"http:\/\/www2.vikarbyn.com\/wp-content\/uploads\/marie-300x225.jpg\" alt=\"marie\" width=\"300\" height=\"225\" \/><\/a> <a href=\"http:\/\/www2.vikarbyn.com\/wp-content\/uploads\/marie_lasse.jpg\" data-rel=\"lightbox-gallery-tx7EFer0\" data-rl_title=\"\" data-rl_caption=\"\" title=\"\"><img loading=\"lazy\" decoding=\"async\" class=\"alignnone size-thumbnail wp-image-529\" src=\"http:\/\/www2.vikarbyn.com\/wp-content\/uploads\/marie_lasse-300x225.jpg\" alt=\"marie_lasse\" width=\"300\" height=\"225\" srcset=\"http:\/\/www.vikarbyn.com\/wp-content\/uploads\/marie_lasse-300x225.jpg 300w, http:\/\/www.vikarbyn.com\/wp-content\/uploads\/marie_lasse-900x675.jpg 900w\" sizes=\"(max-width: 300px) 100vw, 300px\" \/><\/a><a href=\"http:\/\/www2.vikarbyn.com\/wp-content\/uploads\/hela_familjen.jpg\" data-rel=\"lightbox-gallery-tx7EFer0\" data-rl_title=\"\" data-rl_caption=\"\" title=\"\"><img loading=\"lazy\" decoding=\"async\" class=\"alignnone size-thumbnail wp-image-575\" src=\"http:\/\/www2.vikarbyn.com\/wp-content\/uploads\/hela_familjen-300x225.jpg\" alt=\"hela_familjen\" width=\"300\" height=\"225\" \/><\/a> <a href=\"http:\/\/www2.vikarbyn.com\/wp-content\/uploads\/syskon.jpg\" data-rel=\"lightbox-gallery-tx7EFer0\" data-rl_title=\"\" data-rl_caption=\"\" title=\"\"><img loading=\"lazy\" decoding=\"async\" class=\"alignnone size-thumbnail wp-image-576\" src=\"http:\/\/www2.vikarbyn.com\/wp-content\/uploads\/syskon-300x225.jpg\" alt=\"syskon\" width=\"300\" height=\"225\" srcset=\"http:\/\/www.vikarbyn.com\/wp-content\/uploads\/syskon-300x225.jpg 300w, http:\/\/www.vikarbyn.com\/wp-content\/uploads\/syskon-450x337.jpg 450w, http:\/\/www.vikarbyn.com\/wp-content\/uploads\/syskon.jpg 1000w\" sizes=\"(max-width: 300px) 100vw, 300px\" \/><\/a><\/p>\n<p>&nbsp;<\/p>\n<p>&nbsp;<\/p>\n<p>[\/et_pb_text][\/et_pb_column][\/et_pb_row][\/et_pb_section]<\/p>\n","protected":false},"excerpt":{"rendered":"<p>Wohnen bei Backlund Wir sind ein Familienunternehmen die mit Vermietung von unserer Dalazimmer bei uns zu Hause 2001 begann. Wir bauten sp\u00e4ter auf unserem Wald Bauernhof drei H\u00fctten mit jeweils sechs Betten auf 28 m2, die auf der Oberseite Riksv\u00e4g 70 sind und wo wir selber wohnen. Der Privatwohnung der Familie besteht aus mehreren alten [&hellip;]<\/p>\n","protected":false},"author":1,"featured_media":0,"parent":0,"menu_order":0,"comment_status":"open","ping_status":"open","template":"","meta":{"_et_pb_use_builder":"on","_et_pb_old_content":"","_et_gb_content_width":"","footnotes":""},"class_list":["post-427","page","type-page","status-publish","hentry"],"_links":{"self":[{"href":"http:\/\/www.vikarbyn.com\/de\/wp-json\/wp\/v2\/pages\/427","targetHints":{"allow":["GET"]}}],"collection":[{"href":"http:\/\/www.vikarbyn.com\/de\/wp-json\/wp\/v2\/pages"}],"about":[{"href":"http:\/\/www.vikarbyn.com\/de\/wp-json\/wp\/v2\/types\/page"}],"author":[{"embeddable":true,"href":"http:\/\/www.vikarbyn.com\/de\/wp-json\/wp\/v2\/users\/1"}],"replies":[{"embeddable":true,"href":"http:\/\/www.vikarbyn.com\/de\/wp-json\/wp\/v2\/comments?post=427"}],"version-history":[{"count":18,"href":"http:\/\/www.vikarbyn.com\/de\/wp-json\/wp\/v2\/pages\/427\/revisions"}],"predecessor-version":[{"id":2581,"href":"http:\/\/www.vikarbyn.com\/de\/wp-json\/wp\/v2\/pages\/427\/revisions\/2581"}],"wp:attachment":[{"href":"http:\/\/www.vikarbyn.com\/de\/wp-json\/wp\/v2\/media?parent=427"}],"curies":[{"name":"wp","href":"https:\/\/api.w.org\/{rel}","templated":true}]}}