{"id":425,"date":"2021-04-20T12:33:54","date_gmt":"2021-04-20T10:33:54","guid":{"rendered":"http:\/\/www2.vikarbyn.com\/?page_id=425"},"modified":"2021-05-10T17:17:50","modified_gmt":"2021-05-10T15:17:50","slug":"kontakte","status":"publish","type":"page","link":"http:\/\/www.vikarbyn.com\/de\/kontakte\/","title":{"rendered":"Kontakte"},"content":{"rendered":"<p>[et_pb_section bb_built=&#8221;1&#8243; admin_label=&#8221;section&#8221; inner_shadow=&#8221;on&#8221; parallax=&#8221;off&#8221;][et_pb_row admin_label=&#8221;row&#8221;][et_pb_column type=&#8221;1_2&#8243;][et_pb_text admin_label=&#8221;Text&#8221; background_layout=&#8221;light&#8221; text_orientation=&#8221;left&#8221; use_border_color=&#8221;off&#8221; border_color=&#8221;#ffffff&#8221; border_style=&#8221;solid&#8221;]<\/p>\n<h1>Kontakte<\/h1>\n<p><strong>Backlunds Boende i Dalarna<\/strong><\/p>\n<p><strong>Marie <\/strong>+46-70-749 35 78<br \/>\n<strong>Lasse<\/strong>\u00a0+46-70-750 57 55<\/p>\n<p><strong>Vikarbyns Bed and Breakfast<\/strong><br \/>\nStorav\u00e4gen 37<br \/>\n795 70 Vikarbyn SWEDEN<\/p>\n<p>reception +46-248-208 91<\/p>\n<p><a href=\"mailto:vikarbyn.dalarna@gmail.com\"> vikarbyn.dalarna@gmail.com<\/a><br \/>\n<a href=\"http:\/\/www.vikarbyn.com\/\">www.vikarbyn.com<\/a><\/p>\n<h1>Buche online<\/h1>\n<script async type=\"text\/javascript\" src=\"https:\/\/secured.sirvoy.com\/widget\/sirvoy.js\" data-form-id=\"53035d7653de3\"><\/script>\n<p>&nbsp;<\/p>\n<p>&nbsp;<\/p>\n<p>[\/et_pb_text][\/et_pb_column][et_pb_column type=&#8221;1_2&#8243;][et_pb_image admin_label=&#8221;Marie och Lasse&#8221; src=&#8221;http:\/\/www.vikarbyn.com\/wp-content\/uploads\/Marie-och-Lasse-Backlund-Vikarbyn.jpg&#8221; url_new_window=&#8221;off&#8221; animation=&#8221;right&#8221; \/][\/et_pb_column][\/et_pb_row][et_pb_row admin_label=&#8221;row&#8221;][et_pb_column type=&#8221;4_4&#8243;][et_pb_divider admin_label=&#8221;Divider&#8221; color=&#8221;#a88961&#8243; show_divider=&#8221;on&#8221; \/][\/et_pb_column][\/et_pb_row][et_pb_row admin_label=&#8221;row&#8221;][et_pb_column type=&#8221;1_2&#8243;][et_pb_text admin_label=&#8221;Text&#8221; background_layout=&#8221;light&#8221; text_orientation=&#8221;left&#8221;]<\/p>\n<h1>Den Weg finden<\/h1>\n<p>Vikarbyn z\u00e4hlt zu den gr\u00f6\u00dften D\u00f6rfern und Anfang der 70iger Jahre wurde der<br \/>\n&#8220;Riksv\u00e4g 70&#8221; durch das Dorf und vorbei der alten Geb\u00e4ude gebaut. Heutzutage ist das<br \/>\nDorf durch den &#8220;Riksv\u00e4g 70&#8221; geteilt und breitet sich an beiden Seiten des Weges aus.<\/p>\n<p><strong>Bild anklicken f\u00fcr gr\u00f6\u00dfere Karte und Wegbeschreibung&gt;&gt;<\/strong><\/p>\n<p>&nbsp;<\/p>\n<p>[\/et_pb_text][\/et_pb_column][et_pb_column type=&#8221;1_2&#8243;][et_pb_image admin_label=&#8221;Karta&#8221; src=&#8221;http:\/\/www2.vikarbyn.com\/wp-content\/uploads\/karta.jpg&#8221; url=&#8221;https:\/\/maps.google.com\/maps?q=Stora+v%C3%A4gen+37,+Vikarbyn,+R%C3%A4ttvik,+Sverige&amp;hl=sv&amp;ie=UTF8&amp;ll=60.909157,15.014877&amp;spn=0.038183,0.132093&amp;sll=37.0625,-95.677068&amp;sspn=62.484575,135.263672&amp;oq=Storav%C3%A4gen+37,+r&amp;t=m&amp;hnear=Stora+v%C3%A4gen+37,+795+70+Vikarbyn,+Sverige&amp;z=14&#8243; url_new_window=&#8221;on&#8221; animation=&#8221;right&#8221; \/][\/et_pb_column][\/et_pb_row][\/et_pb_section]<\/p>\n","protected":false},"excerpt":{"rendered":"<p>Kontakte Backlunds Boende i Dalarna Marie +46-70-749 35 78 Lasse\u00a0+46-70-750 57 55 Vikarbyns Bed and Breakfast Storav\u00e4gen 37 795 70 Vikarbyn SWEDEN reception +46-248-208 91 vikarbyn.dalarna@gmail.com www.vikarbyn.com Buche online <script async type=\"text\/javascript\" src=\"https:\/\/secured.sirvoy.com\/widget\/sirvoy.js\" data-form-id=\"53035d7653de3\"><\/script> &nbsp; &nbsp; Den Weg finden Vikarbyn z\u00e4hlt zu den gr\u00f6\u00dften D\u00f6rfern und Anfang der 70iger Jahre wurde der &#8220;Riksv\u00e4g 70&#8221; durch das Dorf und vorbei [&hellip;]<\/p>\n","protected":false},"author":1,"featured_media":0,"parent":0,"menu_order":0,"comment_status":"open","ping_status":"closed","template":"","meta":{"_et_pb_use_builder":"on","_et_pb_old_content":"","_et_gb_content_width":"","footnotes":""},"class_list":["post-425","page","type-page","status-publish","hentry"],"_links":{"self":[{"href":"http:\/\/www.vikarbyn.com\/de\/wp-json\/wp\/v2\/pages\/425","targetHints":{"allow":["GET"]}}],"collection":[{"href":"http:\/\/www.vikarbyn.com\/de\/wp-json\/wp\/v2\/pages"}],"about":[{"href":"http:\/\/www.vikarbyn.com\/de\/wp-json\/wp\/v2\/types\/page"}],"author":[{"embeddable":true,"href":"http:\/\/www.vikarbyn.com\/de\/wp-json\/wp\/v2\/users\/1"}],"replies":[{"embeddable":true,"href":"http:\/\/www.vikarbyn.com\/de\/wp-json\/wp\/v2\/comments?post=425"}],"version-history":[{"count":9,"href":"http:\/\/www.vikarbyn.com\/de\/wp-json\/wp\/v2\/pages\/425\/revisions"}],"predecessor-version":[{"id":2582,"href":"http:\/\/www.vikarbyn.com\/de\/wp-json\/wp\/v2\/pages\/425\/revisions\/2582"}],"wp:attachment":[{"href":"http:\/\/www.vikarbyn.com\/de\/wp-json\/wp\/v2\/media?parent=425"}],"curies":[{"name":"wp","href":"https:\/\/api.w.org\/{rel}","templated":true}]}}