{"id":421,"date":"2020-12-17T11:23:15","date_gmt":"2020-12-17T10:23:15","guid":{"rendered":"http:\/\/www2.vikarbyn.com\/?page_id=421"},"modified":"2021-05-10T17:14:29","modified_gmt":"2021-05-10T15:14:29","slug":"allman-info","status":"publish","type":"page","link":"http:\/\/www.vikarbyn.com\/de\/allman-info\/","title":{"rendered":"Info"},"content":{"rendered":"<p>[et_pb_section bb_built=&#8221;1&#8243; admin_label=&#8221;section&#8221; inner_shadow=&#8221;on&#8221; parallax=&#8221;off&#8221;][et_pb_row admin_label=&#8221;row&#8221;][et_pb_column type=&#8221;1_2&#8243;][et_pb_text admin_label=&#8221;Text&#8221; background_layout=&#8221;light&#8221; text_orientation=&#8221;left&#8221; use_border_color=&#8221;off&#8221; border_color=&#8221;#ffffff&#8221; border_style=&#8221;solid&#8221;]<\/p>\n<p><strong>Wir besitzen und betreiben Vikarbyns B &amp; B mit 40 Betten. Wir haben auch die Ferienh\u00e4user mit rund 100 Betten zur verf\u00fcgung, Sie k\u00f6nnen sich \u00a0Selbst-versorgung oder Bed and Breakfast w\u00e4hlen.<\/strong><\/p>\n<p><strong>Bed and Breakfast<\/strong> bedeutet, dass Sie Bettw\u00e4sche, Handt\u00fccher und Fr\u00fchst\u00fcck, und auch die Endreinigung bekommen. (Bettw\u00e4sche und M\u00fcll im Zimmer bei der Abreise auf dem Boden legen).<\/p>\n<p><strong>Fr\u00fchst\u00fcck<\/strong> \u2013Wirt bei Vikarbyns B&amp;B von 8.00 bis 10.00 Uhr serviert, oder nach Bedarf und liegt etwa 500 Meter von den H\u00fctten, die sich an verschiedenen Stellen im Ort befinden.<\/p>\n<p><strong>Cash \/ Kartenzahlungen<\/strong> &#8211; werden bei der Abreise oder Check-in an der Rezeption gemacht.<\/p>\n<p><strong>Hochsaison<\/strong> &#8211; Check-in ist von 15.00 bis 19.00 Uhr und Check-out um 11.00 Uhr, wenn nicht anders vereinbart ist.<\/p>\n<p><strong>Nebensaison<\/strong> &#8211; die Rezeption ist w\u00e4hrend Fr\u00fchst\u00fcckzeit bewirtet, haben Sie ein Zimmer oder Ferienhaus gebucht gibt es eine Liste, wo Sie den Zimmernummer oder Ferienhaus finden.<\/p>\n<p>F\u00fcr jeden Komfort sind alle Zimmer Nichtraucherzimmer und keine Haustiere sind in den Zimmern erlaubt. Haustiere k\u00f6nnen aber in einigen H\u00fctten erlaubt sein.<\/p>\n<p>Informationen \u00fcber die Sehensw\u00fcrdigkeiten und Aktivit\u00e4ten finden Sie in Form von Brosch\u00fcren oder k\u00f6nnen Sie uns fragen.<\/p>\n<p><strong>Vikarbyns Bed and Breakfast &#8211; <\/strong>ist im Besitz der Familie Backlund und liegt In zentraler Lage in Vikarbyn und zu Fu\u00df erreichbar ist:<\/p>\n<ul>\n<li>Gesch\u00e4ft<\/li>\n<li>Baden<\/li>\n<li>Restaurant und Pizzeria<\/li>\n<li>Bushaltestelle<\/li>\n<li>Interior Shop<\/li>\n<li>Ceramics Shop und Caf\u00e9<\/li>\n<li>Wanderwege<\/li>\n<\/ul>\n<p>&nbsp;<\/p>\n<p>H\u00fcttenwirte<\/p>\n<p><strong>Marie und Lasse Backlund<\/strong><br \/>\nBACKLUND BOENDE I DALARNA<br \/>\n070-749 35 78<br \/>\nStora v\u00e4gen 37,\u00a0795 70 Vikarbyn<\/p>\n<p>[\/et_pb_text][\/et_pb_column][et_pb_column type=&#8221;1_2&#8243;][et_pb_image admin_label=&#8221;Image&#8221; src=&#8221;http:\/\/www.vikarbyn.com\/wp-content\/uploads\/veranda1.jpg&#8221; url_new_window=&#8221;off&#8221; animation=&#8221;left&#8221; type=&#8221;text\/javascript&#8221; \/][et_pb_text admin_label=&#8221;Text&#8221; background_layout=&#8221;light&#8221; text_orientation=&#8221;left&#8221; use_border_color=&#8221;off&#8221; border_color=&#8221;#ffffff&#8221; border_style=&#8221;solid&#8221;]<\/p>\n<h1><span style=\"font-family: 'Old English';\">Buche online\u00a0<\/span><\/h1>\n<script async type=\"text\/javascript\" src=\"https:\/\/secured.sirvoy.com\/widget\/sirvoy.js\" data-form-id=\"53035d7653de3\"><\/script>\n<p>[\/et_pb_text][\/et_pb_column][\/et_pb_row][\/et_pb_section][et_pb_section bb_built=&#8221;1&#8243; admin_label=&#8221;section&#8221; fullwidth=&#8221;off&#8221; background_color=&#8221;#ffffff&#8221; inner_shadow=&#8221;on&#8221; parallax=&#8221;off&#8221;][et_pb_row admin_label=&#8221;row&#8221;][et_pb_column type=&#8221;4_4&#8243;][et_pb_text admin_label=&#8221;Bilder&#8221; background_layout=&#8221;light&#8221; text_orientation=&#8221;left&#8221; module_class=&#8221;moreimages&#8221; use_border_color=&#8221;off&#8221; border_color=&#8221;#ffffff&#8221; border_style=&#8221;solid&#8221;]<\/p>\n<p><a href=\"http:\/\/www.vikarbyn.com\/wp-content\/uploads\/bob_trad.jpg\" rel=\"attachment wp-att-588\" data-rel=\"lightbox-gallery-lr5fmTbi\" data-rl_title=\"\" data-rl_caption=\"\" title=\"\"><img loading=\"lazy\" decoding=\"async\" class=\"alignnone size-thumbnail wp-image-588\" src=\"http:\/\/www.vikarbyn.com\/wp-content\/uploads\/bob_trad-300x225.jpg\" alt=\"bob_trad\" width=\"300\" height=\"225\" \/><\/a><a href=\"http:\/\/www.vikarbyn.com\/wp-content\/uploads\/Stora-Huset-8261.jpg\" rel=\"attachment wp-att-926\" data-rel=\"lightbox-gallery-lr5fmTbi\" data-rl_title=\"\" data-rl_caption=\"\" title=\"\"><img loading=\"lazy\" decoding=\"async\" class=\"alignnone size-thumbnail wp-image-926\" src=\"http:\/\/www.vikarbyn.com\/wp-content\/uploads\/Stora-Huset-8261-300x225.jpg\" alt=\"Stora Huset-8261\" width=\"300\" height=\"225\" \/><\/a><a href=\"http:\/\/www.vikarbyn.com\/wp-content\/uploads\/veranda1.jpg\" rel=\"attachment wp-att-584\" data-rel=\"lightbox-gallery-lr5fmTbi\" data-rl_title=\"\" data-rl_caption=\"\" title=\"\"><img loading=\"lazy\" decoding=\"async\" class=\"alignnone size-thumbnail wp-image-584\" src=\"http:\/\/www.vikarbyn.com\/wp-content\/uploads\/veranda1-300x225.jpg\" alt=\"veranda\" width=\"300\" height=\"225\" \/><\/a><a href=\"http:\/\/www.vikarbyn.com\/wp-content\/uploads\/Stora-Huset-8052.jpg\" rel=\"attachment wp-att-925\" data-rel=\"lightbox-gallery-lr5fmTbi\" data-rl_title=\"\" data-rl_caption=\"\" title=\"\"><img loading=\"lazy\" decoding=\"async\" class=\"alignnone size-thumbnail wp-image-925\" src=\"http:\/\/www.vikarbyn.com\/wp-content\/uploads\/Stora-Huset-8052-300x225.jpg\" alt=\"Stora Huset-8052\" width=\"300\" height=\"225\" \/><\/a><a href=\"http:\/\/www2.vikarbyn.com\/wp-content\/uploads\/bob_skylt.jpg\" data-rel=\"lightbox-gallery-lr5fmTbi\" data-rl_title=\"\" data-rl_caption=\"\" title=\"\"><img loading=\"lazy\" decoding=\"async\" class=\"alignnone size-thumbnail wp-image-560\" src=\"http:\/\/www2.vikarbyn.com\/wp-content\/uploads\/bob_skylt-300x225.jpg\" alt=\"bob_skylt\" width=\"300\" height=\"225\" \/><\/a><a href=\"http:\/\/www2.vikarbyn.com\/wp-content\/uploads\/gra_hast.jpg\" data-rel=\"lightbox-gallery-lr5fmTbi\" data-rl_title=\"\" data-rl_caption=\"\" title=\"\"><img loading=\"lazy\" decoding=\"async\" class=\"alignnone size-thumbnail wp-image-564\" src=\"http:\/\/www2.vikarbyn.com\/wp-content\/uploads\/gra_hast-300x225.jpg\" alt=\"gra_hast\" width=\"300\" height=\"225\" \/><\/a><a href=\"http:\/\/www2.vikarbyn.com\/wp-content\/uploads\/vinn_karlek.jpg\" data-rel=\"lightbox-gallery-lr5fmTbi\" data-rl_title=\"\" data-rl_caption=\"\" title=\"\"><img loading=\"lazy\" decoding=\"async\" class=\"alignnone size-thumbnail wp-image-563\" src=\"http:\/\/www2.vikarbyn.com\/wp-content\/uploads\/vinn_karlek-300x225.jpg\" alt=\"vinn_karlek\" width=\"300\" height=\"225\" srcset=\"http:\/\/www.vikarbyn.com\/wp-content\/uploads\/vinn_karlek-300x225.jpg 300w, http:\/\/www.vikarbyn.com\/wp-content\/uploads\/vinn_karlek-450x337.jpg 450w, http:\/\/www.vikarbyn.com\/wp-content\/uploads\/vinn_karlek.jpg 1000w\" sizes=\"(max-width: 300px) 100vw, 300px\" \/><\/a><a href=\"http:\/\/www2.vikarbyn.com\/wp-content\/uploads\/utsikt.jpg\" data-rel=\"lightbox-gallery-lr5fmTbi\" data-rl_title=\"\" data-rl_caption=\"\" title=\"\"><img loading=\"lazy\" decoding=\"async\" class=\"wp-image-562 alignnone\" src=\"http:\/\/www2.vikarbyn.com\/wp-content\/uploads\/utsikt-300x225.jpg\" alt=\"utsikt\" width=\"300\" height=\"225\" \/><\/a><a href=\"http:\/\/www.vikarbyn.com\/wp-content\/uploads\/Stora-Huset-7270071.jpg\" rel=\"attachment wp-att-929\" data-rel=\"lightbox-gallery-lr5fmTbi\" data-rl_title=\"\" data-rl_caption=\"\" title=\"\"><img loading=\"lazy\" decoding=\"async\" class=\"size-thumbnail wp-image-929\" src=\"http:\/\/www.vikarbyn.com\/wp-content\/uploads\/Stora-Huset-7270071-300x225.jpg\" alt=\"OLYMPUS DIGITAL CAMERA\" width=\"300\" height=\"225\" srcset=\"http:\/\/www.vikarbyn.com\/wp-content\/uploads\/Stora-Huset-7270071-300x225.jpg 300w, http:\/\/www.vikarbyn.com\/wp-content\/uploads\/Stora-Huset-7270071-450x338.jpg 450w, http:\/\/www.vikarbyn.com\/wp-content\/uploads\/Stora-Huset-7270071-768x576.jpg 768w, http:\/\/www.vikarbyn.com\/wp-content\/uploads\/Stora-Huset-7270071.jpg 800w\" sizes=\"(max-width: 300px) 100vw, 300px\" \/><\/a><a href=\"http:\/\/www.vikarbyn.com\/wp-content\/uploads\/uteplats.jpg\" rel=\"attachment wp-att-122\" data-rel=\"lightbox-gallery-lr5fmTbi\" data-rl_title=\"\" data-rl_caption=\"\" title=\"\"><img loading=\"lazy\" decoding=\"async\" class=\"size-thumbnail wp-image-122 alignnone\" src=\"http:\/\/www.vikarbyn.com\/wp-content\/uploads\/uteplats-300x225.jpg\" alt=\"uteplats\" width=\"300\" height=\"225\" \/><\/a><\/p>\n<p>[\/et_pb_text][\/et_pb_column][\/et_pb_row][\/et_pb_section]<\/p>\n","protected":false},"excerpt":{"rendered":"<p>Wir besitzen und betreiben Vikarbyns B &amp; B mit 40 Betten. Wir haben auch die Ferienh\u00e4user mit rund 100 Betten zur verf\u00fcgung, Sie k\u00f6nnen sich \u00a0Selbst-versorgung oder Bed and Breakfast w\u00e4hlen. Bed and Breakfast bedeutet, dass Sie Bettw\u00e4sche, Handt\u00fccher und Fr\u00fchst\u00fcck, und auch die Endreinigung bekommen. (Bettw\u00e4sche und M\u00fcll im Zimmer bei der Abreise auf [&hellip;]<\/p>\n","protected":false},"author":1,"featured_media":0,"parent":0,"menu_order":0,"comment_status":"open","ping_status":"open","template":"","meta":{"_et_pb_use_builder":"on","_et_pb_old_content":"","_et_gb_content_width":"","footnotes":""},"class_list":["post-421","page","type-page","status-publish","hentry"],"_links":{"self":[{"href":"http:\/\/www.vikarbyn.com\/de\/wp-json\/wp\/v2\/pages\/421","targetHints":{"allow":["GET"]}}],"collection":[{"href":"http:\/\/www.vikarbyn.com\/de\/wp-json\/wp\/v2\/pages"}],"about":[{"href":"http:\/\/www.vikarbyn.com\/de\/wp-json\/wp\/v2\/types\/page"}],"author":[{"embeddable":true,"href":"http:\/\/www.vikarbyn.com\/de\/wp-json\/wp\/v2\/users\/1"}],"replies":[{"embeddable":true,"href":"http:\/\/www.vikarbyn.com\/de\/wp-json\/wp\/v2\/comments?post=421"}],"version-history":[{"count":57,"href":"http:\/\/www.vikarbyn.com\/de\/wp-json\/wp\/v2\/pages\/421\/revisions"}],"predecessor-version":[{"id":2580,"href":"http:\/\/www.vikarbyn.com\/de\/wp-json\/wp\/v2\/pages\/421\/revisions\/2580"}],"wp:attachment":[{"href":"http:\/\/www.vikarbyn.com\/de\/wp-json\/wp\/v2\/media?parent=421"}],"curies":[{"name":"wp","href":"https:\/\/api.w.org\/{rel}","templated":true}]}}