{"id":419,"date":"2023-04-17T10:46:44","date_gmt":"2023-04-17T08:46:44","guid":{"rendered":"http:\/\/www2.vikarbyn.com\/?page_id=419"},"modified":"2024-04-23T21:23:11","modified_gmt":"2024-04-23T19:23:11","slug":"start","status":"publish","type":"page","link":"http:\/\/www.vikarbyn.com\/de\/","title":{"rendered":"Start"},"content":{"rendered":"<p>[et_pb_section bb_built=&#8221;1&#8243; admin_label=&#8221;Sektion&#8221; fullwidth=&#8221;on&#8221; specialty=&#8221;off&#8221; transparent_background=&#8221;off&#8221; allow_player_pause=&#8221;off&#8221; inner_shadow=&#8221;off&#8221; parallax=&#8221;off&#8221; parallax_method=&#8221;on&#8221; make_fullwidth=&#8221;off&#8221; use_custom_width=&#8221;off&#8221; width_unit=&#8221;on&#8221; make_equal=&#8221;off&#8221; use_custom_gutter=&#8221;off&#8221;][et_pb_fullwidth_slider admin_label=&#8221;V\u00e4xlare &#8211; helbredd&#8221; show_arrows=&#8221;off&#8221; show_pagination=&#8221;on&#8221; auto=&#8221;on&#8221; auto_ignore_hover=&#8221;off&#8221; parallax=&#8221;off&#8221; parallax_method=&#8221;off&#8221; remove_inner_shadow=&#8221;off&#8221; background_position=&#8221;default&#8221; background_size=&#8221;default&#8221; hide_content_on_mobile=&#8221;off&#8221; hide_cta_on_mobile=&#8221;off&#8221; show_image_video_mobile=&#8221;off&#8221; custom_button=&#8221;off&#8221; button_letter_spacing=&#8221;0&#8243; button_use_icon=&#8221;default&#8221; button_icon_placement=&#8221;right&#8221; button_on_hover=&#8221;on&#8221; button_letter_spacing_hover=&#8221;0&#8243; top_padding=&#8221;25%&#8221; bottom_padding=&#8221;25%&#8221;] [et_pb_slide background_image=&#8221;http:\/\/www.vikarbyn.com\/wp-content\/uploads\/BB-tr\u00e4d-1.jpg&#8221; background_position=&#8221;default&#8221; background_size=&#8221;default&#8221; background_color=&#8221;#ffffff&#8221; use_bg_overlay=&#8221;off&#8221; use_text_overlay=&#8221;off&#8221; alignment=&#8221;center&#8221; background_layout=&#8221;dark&#8221; allow_player_pause=&#8221;off&#8221; text_border_radius=&#8221;3&#8243; header_font_select=&#8221;default&#8221; header_font=&#8221;||||&#8221; body_font_select=&#8221;default&#8221; body_font=&#8221;||||&#8221; custom_button=&#8221;off&#8221; button_font_select=&#8221;default&#8221; button_font=&#8221;||||&#8221; button_use_icon=&#8221;default&#8221; button_icon_placement=&#8221;right&#8221; button_on_hover=&#8221;on&#8221; \/][et_pb_slide background_image=&#8221;http:\/\/www.vikarbyn.com\/wp-content\/uploads\/DSC_0494.jpg&#8221; background_position=&#8221;default&#8221; background_size=&#8221;default&#8221; background_color=&#8221;#ffffff&#8221; use_bg_overlay=&#8221;off&#8221; use_text_overlay=&#8221;off&#8221; alignment=&#8221;center&#8221; background_layout=&#8221;dark&#8221; allow_player_pause=&#8221;off&#8221; text_border_radius=&#8221;3&#8243; header_font_select=&#8221;default&#8221; header_font=&#8221;||||&#8221; body_font_select=&#8221;default&#8221; body_font=&#8221;||||&#8221; custom_button=&#8221;off&#8221; button_font_select=&#8221;default&#8221; button_font=&#8221;||||&#8221; button_use_icon=&#8221;default&#8221; button_icon_placement=&#8221;right&#8221; button_on_hover=&#8221;on&#8221; \/][et_pb_slide background_image=&#8221;http:\/\/www.vikarbyn.com\/wp-content\/uploads\/Stora-Huset-7901-2.jpg&#8221; background_position=&#8221;default&#8221; background_size=&#8221;default&#8221; background_color=&#8221;#ffffff&#8221; use_bg_overlay=&#8221;off&#8221; use_text_overlay=&#8221;off&#8221; alignment=&#8221;center&#8221; background_layout=&#8221;dark&#8221; allow_player_pause=&#8221;off&#8221; text_border_radius=&#8221;3&#8243; header_font_select=&#8221;default&#8221; header_font=&#8221;||||&#8221; body_font_select=&#8221;default&#8221; body_font=&#8221;||||&#8221; custom_button=&#8221;off&#8221; button_font_select=&#8221;default&#8221; button_font=&#8221;||||&#8221; button_use_icon=&#8221;default&#8221; button_icon_placement=&#8221;right&#8221; button_on_hover=&#8221;on&#8221; \/][et_pb_slide background_image=&#8221;http:\/\/www.vikarbyn.com\/wp-content\/uploads\/Stora-Huset-7270149.jpg&#8221; background_position=&#8221;default&#8221; background_size=&#8221;default&#8221; background_color=&#8221;#ffffff&#8221; use_bg_overlay=&#8221;off&#8221; use_text_overlay=&#8221;off&#8221; alignment=&#8221;center&#8221; background_layout=&#8221;dark&#8221; allow_player_pause=&#8221;off&#8221; text_border_radius=&#8221;3&#8243; header_font_select=&#8221;default&#8221; header_font=&#8221;||||&#8221; body_font_select=&#8221;default&#8221; body_font=&#8221;||||&#8221; custom_button=&#8221;off&#8221; button_font_select=&#8221;default&#8221; button_font=&#8221;||||&#8221; button_use_icon=&#8221;default&#8221; button_icon_placement=&#8221;right&#8221; button_on_hover=&#8221;on&#8221; \/] [\/et_pb_fullwidth_slider][\/et_pb_section][et_pb_section bb_built=&#8221;1&#8243; admin_label=&#8221;section&#8221; fullwidth=&#8221;off&#8221; transparent_background=&#8221;on&#8221; allow_player_pause=&#8221;off&#8221; inner_shadow=&#8221;off&#8221; parallax=&#8221;off&#8221; parallax_method=&#8221;on&#8221; make_fullwidth=&#8221;off&#8221; use_custom_width=&#8221;off&#8221; width_unit=&#8221;on&#8221; make_equal=&#8221;off&#8221; use_custom_gutter=&#8221;off&#8221;][et_pb_row admin_label=&#8221;row&#8221;][et_pb_column type=&#8221;2_3&#8243;][et_pb_text admin_label=&#8221;V\u00e4lkommen&#8221; background_layout=&#8221;light&#8221; text_orientation=&#8221;left&#8221; use_border_color=&#8221;off&#8221; border_color=&#8221;#ffffff&#8221; border_style=&#8221;solid&#8221;]<\/p>\n<h1><span lang=\"de\">Willkommen in Backlunds Unterkunft in Vikarbyn<\/span><\/h1>\n<p>&nbsp;<\/p>\n<p><span style=\"font-size: 12pt;\">Zimmer- und Ferienhausvermietung mit Bed and Breakfast oder Selbstversorger. Eine geschmackvoll eingerichtete Unterkunft mit Charme der alten Welt. Ruhige naturnahe Umgebung mit Blick auf den Siljansee. Besuchen Sie kulturelle Veranstaltungen und Beschreibungen.<\/span><\/p>\n<p id=\"tw-target-text\" class=\"tw-data-text tw-text-large XcVN5d tw-ta\" dir=\"ltr\" data-placeholder=\"\u00d6vers\u00e4ttning\"><span lang=\"de\" style=\"font-size: 12pt;\">Pers\u00f6nliche Behandlung und eine erschwingliche Alternative. Erleben Sie Beschreibung, Natur, Kultur, Umwelt und Gleichm\u00e4\u00dfigkeit in unserer traditionellen Landschaft in Dalarna rund um den Siljansee. Kulturelle Unterkunft im echten Dalaby.<\/span><\/p>\n<p id=\"tw-target-text\" class=\"tw-data-text tw-text-large XcVN5d tw-ta\" dir=\"ltr\" data-placeholder=\"\u00d6vers\u00e4ttning\"><span lang=\"de\" style=\"font-size: 12pt;\">Wir konzentrieren uns auf Einzelpersonen, Unternehmen und Organisationen und haben die M\u00f6glichkeit, Themenabende, Kurse und Konferenzen zu organisieren. Wir sind das kleine Unternehmen mit den gro\u00dfen Chancen.<\/span><\/p>\n<p><span style=\"font-size: 12pt;\">Das Hotel liegt 7 km nordwestlich von R\u00e4ttvik, 7 km nach Dalhalla und 30 km nach Mora<\/span><\/p>\n<p id=\"tw-target-text\" class=\"tw-data-text tw-text-large XcVN5d tw-ta\" dir=\"ltr\" data-placeholder=\"\u00d6vers\u00e4ttning\"><span lang=\"de\" style=\"font-size: 12pt;\">Wiederkehrende und neue G\u00e4ste erhalten ein einzigartiges Erlebnis in unserer echten Dala-Umgebung.<\/span><\/p>\n<h1><strong><span style=\"font-size: 12pt;\">Wir haben:<\/span><\/strong><\/h1>\n<ul>\n<li><span style=\"font-size: 12pt;\">Drahtlose Internetverbindung in unserem B &amp; B.<\/span><\/li>\n<li><span style=\"font-size: 12pt;\">Vallabod und Fahrradwerkstatt<\/span><\/li>\n<\/ul>\n<p><span style=\"font-size: 12pt;\"><em><strong>Finnen f\u00fcr die Kreditvergabe mit einer begrenzten Anzahl und M\u00f6glichkeiten:<\/strong><\/em><\/span><br \/>\n<span style=\"font-size: 12pt;\">Fahrr\u00e4der (Helme)<\/span><br \/>\n<span style=\"font-size: 12pt;\">Rollerblades (Inlines)<\/span><br \/>\n<span style=\"font-size: 12pt;\">Langstreckenschlittschuhe<\/span><br \/>\n<span style=\"font-size: 12pt;\">Gehst\u00f6cke<\/span><\/p>\n<p id=\"tw-target-text\" class=\"tw-data-text tw-text-large XcVN5d tw-ta\" dir=\"ltr\" data-placeholder=\"\u00d6vers\u00e4ttning\"><span style=\"font-size: 12pt;\"><span lang=\"de\">Parkpl\u00e4tze stehen im Hof \u200b\u200bund auf dem Kiesboden neben dem Haus zur Verf\u00fcgung.\u00a0 \u00a0 \u00a0 \u00a0 \u00a0 \u00a0 \u00a0 \u00a0 \u00a0 \u00a0 \u00a0 \u00a0 \u00a0 \u00a0 \u00a0 \u00a0 \u00a0 \u00a0 \u00a0 \u00a0 \u00a0 \u00a0 \u00a0 \u00a0 \u00a0 \u00a0 \u00a0 \u00a0 \u00a0 <\/span><span lang=\"de\">Garage f\u00fcr Motorr\u00e4der oder normale Fahrr\u00e4der.\u00a0 \u00a0 \u00a0 \u00a0 \u00a0 \u00a0 \u00a0 \u00a0 \u00a0 \u00a0 \u00a0 \u00a0 \u00a0 \u00a0 \u00a0 \u00a0 \u00a0 \u00a0 \u00a0 \u00a0 \u00a0 \u00a0 \u00a0 \u00a0 \u00a0 \u00a0 \u00a0 \u00a0 \u00a0 \u00a0 \u00a0 \u00a0 \u00a0 \u00a0 \u00a0 \u00a0 \u00a0 \u00a0 \u00a0 \u00a0 \u00a0 \u00a0 \u00a0 \u00a0 \u00a0 \u00a0 \u00a0 \u00a0 \u00a0 \u00a0 \u00a0 Haustiere sind willkommen, jedoch nur in H\u00fctten.<\/span><\/span><\/p>\n<p><span style=\"font-size: 12pt;\"><strong><span style=\"color: #000000;\"><a style=\"color: #000000;\" href=\"https:\/\/issuu.com\/visitdalarna\/docs\/tyskland_2020\">MAGASINET\u00a0<\/a>(Deutsch)\u00a0\u00a0<a style=\"color: #000000;\" href=\"https:\/\/issuu.com\/visitdalarna\/docs\/dalarna-eng\">MAGASINET\u00a0<\/a>(English)\u00a0\u00a0<\/span><\/strong><\/span><\/p>\n<p>&nbsp;<\/p>\n<p><span style=\"color: #b00000;\">\u00a0<\/span><\/p>\n<p>[\/et_pb_text][\/et_pb_column][et_pb_column type=&#8221;1_3&#8243;][et_pb_text admin_label=&#8221;Bild h\u00f6ger&#8221; background_layout=&#8221;light&#8221; text_orientation=&#8221;left&#8221; use_border_color=&#8221;off&#8221; border_color=&#8221;#ffffff&#8221; border_style=&#8221;solid&#8221;]<\/p>\n<p><img loading=\"lazy\" decoding=\"async\" class=\"alignnone size-full wp-image-60 bildram\" src=\"http:\/\/www2.vikarbyn.com\/wp-content\/uploads\/veranda.jpg\" alt=\"veranda\" width=\"350\" height=\"471\" \/><\/p>\n<p>[\/et_pb_text][et_pb_text admin_label=&#8221;Logos&#8221; background_layout=&#8221;light&#8221; text_orientation=&#8221;left&#8221; use_border_color=&#8221;off&#8221; border_color=&#8221;#ffffff&#8221; border_style=&#8221;solid&#8221;]<\/p>\n<p><a href=\"http:\/\/www.vikarbyn.com\/wp-content\/uploads\/94.png\" data-rel=\"lightbox-gallery-GEwsBD88\" data-rl_title=\"\" data-rl_caption=\"\" title=\"\"><br \/>\n<\/a><a href=\"http:\/\/www.vikarbyn.com\/wp-content\/uploads\/Digital-Award-TRA-2023.png\" data-rel=\"lightbox-gallery-GEwsBD88\" data-rl_title=\"\" data-rl_caption=\"\" title=\"\"><img loading=\"lazy\" decoding=\"async\" class=\"alignnone wp-image-3046 size-medium\" src=\"http:\/\/www.vikarbyn.com\/wp-content\/uploads\/Digital-Award-TRA-2023-450x450.png\" alt=\"\" width=\"450\" height=\"450\" srcset=\"http:\/\/www.vikarbyn.com\/wp-content\/uploads\/Digital-Award-TRA-2023-450x450.png 450w, http:\/\/www.vikarbyn.com\/wp-content\/uploads\/Digital-Award-TRA-2023-200x200.png 200w, http:\/\/www.vikarbyn.com\/wp-content\/uploads\/Digital-Award-TRA-2023-768x768.png 768w, http:\/\/www.vikarbyn.com\/wp-content\/uploads\/Digital-Award-TRA-2023-1024x1024.png 1024w, http:\/\/www.vikarbyn.com\/wp-content\/uploads\/Digital-Award-TRA-2023.png 1080w\" sizes=\"(max-width: 450px) 100vw, 450px\" \/><\/a><\/p>\n<p>[\/et_pb_text][\/et_pb_column][\/et_pb_row][\/et_pb_section][et_pb_section bb_built=&#8221;1&#8243; admin_label=&#8221;Sektion&#8221; fullwidth=&#8221;off&#8221; specialty=&#8221;off&#8221; transparent_background=&#8221;off&#8221; background_color=&#8221;#fbf5ea&#8221; allow_player_pause=&#8221;off&#8221; inner_shadow=&#8221;off&#8221; parallax=&#8221;off&#8221; parallax_method=&#8221;on&#8221; make_fullwidth=&#8221;off&#8221; use_custom_width=&#8221;off&#8221; width_unit=&#8221;on&#8221; make_equal=&#8221;off&#8221; use_custom_gutter=&#8221;off&#8221;][et_pb_row admin_label=&#8221;Rad&#8221; make_fullwidth=&#8221;off&#8221; use_custom_width=&#8221;off&#8221; width_unit=&#8221;on&#8221; use_custom_gutter=&#8221;off&#8221; allow_player_pause=&#8221;off&#8221; parallax=&#8221;off&#8221; parallax_method=&#8221;on&#8221; make_equal=&#8221;off&#8221; parallax_1=&#8221;off&#8221; parallax_method_1=&#8221;off&#8221; module_id=&#8221;bokaonline&#8221;][et_pb_column type=&#8221;4_4&#8243;][et_pb_text admin_label=&#8221;boka online&#8221; background_layout=&#8221;light&#8221; text_orientation=&#8221;left&#8221; use_border_color=&#8221;off&#8221; border_color=&#8221;#ffffff&#8221; border_style=&#8221;solid&#8221;]<\/p>\n<h1>Boka online h\u00e4r!<\/h1>\n<p><script async type=\"text\/javascript\" src=\"https:\/\/secured.sirvoy.com\/widget\/sirvoy.js\" data-form-id=\"53035d7653de3\"><\/script> [\/et_pb_text][\/et_pb_column][\/et_pb_row][\/et_pb_section][et_pb_section bb_built=&#8221;1&#8243; admin_label=&#8221;section&#8221; fullwidth=&#8221;off&#8221; background_color=&#8221;#d8c9aa&#8221; inner_shadow=&#8221;on&#8221; parallax=&#8221;off&#8221;][et_pb_row admin_label=&#8221;row&#8221;][et_pb_column type=&#8221;2_3&#8243;][et_pb_text admin_label=&#8221;Comments&#8221; background_layout=&#8221;light&#8221; text_orientation=&#8221;left&#8221;]<\/p>\n<p><em>\u201dLiten mysig stuga med fr\u00e4scha nya s\u00e4ngkl\u00e4der (stort plus) och till ett bra pris f\u00f6r ton\u00e5rs<\/em><em>familjen. Supergo familj som \u00e4ger Backlunds, dom k\u00e4ndes mycket proffsiga. Kommer g\u00e4rna tillbaka och bor d\u00e5 g\u00e4rna i den vackra gamla skolan med underbar utsikt\u201d<\/em><\/p>\n<p><em>\u201cWe had a perfect stay here and will be back! Marie looked after us perfectly with a great welcome, breakfasts and excellent advice. The cottage we stayed in was in a perfect position by the Lake and was very comfortable. The location is perfect for seeing the best of Dalarna\u201d<\/em><\/p>\n<p><em>\u201cV\u00e5r korta vistelse p\u00e5 Backlunds boende blev mycket speciellt och trevligt, fr\u00e5n ankomst till avf\u00e4rd. Vi hade absolut inga f\u00f6rv\u00e4ntningar; &#8220;Hur bra kan det vara om det \u00e4r s\u00e5 billigt?&#8221; t\u00e4nkte vi. Jo, uppenbarligen ovanligt trevligt. Bem\u00f6tande i toppklass med massor av omsorg fr\u00e5n b\u00e5de v\u00e4rd och v\u00e4rdinna. Inte bara kommer VI \u00e5ter, vi kommer \u00e4ven rekommendera det till v\u00e5ra v\u00e4nner och bekanta\u201d<\/em><\/p>\n<p>[\/et_pb_text][\/et_pb_column][et_pb_column type=&#8221;1_3&#8243;][et_pb_text admin_label=&#8221;Facebook&#8221; background_layout=&#8221;light&#8221; text_orientation=&#8221;left&#8221; use_border_color=&#8221;off&#8221; border_color=&#8221;#ffffff&#8221; border_style=&#8221;solid&#8221;]<\/p>\n<p><iframe loading=\"lazy\" style=\"background: none; border: currentColor; height: 290px; overflow: hidden;\" src=\"\/\/www.facebook.com\/plugins\/likebox.php?href=https%3A%2F%2Fwww.facebook.com%2FBacklundBoende&amp;width&amp;height=290&amp;colorscheme=light&amp;show_faces=true&amp;header=true&amp;stream=false&amp;show_border=true\" width=\"320\" height=\"240\" frameborder=\"0\" scrolling=\"no\"><\/iframe><\/p>\n<p>[\/et_pb_text][\/et_pb_column][\/et_pb_row][\/et_pb_section]<\/p>\n","protected":false},"excerpt":{"rendered":"<p>Willkommen in Backlunds Unterkunft in Vikarbyn &nbsp; Zimmer- und Ferienhausvermietung mit Bed and Breakfast oder Selbstversorger. Eine geschmackvoll eingerichtete Unterkunft mit Charme der alten Welt. Ruhige naturnahe Umgebung mit Blick auf den Siljansee. Besuchen Sie kulturelle Veranstaltungen und Beschreibungen. Pers\u00f6nliche Behandlung und eine erschwingliche Alternative. Erleben Sie Beschreibung, Natur, Kultur, Umwelt und Gleichm\u00e4\u00dfigkeit in unserer [&hellip;]<\/p>\n","protected":false},"author":1,"featured_media":0,"parent":0,"menu_order":0,"comment_status":"closed","ping_status":"open","template":"","meta":{"_et_pb_use_builder":"on","_et_pb_old_content":"","_et_gb_content_width":"","footnotes":""},"class_list":["post-419","page","type-page","status-publish","hentry"],"_links":{"self":[{"href":"http:\/\/www.vikarbyn.com\/de\/wp-json\/wp\/v2\/pages\/419","targetHints":{"allow":["GET"]}}],"collection":[{"href":"http:\/\/www.vikarbyn.com\/de\/wp-json\/wp\/v2\/pages"}],"about":[{"href":"http:\/\/www.vikarbyn.com\/de\/wp-json\/wp\/v2\/types\/page"}],"author":[{"embeddable":true,"href":"http:\/\/www.vikarbyn.com\/de\/wp-json\/wp\/v2\/users\/1"}],"replies":[{"embeddable":true,"href":"http:\/\/www.vikarbyn.com\/de\/wp-json\/wp\/v2\/comments?post=419"}],"version-history":[{"count":76,"href":"http:\/\/www.vikarbyn.com\/de\/wp-json\/wp\/v2\/pages\/419\/revisions"}],"predecessor-version":[{"id":3176,"href":"http:\/\/www.vikarbyn.com\/de\/wp-json\/wp\/v2\/pages\/419\/revisions\/3176"}],"wp:attachment":[{"href":"http:\/\/www.vikarbyn.com\/de\/wp-json\/wp\/v2\/media?parent=419"}],"curies":[{"name":"wp","href":"https:\/\/api.w.org\/{rel}","templated":true}]}}