{"id":220,"date":"2024-05-11T07:11:32","date_gmt":"2024-05-11T05:11:32","guid":{"rendered":"http:\/\/www2.vikarbyn.com\/?page_id=220"},"modified":"2025-04-05T23:47:15","modified_gmt":"2025-04-05T21:47:15","slug":"evenemang","status":"publish","type":"page","link":"http:\/\/www.vikarbyn.com\/de\/evenemang\/","title":{"rendered":"Evenemang"},"content":{"rendered":"<p>[et_pb_section fb_built=&#8221;1&#8243; admin_label=&#8221;section&#8221; _builder_version=&#8221;4.16&#8243; global_colors_info=&#8221;{}&#8221;][et_pb_row admin_label=&#8221;row&#8221; _builder_version=&#8221;4.16&#8243; background_size=&#8221;initial&#8221; background_position=&#8221;top_left&#8221; background_repeat=&#8221;repeat&#8221; global_colors_info=&#8221;{}&#8221; column_structure=&#8221;2_3,1_3&#8243;][et_pb_column type=&#8221;2_3&#8243; _builder_version=&#8221;4.16&#8243; custom_padding=&#8221;|||&#8221; global_colors_info=&#8221;{}&#8221; custom_padding__hover=&#8221;|||&#8221;][et_pb_text admin_label=&#8221;Text&#8221; _builder_version=&#8221;4.27.4&#8243; background_size=&#8221;initial&#8221; background_position=&#8221;top_left&#8221; background_repeat=&#8221;repeat&#8221; hover_enabled=&#8221;0&#8243; use_border_color=&#8221;off&#8221; border_color=&#8221;#ffffff&#8221; border_style=&#8221;solid&#8221; global_colors_info=&#8221;{}&#8221; sticky_enabled=&#8221;0&#8243;]<\/p>\n<h1 data-start=\"188\" data-end=\"235\">Evenemang i Vikarbyn och R\u00e4ttvik med omnejd<\/h1>\n<p data-start=\"237\" data-end=\"453\" class=\"\">R\u00e4ttvik bjuder p\u00e5 ett levande evenemangs\u00e5r d\u00e4r du kan uppleva allt fr\u00e5n sn\u00f6skor och matmarknader till cykellopp, konstvandringar och v\u00e4rldsstj\u00e4rnor p\u00e5 Dalhalla. H\u00e4r \u00e4r n\u00e5gra h\u00f6jdpunkter du inte vill missa under \u00e5ret!<\/p>\n<p data-start=\"455\" data-end=\"594\" class=\"\">F\u00f6r fler tips och uppdateringar:<br data-start=\"490\" data-end=\"493\" \/><a data-start=\"493\" data-end=\"542\" rel=\"noopener\" target=\"_new\" class=\"\" href=\"http:\/\/www.visitrattvik.se\">www.visitrattvik.se<\/a> | <a data-start=\"545\" data-end=\"594\" rel=\"noopener\" target=\"_new\" class=\"\" href=\"http:\/\/www.visitdalarna.se\/evenemang\">www.visitdalarna.se<\/a><\/p>\n<hr data-start=\"596\" data-end=\"599\" class=\"\" \/>\n<h2 data-start=\"601\" data-end=\"628\"><strong data-start=\"608\" data-end=\"628\">V\u00e5rens Evenemang<\/strong><\/h2>\n<p data-start=\"630\" data-end=\"856\" class=\"\"><strong data-start=\"630\" data-end=\"655\">Maj \u2013 R\u00e4ttviksmarknad<\/strong><br data-start=\"655\" data-end=\"658\" \/>En av Sveriges st\u00f6rsta och mest v\u00e4lbes\u00f6kta marknader! Hela R\u00e4ttvik f\u00f6rvandlas till en f\u00e4rgstark marknadsplats med \u00f6ver 100 000 bes\u00f6kare.<br data-start=\"794\" data-end=\"797\" \/><a data-start=\"801\" data-end=\"856\" rel=\"noopener\" target=\"_new\" class=\"\" href=\"http:\/\/www.rattviksmarknad.nu\">www.rattviksmarknad.nu<\/a><\/p>\n<p data-start=\"858\" data-end=\"1075\" class=\"\"><strong data-start=\"858\" data-end=\"882\">Maj \u2013 R\u00e4ttviksloppet<\/strong><br data-start=\"882\" data-end=\"885\" \/>10 km l\u00f6parfest f\u00f6r alla! Spring, jogga eller g\u00e5 genom centrala R\u00e4ttvik. Barnloppet &#8220;Lilla R\u00e4ttviksloppet&#8221; f\u00f6r alla upp till 13 \u00e5r.<br data-start=\"1016\" data-end=\"1019\" \/><a data-start=\"1022\" data-end=\"1075\" rel=\"noopener\" target=\"_new\" class=\"\" href=\"http:\/\/www.r%C3%A4ttviksloppet.se\">www.r\u00e4ttviksloppet.se<\/a><\/p>\n<p data-start=\"1077\" data-end=\"1255\" class=\"\"><strong data-start=\"1077\" data-end=\"1104\">Maj \u2013 Konst Runt Siljan<\/strong><br data-start=\"1104\" data-end=\"1107\" \/>Under Kristi Himmelsf\u00e4rdshelgen h\u00e5ller konstn\u00e4rer sina atelj\u00e9er \u00f6ppna runt hela Siljan.<br data-start=\"1194\" data-end=\"1197\" \/><a data-start=\"1200\" data-end=\"1255\" rel=\"noopener\" target=\"_new\" class=\"\" href=\"http:\/\/www.konstruntsiljan.se\">www.konstruntsiljan.se<\/a><\/p>\n<p data-start=\"1257\" data-end=\"1444\" class=\"\"><strong data-start=\"1257\" data-end=\"1281\">Maj \u2013 R\u00e4ttviksjakten<\/strong><br data-start=\"1281\" data-end=\"1284\" \/>Sp\u00e4nnande cykel\u00e4ventyr med karta och strategi! T\u00e4vla i lag p\u00e5 2\u20133 personer genom skogar och landskap.<br data-start=\"1385\" data-end=\"1388\" \/><a data-start=\"1391\" data-end=\"1444\" rel=\"noopener\" target=\"_new\" class=\"\" href=\"http:\/\/www.rattviksjakten.se\">www.rattviksjakten.se<\/a><\/p>\n<hr data-start=\"1446\" data-end=\"1449\" class=\"\" \/>\n<h2 data-start=\"1451\" data-end=\"1481\"><strong data-start=\"1458\" data-end=\"1481\">Sommarens Evenemang<\/strong><\/h2>\n<p data-start=\"1483\" data-end=\"1691\" class=\"\"><strong data-start=\"1483\" data-end=\"1526\">Vecka 27 (juni\/juli) \u2013 Musik vid Siljan<\/strong><br data-start=\"1526\" data-end=\"1529\" \/>En vecka fylld av konserter i unika milj\u00f6er med folkmusik, klassisk musik och spelmansst\u00e4mmor i byarna.<br data-start=\"1632\" data-end=\"1635\" \/><a data-start=\"1638\" data-end=\"1691\" rel=\"noopener\" target=\"_new\" class=\"\" href=\"http:\/\/www.musikvidsiljan.se\">www.musikvidsiljan.se<\/a><\/p>\n<p data-start=\"1693\" data-end=\"1897\" class=\"\"><strong data-start=\"1693\" data-end=\"1719\">Juli \u2013 M\u00f6rksuggejakten<\/strong><br data-start=\"1719\" data-end=\"1722\" \/>MTB-lopp i fantastisk natur. Barnloppet &#8220;Lilla M\u00f6rksuggejakten&#8221; (0,5\u201314 km) l\u00f6rdag, huvudloppet (45\/70 km) s\u00f6ndag.<br data-start=\"1836\" data-end=\"1839\" \/><a data-start=\"1842\" data-end=\"1897\" rel=\"noopener\" target=\"_new\" class=\"\" href=\"http:\/\/www.morksuggejakten.se\">www.morksuggejakten.se<\/a><\/p>\n<p data-start=\"1899\" data-end=\"2103\" class=\"\"><strong data-start=\"1899\" data-end=\"1930\">Vecka 31 \u2013 Classic Car Week<\/strong><br data-start=\"1930\" data-end=\"1933\" \/>Sveriges st\u00f6rsta biltr\u00e4ff! En hel vecka fylld med veteranbilar, cruisingar, musik och folkfest f\u00f6r alla \u00e5ldrar.<br data-start=\"2044\" data-end=\"2047\" \/><a data-start=\"2050\" data-end=\"2103\" rel=\"noopener\" target=\"_new\" class=\"\" href=\"http:\/\/www.classiccarweek.se\">www.classiccarweek.se<\/a><\/p>\n<p data-start=\"2105\" data-end=\"2270\" class=\"\"><strong data-start=\"2105\" data-end=\"2134\">Juni\u2013september \u2013 Dalhalla<\/strong><br data-start=\"2134\" data-end=\"2137\" \/>Endast 7 km bort! V\u00e4rldsartister upptr\u00e4der i det gamla kalkbrottet med magisk akustik.<br data-start=\"2223\" data-end=\"2226\" \/><a data-start=\"2229\" data-end=\"2270\" rel=\"noopener\" target=\"_new\" class=\"\" href=\"http:\/\/www.dalhalla.se\">www.dalhalla.se<\/a><\/p>\n<p data-start=\"2272\" data-end=\"2433\" class=\"\"><strong data-start=\"2272\" data-end=\"2305\">Sommaren \u2013 Dalatravet R\u00e4ttvik<\/strong><br data-start=\"2305\" data-end=\"2308\" \/>Upplev sp\u00e4nningen med V75, Midsommartravet och m\u00e5ndagstrav under sommaren.<br data-start=\"2382\" data-end=\"2385\" \/><a data-start=\"2388\" data-end=\"2433\" rel=\"noopener\" target=\"_new\" class=\"\" href=\"http:\/\/www.dalatravet.se\">www.dalatravet.se<\/a><\/p>\n<hr data-start=\"2435\" data-end=\"2438\" class=\"\" \/>\n<h2 data-start=\"2440\" data-end=\"2468\"><strong data-start=\"2447\" data-end=\"2468\">H\u00f6stens Evenemang<\/strong><\/h2>\n<p data-start=\"2470\" data-end=\"2699\" class=\"\"><strong data-start=\"2470\" data-end=\"2501\">September \u2013 Mat Runt Siljan<\/strong><br data-start=\"2501\" data-end=\"2504\" \/>Lokal matfestival d\u00e4r g\u00e5rdar och restauranger bjuder in till smakupplevelser, djurm\u00f6ten och aktiviteter som barnridning och traktor\u00e5kning.<br data-start=\"2642\" data-end=\"2645\" \/><a data-start=\"2648\" data-end=\"2699\" rel=\"noopener\" target=\"_new\" class=\"\" href=\"http:\/\/www.matruntsiljan.nu\">www.matruntsiljan.nu<\/a><\/p>\n<p data-start=\"2701\" data-end=\"2892\" class=\"\"><strong data-start=\"2701\" data-end=\"2734\">September \u2013 Vandringsfestival<\/strong><br data-start=\"2734\" data-end=\"2737\" \/>Temavandringar med historia, natur och kultur. V\u00e4lj mellan krogvandring, strandvandring och mer.<br data-start=\"2833\" data-end=\"2836\" \/><a data-start=\"2839\" data-end=\"2892\" rel=\"noopener\" target=\"_new\" class=\"\" href=\"http:\/\/www.trapperservice.se\">www.trapperservice.se<\/a><\/p>\n<p data-start=\"2894\" data-end=\"3048\" class=\"\"><strong data-start=\"2894\" data-end=\"2928\">H\u00f6st \u2013 R\u00e4ttviksmarknad (igen!)<\/strong><br data-start=\"2928\" data-end=\"2931\" \/>Marknaden \u00e5terkommer p\u00e5 h\u00f6sten \u2013 lika stor, lika livlig!<br data-start=\"2987\" data-end=\"2990\" \/><a data-start=\"2993\" data-end=\"3048\" rel=\"noopener\" target=\"_new\" class=\"\" href=\"http:\/\/www.rattviksmarknad.nu\">www.rattviksmarknad.nu<\/a><\/p>\n<hr data-start=\"3050\" data-end=\"3053\" class=\"\" \/>\n<p data-start=\"3055\" data-end=\"3211\" class=\"\">Vill du kombinera din vistelse med ett evenemang? Fr\u00e5ga oss g\u00e4rna om tips eller bokningshj\u00e4lp \u2013 vi hj\u00e4lper dig g\u00e4rna att planera din vistelse p\u00e5 b\u00e4sta s\u00e4tt!<\/p>\n<p>[\/et_pb_text][\/et_pb_column][et_pb_column type=&#8221;1_3&#8243; _builder_version=&#8221;4.16&#8243; custom_padding=&#8221;|||&#8221; global_colors_info=&#8221;{}&#8221; custom_padding__hover=&#8221;|||&#8221;][et_pb_gallery _builder_version=&#8221;4.27.4&#8243; _module_preset=&#8221;default&#8221; gallery_ids=&#8221;212&#8243; hover_enabled=&#8221;0&#8243; sticky_enabled=&#8221;0&#8243; show_title_and_caption=&#8221;off&#8221; show_pagination=&#8221;off&#8221;][\/et_pb_gallery][\/et_pb_column][\/et_pb_row][et_pb_row _builder_version=&#8221;4.27.4&#8243; _module_preset=&#8221;default&#8221;][et_pb_column _builder_version=&#8221;4.27.4&#8243; _module_preset=&#8221;default&#8221; type=&#8221;4_4&#8243;][et_pb_text _builder_version=&#8221;4.27.4&#8243; _module_preset=&#8221;default&#8221; hover_enabled=&#8221;0&#8243; sticky_enabled=&#8221;0&#8243;]<\/p>\n<script async type=\"text\/javascript\" src=\"https:\/\/secured.sirvoy.com\/widget\/sirvoy.js\" data-form-id=\"53035d7653de3\"><\/script>\n<p>[\/et_pb_text][\/et_pb_column][\/et_pb_row][\/et_pb_section]<\/p>\n","protected":false},"excerpt":{"rendered":"<p>Evenemang i Vikarbyn och R\u00e4ttvik med omnejd R\u00e4ttvik bjuder p\u00e5 ett levande evenemangs\u00e5r d\u00e4r du kan uppleva allt fr\u00e5n sn\u00f6skor och matmarknader till cykellopp, konstvandringar och v\u00e4rldsstj\u00e4rnor p\u00e5 Dalhalla. H\u00e4r \u00e4r n\u00e5gra h\u00f6jdpunkter du inte vill missa under \u00e5ret! F\u00f6r fler tips och uppdateringar:www.visitrattvik.se | www.visitdalarna.se V\u00e5rens Evenemang Maj \u2013 R\u00e4ttviksmarknadEn av Sveriges st\u00f6rsta och [&hellip;]<\/p>\n","protected":false},"author":1,"featured_media":0,"parent":0,"menu_order":0,"comment_status":"open","ping_status":"closed","template":"","meta":{"_et_pb_use_builder":"on","_et_pb_old_content":"","_et_gb_content_width":"","footnotes":""},"class_list":["post-220","page","type-page","status-publish","hentry"],"_links":{"self":[{"href":"http:\/\/www.vikarbyn.com\/de\/wp-json\/wp\/v2\/pages\/220","targetHints":{"allow":["GET"]}}],"collection":[{"href":"http:\/\/www.vikarbyn.com\/de\/wp-json\/wp\/v2\/pages"}],"about":[{"href":"http:\/\/www.vikarbyn.com\/de\/wp-json\/wp\/v2\/types\/page"}],"author":[{"embeddable":true,"href":"http:\/\/www.vikarbyn.com\/de\/wp-json\/wp\/v2\/users\/1"}],"replies":[{"embeddable":true,"href":"http:\/\/www.vikarbyn.com\/de\/wp-json\/wp\/v2\/comments?post=220"}],"version-history":[{"count":69,"href":"http:\/\/www.vikarbyn.com\/de\/wp-json\/wp\/v2\/pages\/220\/revisions"}],"predecessor-version":[{"id":3732,"href":"http:\/\/www.vikarbyn.com\/de\/wp-json\/wp\/v2\/pages\/220\/revisions\/3732"}],"wp:attachment":[{"href":"http:\/\/www.vikarbyn.com\/de\/wp-json\/wp\/v2\/media?parent=220"}],"curies":[{"name":"wp","href":"https:\/\/api.w.org\/{rel}","templated":true}]}}